{"id":18437,"date":"2025-07-16T10:51:50","date_gmt":"2025-07-16T08:51:50","guid":{"rendered":"https:\/\/uj.adatbank.ro\/lexikon\/termek\/pop-filip-2\/"},"modified":"2025-07-16T10:51:50","modified_gmt":"2025-07-16T08:51:50","slug":"pop-filip-2","status":"publish","type":"product","link":"https:\/\/uj.adatbank.ro\/lexikon\/termek\/pop-filip-2\/","title":{"rendered":"POP, Filip"},"content":{"rendered":"<p>K\u00e1sva, 1907. febr. 13., \u2020 K\u00e1sva, 1993. jan. 4.: tan\u00e1r; g. kat. pap. \u2013 Elemi iskol\u00e1t sz\u00fcl\u0151faluj\u00e1ban, k\u00f6z\u00e9piskol\u00e1t a mv.-i \u201eAl. Papiu Ilarian\u201d L\u00edc.-ban v\u00e9gezte (1919\u201327). Bal\u00e1zsfalv\u00e1n teol\u00f3gi\u00e1t tanult, Buk.-be k\u00fcldt\u00e9k egyetemre, ahol fizika-k\u00e9mi\u00e1b\u00f3l diplom\u00e1zott (1937). Kinevezt\u00e9k helyettes tan\u00e1rnak Bal\u00e1zsfalv\u00e1ra (1931\u2013), n\u00f6tlen\u00fcl papp\u00e1 szentelt\u00e9k (1934), itt tan\u00edt\u00f3k\u00e9pz\u0151i tan\u00e1r (1938\u201345), majd Nasz\u00f3don (1946\u201347), \u00fajra Bal\u00e1zsfalv\u00e1n (1947\u201348), Fogarason (1948\u201351). Hite miatt letart\u00f3ztatt\u00e1k \u00e9s beb\u00f6rt\u00f6n\u00f6zt\u00e9k (1951\u201355). Tan\u00e1rnak nevezt\u00e9k ki Dics\u0151szentm\u00e1rtonban az Al Sahia Liceumban (1956\u201357), majd k\u00e9mikus az \u00e1llami k\u00f3rh\u00e1z laborat\u00f3rium\u00e1ban nyugd\u00edjaz\u00e1s\u00e1ig (1957\u201369). Cikkeket k\u00f6z\u00f6lt a Blajul \u2013ban. Sz\u00fcl\u0151faluj\u00e1ba vonult vissza. <br \/><strong>Irod.:<\/strong> Com\u015fa\u2013Seiceanu; \u015eerban 2006; Todea 2013<\/br><\/p>\n","protected":false},"excerpt":{"rendered":"<p>K\u00e1sva, 1907. febr. 13., \u2020 K\u00e1sva, 1993. jan. 4.: tan\u00e1r; g. kat. pap. \u2013 Elemi iskol\u00e1t sz\u00fcl\u0151faluj\u00e1ban, k\u00f6z\u00e9piskol\u00e1t a mv.-i \u201eAl. Papiu Ilarian\u201d L\u00edc.-ban v\u00e9gezte (1919\u201327). Bal\u00e1zsfalv\u00e1n teol\u00f3gi\u00e1t tanult, Buk.-be k\u00fcldt\u00e9k egyetemre, ahol fizika-k\u00e9mi\u00e1b\u00f3l diplom\u00e1zott (1937). Kinevezt\u00e9k helyettes tan\u00e1rnak Bal\u00e1zsfalv\u00e1ra (1931\u2013), n\u00f6tlen\u00fcl papp\u00e1 szentelt\u00e9k (1934), itt tan\u00edt\u00f3k\u00e9pz\u0151i tan\u00e1r (1938\u201345), majd Nasz\u00f3don (1946\u201347), \u00fajra Bal\u00e1zsfalv\u00e1n (1947\u201348), [&hellip;]<\/p>\n","protected":false},"featured_media":0,"comment_status":"open","ping_status":"closed","template":"","meta":[],"product_brand":[],"product_cat":[137],"product_tag":[],"class_list":{"0":"post-18437","1":"product","2":"type-product","3":"status-publish","5":"product_cat-maros-megyei-eletrajzi-lexikon","7":"first","8":"instock","9":"shipping-taxable","10":"product-type-simple"},"_links":{"self":[{"href":"https:\/\/uj.adatbank.ro\/lexikon\/wp-json\/wp\/v2\/product\/18437","targetHints":{"allow":["GET"]}}],"collection":[{"href":"https:\/\/uj.adatbank.ro\/lexikon\/wp-json\/wp\/v2\/product"}],"about":[{"href":"https:\/\/uj.adatbank.ro\/lexikon\/wp-json\/wp\/v2\/types\/product"}],"replies":[{"embeddable":true,"href":"https:\/\/uj.adatbank.ro\/lexikon\/wp-json\/wp\/v2\/comments?post=18437"}],"wp:attachment":[{"href":"https:\/\/uj.adatbank.ro\/lexikon\/wp-json\/wp\/v2\/media?parent=18437"}],"wp:term":[{"taxonomy":"product_brand","embeddable":true,"href":"https:\/\/uj.adatbank.ro\/lexikon\/wp-json\/wp\/v2\/product_brand?post=18437"},{"taxonomy":"product_cat","embeddable":true,"href":"https:\/\/uj.adatbank.ro\/lexikon\/wp-json\/wp\/v2\/product_cat?post=18437"},{"taxonomy":"product_tag","embeddable":true,"href":"https:\/\/uj.adatbank.ro\/lexikon\/wp-json\/wp\/v2\/product_tag?post=18437"}],"curies":[{"name":"wp","href":"https:\/\/api.w.org\/{rel}","templated":true}]}}