{"id":18439,"date":"2025-07-16T10:51:55","date_gmt":"2025-07-16T08:51:55","guid":{"rendered":"https:\/\/uj.adatbank.ro\/lexikon\/termek\/pop-florentin\/"},"modified":"2025-07-16T10:51:55","modified_gmt":"2025-07-16T08:51:55","slug":"pop-florentin","status":"publish","type":"product","link":"https:\/\/uj.adatbank.ro\/lexikon\/termek\/pop-florentin\/","title":{"rendered":"POP, Florentin"},"content":{"rendered":"<p>Papiu Ilarian k\u00f6zs\u00e9g, ? \u2020 ?: g.kat. pap. \u2013 Vasile Suciu p\u00fcsp\u00f6k szentelte papp\u00e1 (1930. nov.16.). Csekelak\u00e1ra helyezt\u00e9k (1930. nov.\u2013). <br \/><strong>Irod.:<\/strong> A\u0163inti\u015f<\/br><\/p>\n","protected":false},"excerpt":{"rendered":"<p>Papiu Ilarian k\u00f6zs\u00e9g, ? \u2020 ?: g.kat. pap. \u2013 Vasile Suciu p\u00fcsp\u00f6k szentelte papp\u00e1 (1930. nov.16.). Csekelak\u00e1ra helyezt\u00e9k (1930. nov.\u2013). Irod.: A\u0163inti\u015f<\/p>\n","protected":false},"featured_media":0,"comment_status":"open","ping_status":"closed","template":"","meta":[],"product_brand":[],"product_cat":[137],"product_tag":[],"class_list":{"0":"post-18439","1":"product","2":"type-product","3":"status-publish","5":"product_cat-maros-megyei-eletrajzi-lexikon","7":"first","8":"instock","9":"shipping-taxable","10":"product-type-simple"},"_links":{"self":[{"href":"https:\/\/uj.adatbank.ro\/lexikon\/wp-json\/wp\/v2\/product\/18439","targetHints":{"allow":["GET"]}}],"collection":[{"href":"https:\/\/uj.adatbank.ro\/lexikon\/wp-json\/wp\/v2\/product"}],"about":[{"href":"https:\/\/uj.adatbank.ro\/lexikon\/wp-json\/wp\/v2\/types\/product"}],"replies":[{"embeddable":true,"href":"https:\/\/uj.adatbank.ro\/lexikon\/wp-json\/wp\/v2\/comments?post=18439"}],"wp:attachment":[{"href":"https:\/\/uj.adatbank.ro\/lexikon\/wp-json\/wp\/v2\/media?parent=18439"}],"wp:term":[{"taxonomy":"product_brand","embeddable":true,"href":"https:\/\/uj.adatbank.ro\/lexikon\/wp-json\/wp\/v2\/product_brand?post=18439"},{"taxonomy":"product_cat","embeddable":true,"href":"https:\/\/uj.adatbank.ro\/lexikon\/wp-json\/wp\/v2\/product_cat?post=18439"},{"taxonomy":"product_tag","embeddable":true,"href":"https:\/\/uj.adatbank.ro\/lexikon\/wp-json\/wp\/v2\/product_tag?post=18439"}],"curies":[{"name":"wp","href":"https:\/\/api.w.org\/{rel}","templated":true}]}}