{"id":1844,"date":"2025-06-28T11:55:09","date_gmt":"2025-06-28T09:55:09","guid":{"rendered":"https:\/\/uj.adatbank.ro\/lexikon\/termek\/baia-viorel\/"},"modified":"2025-06-28T11:55:09","modified_gmt":"2025-06-28T09:55:09","slug":"baia-viorel","status":"publish","type":"product","link":"https:\/\/uj.adatbank.ro\/lexikon\/termek\/baia-viorel\/","title":{"rendered":"BAIA Viorel"},"content":{"rendered":"<p>Bonyha, 1916. m\u00e1rc. 7., \u2020 Nagyk\u00e1roly, 1944. okt. 25.: tartal\u00e9kos hadnagy. \u2013 Tanult Mv.-en \u00e9s Bal\u00e1zsfalv\u00e1n. Tan\u00edt\u00f3 volt Mv.-en (1934\u201338), ezzel egy-id\u0151ben v\u00e9gezte a kv.-i Zeneakad\u00e9mi\u00e1t. R\u00e9szt vett a Marosorb\u00f3i csat\u00e1ban (1944), valamint a Sz\u00e1szr\u00e9gen-k\u00f6rny\u00e9ki falvak (Fels\u0151k\u00f6h\u00e9r, G\u00f6rg\u00e9nyn\u00e1das, B\u00f6lk\u00e9ny, Oroszi) felszabad\u00edt\u00e1s\u00e1ban. Harci \u00e9rdemei\u00e9rt magasrang\u00fa kit\u00fcntet\u00e9st kapott. <br \/><strong>Irod.:<\/strong> MMK; Suciu<\/br><\/p>\n","protected":false},"excerpt":{"rendered":"<p>Bonyha, 1916. m\u00e1rc. 7., \u2020 Nagyk\u00e1roly, 1944. okt. 25.: tartal\u00e9kos hadnagy. \u2013 Tanult Mv.-en \u00e9s Bal\u00e1zsfalv\u00e1n. Tan\u00edt\u00f3 volt Mv.-en (1934\u201338), ezzel egy-id\u0151ben v\u00e9gezte a kv.-i Zeneakad\u00e9mi\u00e1t. R\u00e9szt vett a Marosorb\u00f3i csat\u00e1ban (1944), valamint a Sz\u00e1szr\u00e9gen-k\u00f6rny\u00e9ki falvak (Fels\u0151k\u00f6h\u00e9r, G\u00f6rg\u00e9nyn\u00e1das, B\u00f6lk\u00e9ny, Oroszi) felszabad\u00edt\u00e1s\u00e1ban. Harci \u00e9rdemei\u00e9rt magasrang\u00fa kit\u00fcntet\u00e9st kapott. Irod.: MMK; Suciu<\/p>\n","protected":false},"featured_media":0,"comment_status":"open","ping_status":"closed","template":"","meta":[],"product_brand":[],"product_cat":[137],"product_tag":[],"class_list":{"0":"post-1844","1":"product","2":"type-product","3":"status-publish","5":"product_cat-maros-megyei-eletrajzi-lexikon","7":"first","8":"instock","9":"shipping-taxable","10":"product-type-simple"},"_links":{"self":[{"href":"https:\/\/uj.adatbank.ro\/lexikon\/wp-json\/wp\/v2\/product\/1844","targetHints":{"allow":["GET"]}}],"collection":[{"href":"https:\/\/uj.adatbank.ro\/lexikon\/wp-json\/wp\/v2\/product"}],"about":[{"href":"https:\/\/uj.adatbank.ro\/lexikon\/wp-json\/wp\/v2\/types\/product"}],"replies":[{"embeddable":true,"href":"https:\/\/uj.adatbank.ro\/lexikon\/wp-json\/wp\/v2\/comments?post=1844"}],"wp:attachment":[{"href":"https:\/\/uj.adatbank.ro\/lexikon\/wp-json\/wp\/v2\/media?parent=1844"}],"wp:term":[{"taxonomy":"product_brand","embeddable":true,"href":"https:\/\/uj.adatbank.ro\/lexikon\/wp-json\/wp\/v2\/product_brand?post=1844"},{"taxonomy":"product_cat","embeddable":true,"href":"https:\/\/uj.adatbank.ro\/lexikon\/wp-json\/wp\/v2\/product_cat?post=1844"},{"taxonomy":"product_tag","embeddable":true,"href":"https:\/\/uj.adatbank.ro\/lexikon\/wp-json\/wp\/v2\/product_tag?post=1844"}],"curies":[{"name":"wp","href":"https:\/\/api.w.org\/{rel}","templated":true}]}}