{"id":18440,"date":"2025-07-16T10:51:56","date_gmt":"2025-07-16T08:51:56","guid":{"rendered":"https:\/\/uj.adatbank.ro\/lexikon\/termek\/pop-florian\/"},"modified":"2025-07-16T10:51:56","modified_gmt":"2025-07-16T08:51:56","slug":"pop-florian","status":"publish","type":"product","link":"https:\/\/uj.adatbank.ro\/lexikon\/termek\/pop-florian\/","title":{"rendered":"POP, Florian"},"content":{"rendered":"<p>? \u2020 ?: tan\u00edt\u00f3. \u2013 Igazgat\u00f3tan\u00edt\u00f3k\u00e9nt a sz\u00e1szr\u00e9geni g. kat. rom\u00e1n tannyelv\u0171 iskol\u00e1ban m\u0171k\u00f6d\u00f6tt (1924\u2013 47).-<br \/><strong>Irod.:<\/strong> Costea 1999<\/br><\/p>\n","protected":false},"excerpt":{"rendered":"<p>? \u2020 ?: tan\u00edt\u00f3. \u2013 Igazgat\u00f3tan\u00edt\u00f3k\u00e9nt a sz\u00e1szr\u00e9geni g. kat. rom\u00e1n tannyelv\u0171 iskol\u00e1ban m\u0171k\u00f6d\u00f6tt (1924\u2013 47).-Irod.: Costea 1999<\/p>\n","protected":false},"featured_media":0,"comment_status":"open","ping_status":"closed","template":"","meta":[],"product_brand":[],"product_cat":[137],"product_tag":[],"class_list":{"0":"post-18440","1":"product","2":"type-product","3":"status-publish","5":"product_cat-maros-megyei-eletrajzi-lexikon","7":"first","8":"instock","9":"shipping-taxable","10":"product-type-simple"},"_links":{"self":[{"href":"https:\/\/uj.adatbank.ro\/lexikon\/wp-json\/wp\/v2\/product\/18440","targetHints":{"allow":["GET"]}}],"collection":[{"href":"https:\/\/uj.adatbank.ro\/lexikon\/wp-json\/wp\/v2\/product"}],"about":[{"href":"https:\/\/uj.adatbank.ro\/lexikon\/wp-json\/wp\/v2\/types\/product"}],"replies":[{"embeddable":true,"href":"https:\/\/uj.adatbank.ro\/lexikon\/wp-json\/wp\/v2\/comments?post=18440"}],"wp:attachment":[{"href":"https:\/\/uj.adatbank.ro\/lexikon\/wp-json\/wp\/v2\/media?parent=18440"}],"wp:term":[{"taxonomy":"product_brand","embeddable":true,"href":"https:\/\/uj.adatbank.ro\/lexikon\/wp-json\/wp\/v2\/product_brand?post=18440"},{"taxonomy":"product_cat","embeddable":true,"href":"https:\/\/uj.adatbank.ro\/lexikon\/wp-json\/wp\/v2\/product_cat?post=18440"},{"taxonomy":"product_tag","embeddable":true,"href":"https:\/\/uj.adatbank.ro\/lexikon\/wp-json\/wp\/v2\/product_tag?post=18440"}],"curies":[{"name":"wp","href":"https:\/\/api.w.org\/{rel}","templated":true}]}}