{"id":18441,"date":"2025-07-16T10:51:58","date_gmt":"2025-07-16T08:51:58","guid":{"rendered":"https:\/\/uj.adatbank.ro\/lexikon\/termek\/pop-gavrila-popa-gabor\/"},"modified":"2025-07-16T10:51:58","modified_gmt":"2025-07-16T08:51:58","slug":"pop-gavrila-popa-gabor","status":"publish","type":"product","link":"https:\/\/uj.adatbank.ro\/lexikon\/termek\/pop-gavrila-popa-gabor\/","title":{"rendered":"POP, Gavril\u0103, Popa G\u00e1bor"},"content":{"rendered":"<p>? \u2020 ?: k\u00e1ntortan\u00edt\u00f3. \u2013 Marosszentgy\u00f6rgy\u00f6n a rom\u00e1n tannyelv\u0171 ort. iskol\u00e1ban tan\u00edtott (1778\u201382). <br \/><strong>Irod.:<\/strong> S\u00e2ngeorgiu de Mure\u015f \u2013 \u015ecoala<\/br><\/p>\n","protected":false},"excerpt":{"rendered":"<p>? \u2020 ?: k\u00e1ntortan\u00edt\u00f3. \u2013 Marosszentgy\u00f6rgy\u00f6n a rom\u00e1n tannyelv\u0171 ort. iskol\u00e1ban tan\u00edtott (1778\u201382). Irod.: S\u00e2ngeorgiu de Mure\u015f \u2013 \u015ecoala<\/p>\n","protected":false},"featured_media":0,"comment_status":"open","ping_status":"closed","template":"","meta":[],"product_brand":[],"product_cat":[137],"product_tag":[],"class_list":{"0":"post-18441","1":"product","2":"type-product","3":"status-publish","5":"product_cat-maros-megyei-eletrajzi-lexikon","7":"first","8":"instock","9":"shipping-taxable","10":"product-type-simple"},"_links":{"self":[{"href":"https:\/\/uj.adatbank.ro\/lexikon\/wp-json\/wp\/v2\/product\/18441","targetHints":{"allow":["GET"]}}],"collection":[{"href":"https:\/\/uj.adatbank.ro\/lexikon\/wp-json\/wp\/v2\/product"}],"about":[{"href":"https:\/\/uj.adatbank.ro\/lexikon\/wp-json\/wp\/v2\/types\/product"}],"replies":[{"embeddable":true,"href":"https:\/\/uj.adatbank.ro\/lexikon\/wp-json\/wp\/v2\/comments?post=18441"}],"wp:attachment":[{"href":"https:\/\/uj.adatbank.ro\/lexikon\/wp-json\/wp\/v2\/media?parent=18441"}],"wp:term":[{"taxonomy":"product_brand","embeddable":true,"href":"https:\/\/uj.adatbank.ro\/lexikon\/wp-json\/wp\/v2\/product_brand?post=18441"},{"taxonomy":"product_cat","embeddable":true,"href":"https:\/\/uj.adatbank.ro\/lexikon\/wp-json\/wp\/v2\/product_cat?post=18441"},{"taxonomy":"product_tag","embeddable":true,"href":"https:\/\/uj.adatbank.ro\/lexikon\/wp-json\/wp\/v2\/product_tag?post=18441"}],"curies":[{"name":"wp","href":"https:\/\/api.w.org\/{rel}","templated":true}]}}