{"id":18444,"date":"2025-07-16T10:52:04","date_gmt":"2025-07-16T08:52:04","guid":{"rendered":"https:\/\/uj.adatbank.ro\/lexikon\/termek\/pop-gheorghe\/"},"modified":"2025-07-16T10:52:04","modified_gmt":"2025-07-16T08:52:04","slug":"pop-gheorghe","status":"publish","type":"product","link":"https:\/\/uj.adatbank.ro\/lexikon\/termek\/pop-gheorghe\/","title":{"rendered":"POP, Gheorghe"},"content":{"rendered":"<p>Vajdakuta, 1842., \u2020 ? : p\u00e9nz\u00fcgyi szakember. \u2013 Jogot Szebenben tanult, p\u00e9nz\u00fcgyi gyakornok volt a szebeni p\u00e9nz\u00fcgyi igazgat\u00f3s\u00e1gon (1867), p\u00e9nz\u00fcgyi tan\u00e1csos Kv.-on (1870), majd a f\u00fcldm\u00e9r\u0151 int\u00e9zetben Gyulafef\u00e9rv\u00e1ron (1875\u2013) Nagyenyeden tan\u00e1csos \u00e9s p\u00e9nz\u00fcgyi igazgat\u00f3 (1889\u2013), Ny\u00edregyh\u00e1z\u00e1ra helyezt\u00e9k (1894\u2013), itt kir\u00e1lyi tan\u00e1csos lett (1897). T\u00f6bb \u00edr\u00e1sa jelent meg rom\u00e1n \u00e9s magyar nyelven. \u2013 <strong>F. m.:<\/strong> Indreptar practic \u00een toate afacerile financiare (1878); Ecuivalentul (1880); Eggyenes ad\u00f3k; B\u00e9lyeg \u00e9s jogillet\u00e9kek. <br \/><strong>Irod.:<\/strong> Predescu<\/br><\/p>\n","protected":false},"excerpt":{"rendered":"<p>Vajdakuta, 1842., \u2020 ? : p\u00e9nz\u00fcgyi szakember. \u2013 Jogot Szebenben tanult, p\u00e9nz\u00fcgyi gyakornok volt a szebeni p\u00e9nz\u00fcgyi igazgat\u00f3s\u00e1gon (1867), p\u00e9nz\u00fcgyi tan\u00e1csos Kv.-on (1870), majd a f\u00fcldm\u00e9r\u0151 int\u00e9zetben Gyulafef\u00e9rv\u00e1ron (1875\u2013) Nagyenyeden tan\u00e1csos \u00e9s p\u00e9nz\u00fcgyi igazgat\u00f3 (1889\u2013), Ny\u00edregyh\u00e1z\u00e1ra helyezt\u00e9k (1894\u2013), itt kir\u00e1lyi tan\u00e1csos lett (1897). T\u00f6bb \u00edr\u00e1sa jelent meg rom\u00e1n \u00e9s magyar nyelven. \u2013 F. m.: Indreptar [&hellip;]<\/p>\n","protected":false},"featured_media":0,"comment_status":"open","ping_status":"closed","template":"","meta":[],"product_brand":[],"product_cat":[137],"product_tag":[],"class_list":{"0":"post-18444","1":"product","2":"type-product","3":"status-publish","5":"product_cat-maros-megyei-eletrajzi-lexikon","7":"first","8":"instock","9":"shipping-taxable","10":"product-type-simple"},"_links":{"self":[{"href":"https:\/\/uj.adatbank.ro\/lexikon\/wp-json\/wp\/v2\/product\/18444","targetHints":{"allow":["GET"]}}],"collection":[{"href":"https:\/\/uj.adatbank.ro\/lexikon\/wp-json\/wp\/v2\/product"}],"about":[{"href":"https:\/\/uj.adatbank.ro\/lexikon\/wp-json\/wp\/v2\/types\/product"}],"replies":[{"embeddable":true,"href":"https:\/\/uj.adatbank.ro\/lexikon\/wp-json\/wp\/v2\/comments?post=18444"}],"wp:attachment":[{"href":"https:\/\/uj.adatbank.ro\/lexikon\/wp-json\/wp\/v2\/media?parent=18444"}],"wp:term":[{"taxonomy":"product_brand","embeddable":true,"href":"https:\/\/uj.adatbank.ro\/lexikon\/wp-json\/wp\/v2\/product_brand?post=18444"},{"taxonomy":"product_cat","embeddable":true,"href":"https:\/\/uj.adatbank.ro\/lexikon\/wp-json\/wp\/v2\/product_cat?post=18444"},{"taxonomy":"product_tag","embeddable":true,"href":"https:\/\/uj.adatbank.ro\/lexikon\/wp-json\/wp\/v2\/product_tag?post=18444"}],"curies":[{"name":"wp","href":"https:\/\/api.w.org\/{rel}","templated":true}]}}