{"id":18445,"date":"2025-07-16T10:52:06","date_gmt":"2025-07-16T08:52:06","guid":{"rendered":"https:\/\/uj.adatbank.ro\/lexikon\/termek\/pop-gheorghe-2\/"},"modified":"2025-07-16T10:52:06","modified_gmt":"2025-07-16T08:52:06","slug":"pop-gheorghe-2","status":"publish","type":"product","link":"https:\/\/uj.adatbank.ro\/lexikon\/termek\/pop-gheorghe-2\/","title":{"rendered":"POP, Gheorghe"},"content":{"rendered":"<p>Sz\u00e9kelymoson, 1901. m\u00e1rc. 22., \u2020 Segesv\u00e1r, 1944. okt. 1.: \u00f6nk\u00e9ntes katona. \u2013 Mv.-en volt katona egy honv\u00e9dezredn\u00e9l (1940\u201344), megsz\u00f6k\u00f6tt (1944. aug. 23 ut\u00e1n); be\u00e1llt a 7. rom\u00e1n hegyivad\u00e1sz z\u00e1szl\u00f3aljhoz, r\u00e9szt vett a Mv. felszabad\u00edt\u00e1s\u00e1\u00e9rt v\u00edvott harcokban (1944. szept 18\u2013) megsebes\u00fclt (szept. 27) \u00e9s a segesv\u00e1ri k\u00f3rh\u00e1zban meg halt. <br \/><strong>Irod.:<\/strong> MMK<\/br><\/p>\n","protected":false},"excerpt":{"rendered":"<p>Sz\u00e9kelymoson, 1901. m\u00e1rc. 22., \u2020 Segesv\u00e1r, 1944. okt. 1.: \u00f6nk\u00e9ntes katona. \u2013 Mv.-en volt katona egy honv\u00e9dezredn\u00e9l (1940\u201344), megsz\u00f6k\u00f6tt (1944. aug. 23 ut\u00e1n); be\u00e1llt a 7. rom\u00e1n hegyivad\u00e1sz z\u00e1szl\u00f3aljhoz, r\u00e9szt vett a Mv. felszabad\u00edt\u00e1s\u00e1\u00e9rt v\u00edvott harcokban (1944. szept 18\u2013) megsebes\u00fclt (szept. 27) \u00e9s a segesv\u00e1ri k\u00f3rh\u00e1zban meg halt. Irod.: MMK<\/p>\n","protected":false},"featured_media":0,"comment_status":"open","ping_status":"closed","template":"","meta":[],"product_brand":[],"product_cat":[137],"product_tag":[],"class_list":{"0":"post-18445","1":"product","2":"type-product","3":"status-publish","5":"product_cat-maros-megyei-eletrajzi-lexikon","7":"first","8":"instock","9":"shipping-taxable","10":"product-type-simple"},"_links":{"self":[{"href":"https:\/\/uj.adatbank.ro\/lexikon\/wp-json\/wp\/v2\/product\/18445","targetHints":{"allow":["GET"]}}],"collection":[{"href":"https:\/\/uj.adatbank.ro\/lexikon\/wp-json\/wp\/v2\/product"}],"about":[{"href":"https:\/\/uj.adatbank.ro\/lexikon\/wp-json\/wp\/v2\/types\/product"}],"replies":[{"embeddable":true,"href":"https:\/\/uj.adatbank.ro\/lexikon\/wp-json\/wp\/v2\/comments?post=18445"}],"wp:attachment":[{"href":"https:\/\/uj.adatbank.ro\/lexikon\/wp-json\/wp\/v2\/media?parent=18445"}],"wp:term":[{"taxonomy":"product_brand","embeddable":true,"href":"https:\/\/uj.adatbank.ro\/lexikon\/wp-json\/wp\/v2\/product_brand?post=18445"},{"taxonomy":"product_cat","embeddable":true,"href":"https:\/\/uj.adatbank.ro\/lexikon\/wp-json\/wp\/v2\/product_cat?post=18445"},{"taxonomy":"product_tag","embeddable":true,"href":"https:\/\/uj.adatbank.ro\/lexikon\/wp-json\/wp\/v2\/product_tag?post=18445"}],"curies":[{"name":"wp","href":"https:\/\/api.w.org\/{rel}","templated":true}]}}