{"id":18447,"date":"2025-07-16T10:52:09","date_gmt":"2025-07-16T08:52:09","guid":{"rendered":"https:\/\/uj.adatbank.ro\/lexikon\/termek\/pop-gheorghe-banu\/"},"modified":"2025-07-16T10:52:09","modified_gmt":"2025-07-16T08:52:09","slug":"pop-gheorghe-banu","status":"publish","type":"product","link":"https:\/\/uj.adatbank.ro\/lexikon\/termek\/pop-gheorghe-banu\/","title":{"rendered":"POP, Gheorghe-Banu"},"content":{"rendered":"<p>Ny\u00e1r\u00e1dt\u0151, 1890. j\u00fal. 27., \u2020\u00a0?\u00a0: gazd\u00e1lkod\u00f3. \u2013 Letart\u00f3ztatt\u00e1k (1959. szept. 19.), mivel r\u00e9szt vett a kollektiviz\u00e1l\u00e1s elleni ny\u00e1r\u00e1dt\u0151i megmozdul\u00e1sban. Ez\u00e9rt a MAT Katonai \u00dcgy\u00e9szs\u00e9ge b\u00edr\u00f3s\u00e1g el\u00e9 \u00e1ll\u00edtotta. \u2013 Irod: 1956 Erd\u00e9lyben<\/br><\/p>\n","protected":false},"excerpt":{"rendered":"<p>Ny\u00e1r\u00e1dt\u0151, 1890. j\u00fal. 27., \u2020\u00a0?\u00a0: gazd\u00e1lkod\u00f3. \u2013 Letart\u00f3ztatt\u00e1k (1959. szept. 19.), mivel r\u00e9szt vett a kollektiviz\u00e1l\u00e1s elleni ny\u00e1r\u00e1dt\u0151i megmozdul\u00e1sban. Ez\u00e9rt a MAT Katonai \u00dcgy\u00e9szs\u00e9ge b\u00edr\u00f3s\u00e1g el\u00e9 \u00e1ll\u00edtotta. \u2013 Irod: 1956 Erd\u00e9lyben<\/p>\n","protected":false},"featured_media":0,"comment_status":"open","ping_status":"closed","template":"","meta":[],"product_brand":[],"product_cat":[137],"product_tag":[],"class_list":{"0":"post-18447","1":"product","2":"type-product","3":"status-publish","5":"product_cat-maros-megyei-eletrajzi-lexikon","7":"first","8":"instock","9":"shipping-taxable","10":"product-type-simple"},"_links":{"self":[{"href":"https:\/\/uj.adatbank.ro\/lexikon\/wp-json\/wp\/v2\/product\/18447","targetHints":{"allow":["GET"]}}],"collection":[{"href":"https:\/\/uj.adatbank.ro\/lexikon\/wp-json\/wp\/v2\/product"}],"about":[{"href":"https:\/\/uj.adatbank.ro\/lexikon\/wp-json\/wp\/v2\/types\/product"}],"replies":[{"embeddable":true,"href":"https:\/\/uj.adatbank.ro\/lexikon\/wp-json\/wp\/v2\/comments?post=18447"}],"wp:attachment":[{"href":"https:\/\/uj.adatbank.ro\/lexikon\/wp-json\/wp\/v2\/media?parent=18447"}],"wp:term":[{"taxonomy":"product_brand","embeddable":true,"href":"https:\/\/uj.adatbank.ro\/lexikon\/wp-json\/wp\/v2\/product_brand?post=18447"},{"taxonomy":"product_cat","embeddable":true,"href":"https:\/\/uj.adatbank.ro\/lexikon\/wp-json\/wp\/v2\/product_cat?post=18447"},{"taxonomy":"product_tag","embeddable":true,"href":"https:\/\/uj.adatbank.ro\/lexikon\/wp-json\/wp\/v2\/product_tag?post=18447"}],"curies":[{"name":"wp","href":"https:\/\/api.w.org\/{rel}","templated":true}]}}