{"id":18451,"date":"2025-07-16T10:52:20","date_gmt":"2025-07-16T08:52:20","guid":{"rendered":"https:\/\/uj.adatbank.ro\/lexikon\/termek\/pop-gr-vasile\/"},"modified":"2025-07-16T10:52:20","modified_gmt":"2025-07-16T08:52:20","slug":"pop-gr-vasile","status":"publish","type":"product","link":"https:\/\/uj.adatbank.ro\/lexikon\/termek\/pop-gr-vasile\/","title":{"rendered":"POP, Gr. Vasile"},"content":{"rendered":"<p>Mez\u0151gerebenes, 1945. aug. 10., \u2020 Mez\u0151gerebenes, 2000. j\u00fal. 13.: matematikatan\u00e1r. \u2013 Elemi iskol\u00e1t a sz\u00fcl\u0151faluban, l\u00edc.-ot Marosludason (1959\u201363), tan\u00e1rk\u00e9pz\u0151 f\u0151iskol\u00e1t Kv.-on (1963\u201366), BBTE, matematika szakot v\u00e9gzett (1967\u201372). Kinevezett tan\u00e1r Mez\u0151gerebenesen (1966\u20132000). Tov\u00e1bbk\u00e9pz\u0151 tanfolyamai: v\u00e9gleges\u00edt\u0151 vizsga (1969), II.fokozati vizsga (1977), I.fokozati vizsga (1984). Profesor eviden\u0163iat kit\u00fcntet\u00e9sben r\u00e9szes\u00fclt (1978). Tal\u00e1lm\u00e1nyi szabadalmat nyert a Camere de ardere pentru motoare Diesel rapide c. tal\u00e1lm\u00e1ny\u00e1\u00e9rt (1989). Iskola igazgat\u00f3v\u00e1 nevezt\u00e9k ki Mez\u0151gerebenesen (1973\u201385), majd aligazgat\u00f3 lett (1985\u201389. dec. 31.), ezut\u00e1n koordon\u00e1l\u00f3 igazgat\u00f3 lett (1990\u20132000). Igazgat\u00f3k\u00e9nt b\u00edztos\u00edtotta a tan\u00edt\u00e1shoz sz\u00fcks\u00e9ges k\u00f6r\u00fclm\u00e9nyeket, hozz\u00e1j\u00e1rult az \u00faj iskola \u00e9p\u00fclet fel\u00e9p\u00edt\u00e9s\u00e9hez, leaszfaltoztatta a sportp\u00e1ly\u00e1t, matematika-fizika kabinettet l\u00e9tes\u00edtett, bevezetette a g\u00e1zt \u00e9s az iv\u00f3vizet a k\u00f6rzet iskol\u00e1iba, megszervezte a falu 700 \u00e9ves \u00e9s az iskola 245 \u00e9ves fenn\u00e1ll\u00e1s\u00e1nak \u00fcnneps\u00e9gsorozat\u00e1t, matematikai olimpi\u00e1szokon vett r\u00e9szt az iskola tanul\u00f3ival, a Tan\u00fcgyi Oszt\u00e1ly \u00f6nk\u00e9ntes metodist\u00e1ja, Maros megyei matematikai tan\u00e1rok pedag\u00f3giai k\u00f6r\u00e9nek felel\u0151se volt (1989\u20132000). <br \/><strong>Irod.:<\/strong> Grebeni\u015ful de C\u00e2mpie<\/br><\/p>\n","protected":false},"excerpt":{"rendered":"<p>Mez\u0151gerebenes, 1945. aug. 10., \u2020 Mez\u0151gerebenes, 2000. j\u00fal. 13.: matematikatan\u00e1r. \u2013 Elemi iskol\u00e1t a sz\u00fcl\u0151faluban, l\u00edc.-ot Marosludason (1959\u201363), tan\u00e1rk\u00e9pz\u0151 f\u0151iskol\u00e1t Kv.-on (1963\u201366), BBTE, matematika szakot v\u00e9gzett (1967\u201372). Kinevezett tan\u00e1r Mez\u0151gerebenesen (1966\u20132000). Tov\u00e1bbk\u00e9pz\u0151 tanfolyamai: v\u00e9gleges\u00edt\u0151 vizsga (1969), II.fokozati vizsga (1977), I.fokozati vizsga (1984). Profesor eviden\u0163iat kit\u00fcntet\u00e9sben r\u00e9szes\u00fclt (1978). Tal\u00e1lm\u00e1nyi szabadalmat nyert a Camere de ardere pentru [&hellip;]<\/p>\n","protected":false},"featured_media":0,"comment_status":"open","ping_status":"closed","template":"","meta":[],"product_brand":[],"product_cat":[137],"product_tag":[],"class_list":{"0":"post-18451","1":"product","2":"type-product","3":"status-publish","5":"product_cat-maros-megyei-eletrajzi-lexikon","7":"first","8":"instock","9":"shipping-taxable","10":"product-type-simple"},"_links":{"self":[{"href":"https:\/\/uj.adatbank.ro\/lexikon\/wp-json\/wp\/v2\/product\/18451","targetHints":{"allow":["GET"]}}],"collection":[{"href":"https:\/\/uj.adatbank.ro\/lexikon\/wp-json\/wp\/v2\/product"}],"about":[{"href":"https:\/\/uj.adatbank.ro\/lexikon\/wp-json\/wp\/v2\/types\/product"}],"replies":[{"embeddable":true,"href":"https:\/\/uj.adatbank.ro\/lexikon\/wp-json\/wp\/v2\/comments?post=18451"}],"wp:attachment":[{"href":"https:\/\/uj.adatbank.ro\/lexikon\/wp-json\/wp\/v2\/media?parent=18451"}],"wp:term":[{"taxonomy":"product_brand","embeddable":true,"href":"https:\/\/uj.adatbank.ro\/lexikon\/wp-json\/wp\/v2\/product_brand?post=18451"},{"taxonomy":"product_cat","embeddable":true,"href":"https:\/\/uj.adatbank.ro\/lexikon\/wp-json\/wp\/v2\/product_cat?post=18451"},{"taxonomy":"product_tag","embeddable":true,"href":"https:\/\/uj.adatbank.ro\/lexikon\/wp-json\/wp\/v2\/product_tag?post=18451"}],"curies":[{"name":"wp","href":"https:\/\/api.w.org\/{rel}","templated":true}]}}