{"id":18452,"date":"2025-07-16T10:52:21","date_gmt":"2025-07-16T08:52:21","guid":{"rendered":"https:\/\/uj.adatbank.ro\/lexikon\/termek\/pop-horia-traian\/"},"modified":"2025-07-16T10:52:21","modified_gmt":"2025-07-16T08:52:21","slug":"pop-horia-traian","status":"publish","type":"product","link":"https:\/\/uj.adatbank.ro\/lexikon\/termek\/pop-horia-traian\/","title":{"rendered":"POP, Horia Traian"},"content":{"rendered":"<p>K\u00fck\u00fcll\u0151s\u00e1rd, 1864. m\u00e1rc. 20. \u2020 Szeben, 1908.: g.kat. pap, \u00fajs\u00e1g\u00edr\u00f3, k\u00f6lt\u0151. \u2013 Feles\u00e9ge Moldovan Leontina, (esk\u00fcv\u0151: 1894. szept. 20.), Vasile Moldovan, az 1848\u201349 es forradalom idej\u00e9n a III. l\u00e9gi\u00f3 prefektus\u00e1nak le\u00e1ny\u00e1t. \u2013 Bal\u00e1zsfalv\u00e1n l\u00edc.-ot \u00e9s teol\u00f3gi\u00e1t v\u00e9gzett. Versekkel a bal\u00e1zsfalvi Familia \u00e9s a Foaia bisericeasc\u0103 \u015fi \u015fcolastic\u0103, valamint a szamos\u00fajv\u00e1ri Amicul familiei c. lapokban deb\u00fct\u00e1lt (1886). Rom\u00e1n nyelvreford\u00edtotta Leopardi m\u0171veit, de k\u00f6z\u00f6lt saj\u00e1t novell\u00e1kat is. Verseket, pr\u00f3z\u00e1t \u00e9s tanulm\u00e1nyokat k\u00f6z\u00f6lt a Iacob Mure\u015fianu, zeneszerz\u0151 \u00e1ltal szerkesztett Musa Rom\u00e2n\u0103 c foly\u00f3iratban. Mure\u015fianu felismerte publcisztikai tehets\u00e9g\u00e9t \u00e9s testv\u00e9re, Aurel Mure\u015fianu dr., figyelm\u00e9be aj\u00e1lotta, aki a Gazeta Transilvaniei brass\u00f3i lap igazgat\u00f3ja \u00e9s tulajdonosa volt. Az aj\u00e1nl\u00e1s k\u00f6vetkezt\u00e9ben lett el\u0151bb a lap szerkeszt\u0151je (1889\u2013), majd f\u0151szerkeszt\u0151je Brass\u00f3ban, ahova le is telepedett. Mivel k\u00e9t \u00fajs\u00e1gcikk\u00e9ben a rom\u00e1n haza m. jelleg\u00e9t t\u00e1madta, sajt\u00f3perbe fogt\u00e1k, \u00e9s a kv.-i t\u00f6rv\u00e9nysz\u00e9ken egy \u00e9v b\u00f6rt\u00f6nre \u00e9s 20 arany p\u00e9nzb\u00fcntet\u00e9sre \u00edt\u00e9lt\u00e9k (1890). Hat h\u00e9t b\u00f6rt\u00f6n ut\u00e1n Aurel Mure\u015fianu kifizette a perk\u00f6lts\u00e9geket, a p\u00e9nzb\u00fcntet\u00e9st \u00e9s v\u00e1lts\u00e1gd\u00edj fej\u00e9ben kiszabad\u00edtotta a szegedi b\u00f6rt\u00f6nb\u0151l. Sorozatban tette k\u00f6zz\u00e9, majd k\u00f6nyvalakban is megjelenttette ap\u00f3sa, V. Moldovan eml\u00e9kiratait: Memoriile din 1848 \u2013 1849. Ford\u00edtott Guy de Maupassant, Lev Tolsztoj, Vladimir Korolenko, C.Mendes, Irving Washington \u00e9s m\u00e1s \u00edr\u00f3k m\u0171veib\u0151l. Egy ideig Dics\u0151szentm\u00e1rtonban lakott, ahol anyagilag t\u00e1mogatta az \u00faj iskola fel\u00e9p\u00edt\u00e9s\u00e9t, r\u00e9szt vett az ASTRA radn\u00f3ti gy\u0171l\u00e9s\u00e9n (1896). Magyarellenes \u00fajs\u00e1gcikkei\u00e9rt m\u00e1sodszor is sajt\u00f3pert ind\u00edtottak ellene. A Mv\u2013i \u00cdt\u00e9l\u0151t\u00e1bla 3 nap b\u00f6rt\u00f6nb\u00fcntet\u00e9st \u00e9s 20 korona p\u00e9nzb\u00fcntet\u00e9st szabott ki r\u00e1, amit Szegeden le is t\u00f6lt\u00f6tt (1903. szept. ). Meg\u00e9lhet\u00e9si gondjai miatt sz\u00fcl\u0151faluj\u00e1ba vonult vissza, majd s\u00falyos betegs\u00e9g k\u00f6vetkezt\u00e9ben halt meg. <br \/><strong>Irod.:<\/strong> Fola; T\u00e2rn\u0103veni, cult.- ist.<\/br><\/p>\n","protected":false},"excerpt":{"rendered":"<p>K\u00fck\u00fcll\u0151s\u00e1rd, 1864. m\u00e1rc. 20. \u2020 Szeben, 1908.: g.kat. pap, \u00fajs\u00e1g\u00edr\u00f3, k\u00f6lt\u0151. \u2013 Feles\u00e9ge Moldovan Leontina, (esk\u00fcv\u0151: 1894. szept. 20.), Vasile Moldovan, az 1848\u201349 es forradalom idej\u00e9n a III. l\u00e9gi\u00f3 prefektus\u00e1nak le\u00e1ny\u00e1t. \u2013 Bal\u00e1zsfalv\u00e1n l\u00edc.-ot \u00e9s teol\u00f3gi\u00e1t v\u00e9gzett. Versekkel a bal\u00e1zsfalvi Familia \u00e9s a Foaia bisericeasc\u0103 \u015fi \u015fcolastic\u0103, valamint a szamos\u00fajv\u00e1ri Amicul familiei c. lapokban deb\u00fct\u00e1lt [&hellip;]<\/p>\n","protected":false},"featured_media":0,"comment_status":"open","ping_status":"closed","template":"","meta":[],"product_brand":[],"product_cat":[137],"product_tag":[],"class_list":{"0":"post-18452","1":"product","2":"type-product","3":"status-publish","5":"product_cat-maros-megyei-eletrajzi-lexikon","7":"first","8":"instock","9":"shipping-taxable","10":"product-type-simple"},"_links":{"self":[{"href":"https:\/\/uj.adatbank.ro\/lexikon\/wp-json\/wp\/v2\/product\/18452","targetHints":{"allow":["GET"]}}],"collection":[{"href":"https:\/\/uj.adatbank.ro\/lexikon\/wp-json\/wp\/v2\/product"}],"about":[{"href":"https:\/\/uj.adatbank.ro\/lexikon\/wp-json\/wp\/v2\/types\/product"}],"replies":[{"embeddable":true,"href":"https:\/\/uj.adatbank.ro\/lexikon\/wp-json\/wp\/v2\/comments?post=18452"}],"wp:attachment":[{"href":"https:\/\/uj.adatbank.ro\/lexikon\/wp-json\/wp\/v2\/media?parent=18452"}],"wp:term":[{"taxonomy":"product_brand","embeddable":true,"href":"https:\/\/uj.adatbank.ro\/lexikon\/wp-json\/wp\/v2\/product_brand?post=18452"},{"taxonomy":"product_cat","embeddable":true,"href":"https:\/\/uj.adatbank.ro\/lexikon\/wp-json\/wp\/v2\/product_cat?post=18452"},{"taxonomy":"product_tag","embeddable":true,"href":"https:\/\/uj.adatbank.ro\/lexikon\/wp-json\/wp\/v2\/product_tag?post=18452"}],"curies":[{"name":"wp","href":"https:\/\/api.w.org\/{rel}","templated":true}]}}