{"id":18453,"date":"2025-07-16T10:52:23","date_gmt":"2025-07-16T08:52:23","guid":{"rendered":"https:\/\/uj.adatbank.ro\/lexikon\/termek\/pop-i-aurel-%c2%a7\/"},"modified":"2025-07-16T10:52:23","modified_gmt":"2025-07-16T08:52:23","slug":"pop-i-aurel-%c2%a7","status":"publish","type":"product","link":"https:\/\/uj.adatbank.ro\/lexikon\/termek\/pop-i-aurel-%c2%a7\/","title":{"rendered":"POP, I. Aurel, \u00a7"},"content":{"rendered":"<p>Kisf\u00fclp\u00f6s, 1895. dec. 10., \u2020 S\u00e1rd (Feh\u00e9r), 1978. m\u00e1j. 29.: lelk\u00e9sz \u00e9s tan\u00e1r. \u2013 Elemi iskol\u00e1ba a sz\u00fcl\u0151faluban j\u00e1rt, a n\u00e9met l\u00edc.-ot Sz\u00e1sz\u00e9genben \u00e9s Beszterc\u00e9n v\u00e9gezte, majd Bal\u00e1zsfalv\u00e1n \u00e9retts\u00e9gizett (1913\u201314), \u00e9s elv\u00e9gezte a teol\u00f3gi\u00e1t, azut\u00e1n a kv.-i egyetemen rom\u00e1n-n\u00e9met \u00e9s latin tan\u00e1ri okl.-t szerzett. K\u00fck\u00fcll\u0151 v\u00e1rmegye Prefektur\u00e1j\u00e1nak vall\u00e1sok\u00e9rt felel\u0151s fel\u00fcgyel\u0151je. L\u00edc.-i tan\u00e1rk\u00e9nt Tord\u00e1n, azut\u00e1n Sz\u00e1szr\u00e9genben a Petru Maior Gimn. tan\u00e1ra \u00e9s igazgat\u00f3jak\u00e9nt dolgozott. A mv.-i Al Papiu Ilarian L\u00edc.-ban rajztan\u00e1r (1933\u201335), tan\u00edtott a Tan\u00edt\u00f3k\u00e9pz\u0151ben \u00e9s a Fels\u0151bb Kereskedelmi Iskol\u00e1ban (1936\u201341). R\u00f6vid ideig a mv.-i Rom\u00e1n \u00c1llami L\u00edc. igazgat\u00f3ja (1944\u201345). Rusu Gavrillal egy\u00fctt meg\u00edrta a Maros megye monogr\u00e1fi\u00e1j\u00e1ban (1942) a tan\u00fcgyr\u0151l \u00e9s templomokr\u00f3l sz\u00f3l\u00f3 fejezetet, felsorolta a megy\u00e9ben l\u00e9tez\u0151 ort. \u00e9s g. kat. templomokat, a h\u00edv\u0151k sz\u00e1m\u00e1t \u00e9s a templomok \u00e9p\u00edt\u00e9si \u00e9v\u00e9t. Maros\u00fajv\u00e1ron esperes (1945\u201348). Mv.-i tan\u00e1rs\u00e1ga idej\u00e9n irodalmi tev\u00e9kenys\u00e9get is fejtett ki : tanulm\u00e1nyokat, \u00e9letrajzokat \u00e9s k\u00f6nyvismertet\u00e9seket jelentetett meg a Societatea de m\u00e2ine, Progres \u015fi cultur\u0103, Revista \u015ecolii Normale c. lapokban. Nyugd\u00edjaz\u00e1sa ut\u00e1n S\u00e1rdon telepedett le. \u2013 <strong>F. m.:<\/strong> <strong>t\u00e1rssz.:<\/strong> Maros megye: monogr\u00e1fia (1942). <br \/><strong>Irod.:<\/strong> Dasc\u0103li mure\u015feni 5.; Dasc\u0103lii Papiului; Fola; \u00cenv. comercial econ.; M\u0103rtina\u015f MMK; Liceul Al. Papiu Ilarian; Papiu; Sigmirean; \u015eerban 2006<\/br><\/p>\n","protected":false},"excerpt":{"rendered":"<p>Kisf\u00fclp\u00f6s, 1895. dec. 10., \u2020 S\u00e1rd (Feh\u00e9r), 1978. m\u00e1j. 29.: lelk\u00e9sz \u00e9s tan\u00e1r. \u2013 Elemi iskol\u00e1ba a sz\u00fcl\u0151faluban j\u00e1rt, a n\u00e9met l\u00edc.-ot Sz\u00e1sz\u00e9genben \u00e9s Beszterc\u00e9n v\u00e9gezte, majd Bal\u00e1zsfalv\u00e1n \u00e9retts\u00e9gizett (1913\u201314), \u00e9s elv\u00e9gezte a teol\u00f3gi\u00e1t, azut\u00e1n a kv.-i egyetemen rom\u00e1n-n\u00e9met \u00e9s latin tan\u00e1ri okl.-t szerzett. K\u00fck\u00fcll\u0151 v\u00e1rmegye Prefektur\u00e1j\u00e1nak vall\u00e1sok\u00e9rt felel\u0151s fel\u00fcgyel\u0151je. L\u00edc.-i tan\u00e1rk\u00e9nt Tord\u00e1n, azut\u00e1n Sz\u00e1szr\u00e9genben [&hellip;]<\/p>\n","protected":false},"featured_media":0,"comment_status":"open","ping_status":"closed","template":"","meta":[],"product_brand":[],"product_cat":[137],"product_tag":[],"class_list":{"0":"post-18453","1":"product","2":"type-product","3":"status-publish","5":"product_cat-maros-megyei-eletrajzi-lexikon","7":"first","8":"instock","9":"shipping-taxable","10":"product-type-simple"},"_links":{"self":[{"href":"https:\/\/uj.adatbank.ro\/lexikon\/wp-json\/wp\/v2\/product\/18453","targetHints":{"allow":["GET"]}}],"collection":[{"href":"https:\/\/uj.adatbank.ro\/lexikon\/wp-json\/wp\/v2\/product"}],"about":[{"href":"https:\/\/uj.adatbank.ro\/lexikon\/wp-json\/wp\/v2\/types\/product"}],"replies":[{"embeddable":true,"href":"https:\/\/uj.adatbank.ro\/lexikon\/wp-json\/wp\/v2\/comments?post=18453"}],"wp:attachment":[{"href":"https:\/\/uj.adatbank.ro\/lexikon\/wp-json\/wp\/v2\/media?parent=18453"}],"wp:term":[{"taxonomy":"product_brand","embeddable":true,"href":"https:\/\/uj.adatbank.ro\/lexikon\/wp-json\/wp\/v2\/product_brand?post=18453"},{"taxonomy":"product_cat","embeddable":true,"href":"https:\/\/uj.adatbank.ro\/lexikon\/wp-json\/wp\/v2\/product_cat?post=18453"},{"taxonomy":"product_tag","embeddable":true,"href":"https:\/\/uj.adatbank.ro\/lexikon\/wp-json\/wp\/v2\/product_tag?post=18453"}],"curies":[{"name":"wp","href":"https:\/\/api.w.org\/{rel}","templated":true}]}}