{"id":18454,"date":"2025-07-16T10:52:26","date_gmt":"2025-07-16T08:52:26","guid":{"rendered":"https:\/\/uj.adatbank.ro\/lexikon\/termek\/pop-iacob\/"},"modified":"2025-07-16T10:52:26","modified_gmt":"2025-07-16T08:52:26","slug":"pop-iacob","status":"publish","type":"product","link":"https:\/\/uj.adatbank.ro\/lexikon\/termek\/pop-iacob\/","title":{"rendered":"POP Iacob"},"content":{"rendered":"<p>\u00dajfalu, 1840. m\u00e1j. 11. \u2020 ?: g. kat. lelk\u00e9sz. \u2013 Gimn\u00e1ziumot \u00e9s l\u00edc.-ot Bal\u00e1zsfalv\u00e1n v\u00e9gzett (\u00e9retts\u00e9gi :1864), ezut\u00e1n elv\u00e9gezte ugyanott a teol\u00f3gi\u00e1t. Papp\u00e1 szentelt\u00e9k Szamos\u00fajv\u00e1ron (1868. jan. 30.). Ezut\u00e1n kinevezt\u00e9k Mez\u0151szokolra lelk\u00e9sznek (1868\u20131905), ahol 185 h\u00edve volt \u00e9s a lelk\u00e9szi teend\u0151k mellett, iskigazgat\u00f3 is volt (1876\u20131906). <br \/><strong>Irod.:<\/strong> Socolul de C\u00e2mpie; \u0218ematism<\/br><\/p>\n","protected":false},"excerpt":{"rendered":"<p>\u00dajfalu, 1840. m\u00e1j. 11. \u2020 ?: g. kat. lelk\u00e9sz. \u2013 Gimn\u00e1ziumot \u00e9s l\u00edc.-ot Bal\u00e1zsfalv\u00e1n v\u00e9gzett (\u00e9retts\u00e9gi :1864), ezut\u00e1n elv\u00e9gezte ugyanott a teol\u00f3gi\u00e1t. Papp\u00e1 szentelt\u00e9k Szamos\u00fajv\u00e1ron (1868. jan. 30.). Ezut\u00e1n kinevezt\u00e9k Mez\u0151szokolra lelk\u00e9sznek (1868\u20131905), ahol 185 h\u00edve volt \u00e9s a lelk\u00e9szi teend\u0151k mellett, iskigazgat\u00f3 is volt (1876\u20131906). Irod.: Socolul de C\u00e2mpie; \u0218ematism<\/p>\n","protected":false},"featured_media":0,"comment_status":"open","ping_status":"closed","template":"","meta":[],"product_brand":[],"product_cat":[137],"product_tag":[],"class_list":{"0":"post-18454","1":"product","2":"type-product","3":"status-publish","5":"product_cat-maros-megyei-eletrajzi-lexikon","7":"first","8":"instock","9":"shipping-taxable","10":"product-type-simple"},"_links":{"self":[{"href":"https:\/\/uj.adatbank.ro\/lexikon\/wp-json\/wp\/v2\/product\/18454","targetHints":{"allow":["GET"]}}],"collection":[{"href":"https:\/\/uj.adatbank.ro\/lexikon\/wp-json\/wp\/v2\/product"}],"about":[{"href":"https:\/\/uj.adatbank.ro\/lexikon\/wp-json\/wp\/v2\/types\/product"}],"replies":[{"embeddable":true,"href":"https:\/\/uj.adatbank.ro\/lexikon\/wp-json\/wp\/v2\/comments?post=18454"}],"wp:attachment":[{"href":"https:\/\/uj.adatbank.ro\/lexikon\/wp-json\/wp\/v2\/media?parent=18454"}],"wp:term":[{"taxonomy":"product_brand","embeddable":true,"href":"https:\/\/uj.adatbank.ro\/lexikon\/wp-json\/wp\/v2\/product_brand?post=18454"},{"taxonomy":"product_cat","embeddable":true,"href":"https:\/\/uj.adatbank.ro\/lexikon\/wp-json\/wp\/v2\/product_cat?post=18454"},{"taxonomy":"product_tag","embeddable":true,"href":"https:\/\/uj.adatbank.ro\/lexikon\/wp-json\/wp\/v2\/product_tag?post=18454"}],"curies":[{"name":"wp","href":"https:\/\/api.w.org\/{rel}","templated":true}]}}