{"id":18457,"date":"2025-07-16T10:52:31","date_gmt":"2025-07-16T08:52:31","guid":{"rendered":"https:\/\/uj.adatbank.ro\/lexikon\/termek\/pop-ioan\/"},"modified":"2025-07-16T10:52:31","modified_gmt":"2025-07-16T08:52:31","slug":"pop-ioan","status":"publish","type":"product","link":"https:\/\/uj.adatbank.ro\/lexikon\/termek\/pop-ioan\/","title":{"rendered":"POP Ioan"},"content":{"rendered":"<p>Cs\u00fcd\u0151telke, 1859. jan. 25., \u2020\u00a0?: g. kat. pap. \u2013 Bal\u00e1zsfalv\u00e1n v\u00e9gezte a gimn.-ot (1879) \u00e9s a teol\u00f3giai szemin\u00e1riumot (1883). Megn\u0151s\u00fclt. Papp\u00e1 szentelt\u00e9k Bal\u00e1zsfalv\u00e1n (1883. nov. 20) \u00e9s kinevezt\u00e9k par\u00f3kiai gondnoknak Cs\u0171d\u0151telk\u00e9re. Szolg\u00e1lata idej\u00e9ben kezdt\u00e9k \u00e9p\u00edteni(1864\u2013), Gh. Sp\u0103taru, \u00e1d\u00e1mosi \u00e9p\u00edt\u0151mester vezet\u00e9s\u00e9vel, az ort. templom k\u00f6zel\u00e9ben, a ma is haszn\u00e1lt g. kat. templomot (felszentelt\u00e9k 1891. okt. 21). A g.kat. egyh\u00e1z betilt\u00e1sa ut\u00e1n a templomot bez\u00e1rt\u00e1k (1948). Csak 1996. aug.11. ut\u00e1n nyitott\u00e1k meg \u00fajra. <br \/><strong>Irod.:<\/strong> T\u00e2rn\u0103veni, cult.- ist.; \u0218ematism<\/br><\/p>\n","protected":false},"excerpt":{"rendered":"<p>Cs\u00fcd\u0151telke, 1859. jan. 25., \u2020\u00a0?: g. kat. pap. \u2013 Bal\u00e1zsfalv\u00e1n v\u00e9gezte a gimn.-ot (1879) \u00e9s a teol\u00f3giai szemin\u00e1riumot (1883). Megn\u0151s\u00fclt. Papp\u00e1 szentelt\u00e9k Bal\u00e1zsfalv\u00e1n (1883. nov. 20) \u00e9s kinevezt\u00e9k par\u00f3kiai gondnoknak Cs\u0171d\u0151telk\u00e9re. Szolg\u00e1lata idej\u00e9ben kezdt\u00e9k \u00e9p\u00edteni(1864\u2013), Gh. Sp\u0103taru, \u00e1d\u00e1mosi \u00e9p\u00edt\u0151mester vezet\u00e9s\u00e9vel, az ort. templom k\u00f6zel\u00e9ben, a ma is haszn\u00e1lt g. kat. templomot (felszentelt\u00e9k 1891. okt. 21). [&hellip;]<\/p>\n","protected":false},"featured_media":0,"comment_status":"open","ping_status":"closed","template":"","meta":[],"product_brand":[],"product_cat":[137],"product_tag":[],"class_list":{"0":"post-18457","1":"product","2":"type-product","3":"status-publish","5":"product_cat-maros-megyei-eletrajzi-lexikon","7":"first","8":"instock","9":"shipping-taxable","10":"product-type-simple"},"_links":{"self":[{"href":"https:\/\/uj.adatbank.ro\/lexikon\/wp-json\/wp\/v2\/product\/18457","targetHints":{"allow":["GET"]}}],"collection":[{"href":"https:\/\/uj.adatbank.ro\/lexikon\/wp-json\/wp\/v2\/product"}],"about":[{"href":"https:\/\/uj.adatbank.ro\/lexikon\/wp-json\/wp\/v2\/types\/product"}],"replies":[{"embeddable":true,"href":"https:\/\/uj.adatbank.ro\/lexikon\/wp-json\/wp\/v2\/comments?post=18457"}],"wp:attachment":[{"href":"https:\/\/uj.adatbank.ro\/lexikon\/wp-json\/wp\/v2\/media?parent=18457"}],"wp:term":[{"taxonomy":"product_brand","embeddable":true,"href":"https:\/\/uj.adatbank.ro\/lexikon\/wp-json\/wp\/v2\/product_brand?post=18457"},{"taxonomy":"product_cat","embeddable":true,"href":"https:\/\/uj.adatbank.ro\/lexikon\/wp-json\/wp\/v2\/product_cat?post=18457"},{"taxonomy":"product_tag","embeddable":true,"href":"https:\/\/uj.adatbank.ro\/lexikon\/wp-json\/wp\/v2\/product_tag?post=18457"}],"curies":[{"name":"wp","href":"https:\/\/api.w.org\/{rel}","templated":true}]}}