{"id":18458,"date":"2025-07-16T10:52:32","date_gmt":"2025-07-16T08:52:32","guid":{"rendered":"https:\/\/uj.adatbank.ro\/lexikon\/termek\/pop-ioan-2\/"},"modified":"2025-07-16T10:52:32","modified_gmt":"2025-07-16T08:52:32","slug":"pop-ioan-2","status":"publish","type":"product","link":"https:\/\/uj.adatbank.ro\/lexikon\/termek\/pop-ioan-2\/","title":{"rendered":"POP, Ioan"},"content":{"rendered":"<p>K\u00e1sva, 1861., \u2020 K\u00e1sva, 1943. okt. 29., tan\u00edt\u00f3. \u2013 Bal\u00e1zsfalv\u00e1n szerzett tan\u00edt\u00f3i oklevelet, \u00e9s eg\u00e9sz \u00e9let\u00e9ben a sz\u00fcl\u0151faluj\u00e1ban tan\u00edtott. \u0150 adom\u00e1nyozta a f\u00f6ldter\u00fcletet az \u00faj g. kat iskola fel\u00e9p\u00edt\u00e9s\u00e9hez (1877). K\u00f6zs\u00e9gi tan\u00e1csos, a r\u00e9geni \u201eMure\u015fana\u201d Bank vezet\u0151tan\u00e1cs\u00e1nak tagja. Gyakran v\u00e1llalt kezess\u00e9get a bankban falus t\u00e1rsai\u00e9rt. Az Astra keret\u00e9ben t\u00f6bb alkalommal tartott el\u0151ad\u00e1sokat. <br \/><strong>Irod.:<\/strong> Bir\u00f3 Don\u00e1t : Sz\u00e1szr\u00e9gen s vid\u00e9ke (2000); Gurghiu; Gurghiul<\/br><\/p>\n","protected":false},"excerpt":{"rendered":"<p>K\u00e1sva, 1861., \u2020 K\u00e1sva, 1943. okt. 29., tan\u00edt\u00f3. \u2013 Bal\u00e1zsfalv\u00e1n szerzett tan\u00edt\u00f3i oklevelet, \u00e9s eg\u00e9sz \u00e9let\u00e9ben a sz\u00fcl\u0151faluj\u00e1ban tan\u00edtott. \u0150 adom\u00e1nyozta a f\u00f6ldter\u00fcletet az \u00faj g. kat iskola fel\u00e9p\u00edt\u00e9s\u00e9hez (1877). K\u00f6zs\u00e9gi tan\u00e1csos, a r\u00e9geni \u201eMure\u015fana\u201d Bank vezet\u0151tan\u00e1cs\u00e1nak tagja. Gyakran v\u00e1llalt kezess\u00e9get a bankban falus t\u00e1rsai\u00e9rt. Az Astra keret\u00e9ben t\u00f6bb alkalommal tartott el\u0151ad\u00e1sokat. Irod.: Bir\u00f3 Don\u00e1t [&hellip;]<\/p>\n","protected":false},"featured_media":0,"comment_status":"open","ping_status":"closed","template":"","meta":[],"product_brand":[],"product_cat":[137],"product_tag":[],"class_list":{"0":"post-18458","1":"product","2":"type-product","3":"status-publish","5":"product_cat-maros-megyei-eletrajzi-lexikon","7":"first","8":"instock","9":"shipping-taxable","10":"product-type-simple"},"_links":{"self":[{"href":"https:\/\/uj.adatbank.ro\/lexikon\/wp-json\/wp\/v2\/product\/18458","targetHints":{"allow":["GET"]}}],"collection":[{"href":"https:\/\/uj.adatbank.ro\/lexikon\/wp-json\/wp\/v2\/product"}],"about":[{"href":"https:\/\/uj.adatbank.ro\/lexikon\/wp-json\/wp\/v2\/types\/product"}],"replies":[{"embeddable":true,"href":"https:\/\/uj.adatbank.ro\/lexikon\/wp-json\/wp\/v2\/comments?post=18458"}],"wp:attachment":[{"href":"https:\/\/uj.adatbank.ro\/lexikon\/wp-json\/wp\/v2\/media?parent=18458"}],"wp:term":[{"taxonomy":"product_brand","embeddable":true,"href":"https:\/\/uj.adatbank.ro\/lexikon\/wp-json\/wp\/v2\/product_brand?post=18458"},{"taxonomy":"product_cat","embeddable":true,"href":"https:\/\/uj.adatbank.ro\/lexikon\/wp-json\/wp\/v2\/product_cat?post=18458"},{"taxonomy":"product_tag","embeddable":true,"href":"https:\/\/uj.adatbank.ro\/lexikon\/wp-json\/wp\/v2\/product_tag?post=18458"}],"curies":[{"name":"wp","href":"https:\/\/api.w.org\/{rel}","templated":true}]}}