{"id":18459,"date":"2025-07-16T10:52:35","date_gmt":"2025-07-16T08:52:35","guid":{"rendered":"https:\/\/uj.adatbank.ro\/lexikon\/termek\/pop-ioan-3\/"},"modified":"2025-07-16T10:52:35","modified_gmt":"2025-07-16T08:52:35","slug":"pop-ioan-3","status":"publish","type":"product","link":"https:\/\/uj.adatbank.ro\/lexikon\/termek\/pop-ioan-3\/","title":{"rendered":"POP, Ioan"},"content":{"rendered":"<p>Mez\u0151szokol, 1886. jan. 23., \u2020 Nagyercse, 1956. febr. 4.: g.kat. pap. \u2013 Elemi iskol\u00e1it sz\u00fcl\u0151faluj\u00e1ban, gimn\u00e1ziumot Vajdaszentiv\u00e1nyon, k\u00f6z\u00e9piskol\u00e1t Mv.-en a r. kat. gimn\u00e1ziumban, teol\u00f3gi\u00e1t Bal\u00e1zsfalv\u00e1n (1911) v\u00e9gzett. Nagyercs\u00e9n el\u0151bb pl\u00e9b\u00e1niai gondnok, majd pl\u00e9b\u00e1nos 40 \u00e9vig. A Rom\u00e1n Nemzeti Tan\u00e1cs tagjak\u00e9nt r\u00e9szt vett a gyulafeh\u00e9rv\u00e1ri egyes\u00fcl\u00e9si n\u00e9pgy\u0171l\u00e9sen (1918. dec. 1.). A Rom\u00e1n Nemzeti P\u00e1rt, majd a Parasztp\u00e1rt tagja, megyei tan\u00e1csos (1926\u201334); tagja a megyei bizotts\u00e1gnak (1936), A Mez\u0151gazdas\u00e1gi Kamara Erd\u00e9szeti oszt\u00e1ly\u00e1nak, az ercsei k\u00f6zs\u00e9gi tan\u00e1csnak (1926\u201338), a k\u00f6zs\u00e9g Erceana nev\u0171 n\u00e9pbankj\u00e1nak eln\u00f6ke, p\u00e9nzt\u00e1rosa, k\u00f6nyvel\u0151je (1920), a Tekei Ajutorul \u00e9s a r\u00e9geni Mure\u015fiana hitelint\u00e9zetek vezet\u0151s\u00e9gi tagja. Eln\u00f6ke az Astra \u00e9gisze alatt m\u0171k\u00f6d\u0151 falusi kultur\u00e1lis k\u00f6rnek (1936). A b\u00e9csi d\u00f6nt\u00e9s ut\u00e1n is faluj\u00e1ban maradt. <br \/><strong>Irod.:<\/strong> Bosoanc\u0103; Dasc\u0103li mure\u015feni, 8.; Netea: Astra; T\u0103ureni; Todea 2013<\/br><\/p>\n","protected":false},"excerpt":{"rendered":"<p>Mez\u0151szokol, 1886. jan. 23., \u2020 Nagyercse, 1956. febr. 4.: g.kat. pap. \u2013 Elemi iskol\u00e1it sz\u00fcl\u0151faluj\u00e1ban, gimn\u00e1ziumot Vajdaszentiv\u00e1nyon, k\u00f6z\u00e9piskol\u00e1t Mv.-en a r. kat. gimn\u00e1ziumban, teol\u00f3gi\u00e1t Bal\u00e1zsfalv\u00e1n (1911) v\u00e9gzett. Nagyercs\u00e9n el\u0151bb pl\u00e9b\u00e1niai gondnok, majd pl\u00e9b\u00e1nos 40 \u00e9vig. A Rom\u00e1n Nemzeti Tan\u00e1cs tagjak\u00e9nt r\u00e9szt vett a gyulafeh\u00e9rv\u00e1ri egyes\u00fcl\u00e9si n\u00e9pgy\u0171l\u00e9sen (1918. dec. 1.). A Rom\u00e1n Nemzeti P\u00e1rt, majd a [&hellip;]<\/p>\n","protected":false},"featured_media":0,"comment_status":"open","ping_status":"closed","template":"","meta":[],"product_brand":[],"product_cat":[137],"product_tag":[],"class_list":{"0":"post-18459","1":"product","2":"type-product","3":"status-publish","5":"product_cat-maros-megyei-eletrajzi-lexikon","7":"first","8":"instock","9":"shipping-taxable","10":"product-type-simple"},"_links":{"self":[{"href":"https:\/\/uj.adatbank.ro\/lexikon\/wp-json\/wp\/v2\/product\/18459","targetHints":{"allow":["GET"]}}],"collection":[{"href":"https:\/\/uj.adatbank.ro\/lexikon\/wp-json\/wp\/v2\/product"}],"about":[{"href":"https:\/\/uj.adatbank.ro\/lexikon\/wp-json\/wp\/v2\/types\/product"}],"replies":[{"embeddable":true,"href":"https:\/\/uj.adatbank.ro\/lexikon\/wp-json\/wp\/v2\/comments?post=18459"}],"wp:attachment":[{"href":"https:\/\/uj.adatbank.ro\/lexikon\/wp-json\/wp\/v2\/media?parent=18459"}],"wp:term":[{"taxonomy":"product_brand","embeddable":true,"href":"https:\/\/uj.adatbank.ro\/lexikon\/wp-json\/wp\/v2\/product_brand?post=18459"},{"taxonomy":"product_cat","embeddable":true,"href":"https:\/\/uj.adatbank.ro\/lexikon\/wp-json\/wp\/v2\/product_cat?post=18459"},{"taxonomy":"product_tag","embeddable":true,"href":"https:\/\/uj.adatbank.ro\/lexikon\/wp-json\/wp\/v2\/product_tag?post=18459"}],"curies":[{"name":"wp","href":"https:\/\/api.w.org\/{rel}","templated":true}]}}