{"id":18464,"date":"2025-07-16T10:52:49","date_gmt":"2025-07-16T08:52:49","guid":{"rendered":"https:\/\/uj.adatbank.ro\/lexikon\/termek\/pop-ioan-bucur\/"},"modified":"2025-07-16T10:52:49","modified_gmt":"2025-07-16T08:52:49","slug":"pop-ioan-bucur","status":"publish","type":"product","link":"https:\/\/uj.adatbank.ro\/lexikon\/termek\/pop-ioan-bucur\/","title":{"rendered":"POP, Ioan Bucur"},"content":{"rendered":"<p>Mez\u0151b\u00e1nd, ? \u2020 Torda, 1849. m\u00e1rc. 20.: g. kat. pap, m\u00e1rt\u00edr. \u2013 Al.Papiu Ilarian \u00e9desapja. \u2013 Mez\u0151bodonban, ma Al.Papiu Ilarian k\u00f6zs\u00e9g, szolg\u00e1lt (1848). Felakasztott\u00e1k. <br \/><strong>Irod.:<\/strong> Transilvania 1848\u201349<\/br><\/p>\n","protected":false},"excerpt":{"rendered":"<p>Mez\u0151b\u00e1nd, ? \u2020 Torda, 1849. m\u00e1rc. 20.: g. kat. pap, m\u00e1rt\u00edr. \u2013 Al.Papiu Ilarian \u00e9desapja. \u2013 Mez\u0151bodonban, ma Al.Papiu Ilarian k\u00f6zs\u00e9g, szolg\u00e1lt (1848). Felakasztott\u00e1k. Irod.: Transilvania 1848\u201349<\/p>\n","protected":false},"featured_media":0,"comment_status":"open","ping_status":"closed","template":"","meta":[],"product_brand":[],"product_cat":[137],"product_tag":[],"class_list":{"0":"post-18464","1":"product","2":"type-product","3":"status-publish","5":"product_cat-maros-megyei-eletrajzi-lexikon","7":"first","8":"instock","9":"shipping-taxable","10":"product-type-simple"},"_links":{"self":[{"href":"https:\/\/uj.adatbank.ro\/lexikon\/wp-json\/wp\/v2\/product\/18464","targetHints":{"allow":["GET"]}}],"collection":[{"href":"https:\/\/uj.adatbank.ro\/lexikon\/wp-json\/wp\/v2\/product"}],"about":[{"href":"https:\/\/uj.adatbank.ro\/lexikon\/wp-json\/wp\/v2\/types\/product"}],"replies":[{"embeddable":true,"href":"https:\/\/uj.adatbank.ro\/lexikon\/wp-json\/wp\/v2\/comments?post=18464"}],"wp:attachment":[{"href":"https:\/\/uj.adatbank.ro\/lexikon\/wp-json\/wp\/v2\/media?parent=18464"}],"wp:term":[{"taxonomy":"product_brand","embeddable":true,"href":"https:\/\/uj.adatbank.ro\/lexikon\/wp-json\/wp\/v2\/product_brand?post=18464"},{"taxonomy":"product_cat","embeddable":true,"href":"https:\/\/uj.adatbank.ro\/lexikon\/wp-json\/wp\/v2\/product_cat?post=18464"},{"taxonomy":"product_tag","embeddable":true,"href":"https:\/\/uj.adatbank.ro\/lexikon\/wp-json\/wp\/v2\/product_tag?post=18464"}],"curies":[{"name":"wp","href":"https:\/\/api.w.org\/{rel}","templated":true}]}}