{"id":18466,"date":"2025-07-16T10:52:52","date_gmt":"2025-07-16T08:52:52","guid":{"rendered":"https:\/\/uj.adatbank.ro\/lexikon\/termek\/pop-ion\/"},"modified":"2025-07-16T10:52:52","modified_gmt":"2025-07-16T08:52:52","slug":"pop-ion","status":"publish","type":"product","link":"https:\/\/uj.adatbank.ro\/lexikon\/termek\/pop-ion\/","title":{"rendered":"POP, Ion"},"content":{"rendered":"<p>Bethlen, 1927. nov. 2., \u2020\u00a0?: t\u00f6rt\u00e9n\u00e9sz, tudom\u00e1nyos kutat\u00f3. \u2013 A k\u00f6z\u00e9piskol\u00e1t Nasz\u00f3don (1950), az egyetemet Kv.-on v\u00e9gezte (1954). Tan\u00e1r Beszterc\u00e9n (1954\u201361); tudom\u00e1nyos kutat\u00f3 Kv.-on az Akad\u00e9mia T\u00e1rsadalomtudom\u00e1nyi Kutat\u00f3 Int\u00e9ztet\u00e9ben (1961\u201362); Mv.-en a Pedag\u00f3giai Int\u00e9zetben egyetemi lektor (1962); tudom\u00e1nyos kutat\u00f3 az Akad\u00e9mia mv.-i Fi\u00f3kj\u00e1n\u00e1l (1976\u201394). Tanulm\u00e1nya\u00a0: Participarea gr\u0103nicerilor n\u0103s\u0103udeni la evenimentele din timpul revolu\u0163iei de la 1848\u20131849 , a Marisia ban jelent meg (1978). <br \/><strong>Irod.:<\/strong> MMK<\/br><\/p>\n","protected":false},"excerpt":{"rendered":"<p>Bethlen, 1927. nov. 2., \u2020\u00a0?: t\u00f6rt\u00e9n\u00e9sz, tudom\u00e1nyos kutat\u00f3. \u2013 A k\u00f6z\u00e9piskol\u00e1t Nasz\u00f3don (1950), az egyetemet Kv.-on v\u00e9gezte (1954). Tan\u00e1r Beszterc\u00e9n (1954\u201361); tudom\u00e1nyos kutat\u00f3 Kv.-on az Akad\u00e9mia T\u00e1rsadalomtudom\u00e1nyi Kutat\u00f3 Int\u00e9ztet\u00e9ben (1961\u201362); Mv.-en a Pedag\u00f3giai Int\u00e9zetben egyetemi lektor (1962); tudom\u00e1nyos kutat\u00f3 az Akad\u00e9mia mv.-i Fi\u00f3kj\u00e1n\u00e1l (1976\u201394). Tanulm\u00e1nya\u00a0: Participarea gr\u0103nicerilor n\u0103s\u0103udeni la evenimentele din timpul revolu\u0163iei de la [&hellip;]<\/p>\n","protected":false},"featured_media":0,"comment_status":"open","ping_status":"closed","template":"","meta":[],"product_brand":[],"product_cat":[137],"product_tag":[],"class_list":{"0":"post-18466","1":"product","2":"type-product","3":"status-publish","5":"product_cat-maros-megyei-eletrajzi-lexikon","7":"first","8":"instock","9":"shipping-taxable","10":"product-type-simple"},"_links":{"self":[{"href":"https:\/\/uj.adatbank.ro\/lexikon\/wp-json\/wp\/v2\/product\/18466","targetHints":{"allow":["GET"]}}],"collection":[{"href":"https:\/\/uj.adatbank.ro\/lexikon\/wp-json\/wp\/v2\/product"}],"about":[{"href":"https:\/\/uj.adatbank.ro\/lexikon\/wp-json\/wp\/v2\/types\/product"}],"replies":[{"embeddable":true,"href":"https:\/\/uj.adatbank.ro\/lexikon\/wp-json\/wp\/v2\/comments?post=18466"}],"wp:attachment":[{"href":"https:\/\/uj.adatbank.ro\/lexikon\/wp-json\/wp\/v2\/media?parent=18466"}],"wp:term":[{"taxonomy":"product_brand","embeddable":true,"href":"https:\/\/uj.adatbank.ro\/lexikon\/wp-json\/wp\/v2\/product_brand?post=18466"},{"taxonomy":"product_cat","embeddable":true,"href":"https:\/\/uj.adatbank.ro\/lexikon\/wp-json\/wp\/v2\/product_cat?post=18466"},{"taxonomy":"product_tag","embeddable":true,"href":"https:\/\/uj.adatbank.ro\/lexikon\/wp-json\/wp\/v2\/product_tag?post=18466"}],"curies":[{"name":"wp","href":"https:\/\/api.w.org\/{rel}","templated":true}]}}