{"id":18467,"date":"2025-07-16T10:52:55","date_gmt":"2025-07-16T08:52:55","guid":{"rendered":"https:\/\/uj.adatbank.ro\/lexikon\/termek\/pop-iosif\/"},"modified":"2025-07-16T10:52:55","modified_gmt":"2025-07-16T08:52:55","slug":"pop-iosif","status":"publish","type":"product","link":"https:\/\/uj.adatbank.ro\/lexikon\/termek\/pop-iosif\/","title":{"rendered":"POP, Iosif"},"content":{"rendered":"<p>Sz\u00e1szr\u00e9gen, 1914. m\u00e1j. 24. \u2020 ? : katonatiszt. \u2013 Tord\u00e1n a 82. gyalogezred hadnagya. A rom\u00e1n hadsereg k\u00f6tel\u00e9k\u00e9ben r\u00e9szt vett a keleti hadj\u00e1ratban (1942. j\u00fan. 23.- ), azut\u00e1n a nyugati hadj\u00e1ratban (1944. szept. 5.-ig). Kit\u00fcntet\u00e9sei : Steaua Rom\u00e2niei cu spade \u015fi panglic\u0103; Virtutea militar\u0103, cl. a V-a; Coroana Rom\u00e2niei, cl a V-a. <br \/><strong>Irod.:<\/strong> Reghin, militari<\/br><\/p>\n","protected":false},"excerpt":{"rendered":"<p>Sz\u00e1szr\u00e9gen, 1914. m\u00e1j. 24. \u2020 ? : katonatiszt. \u2013 Tord\u00e1n a 82. gyalogezred hadnagya. A rom\u00e1n hadsereg k\u00f6tel\u00e9k\u00e9ben r\u00e9szt vett a keleti hadj\u00e1ratban (1942. j\u00fan. 23.- ), azut\u00e1n a nyugati hadj\u00e1ratban (1944. szept. 5.-ig). Kit\u00fcntet\u00e9sei : Steaua Rom\u00e2niei cu spade \u015fi panglic\u0103; Virtutea militar\u0103, cl. a V-a; Coroana Rom\u00e2niei, cl a V-a. Irod.: Reghin, militari<\/p>\n","protected":false},"featured_media":0,"comment_status":"open","ping_status":"closed","template":"","meta":[],"product_brand":[],"product_cat":[137],"product_tag":[],"class_list":{"0":"post-18467","1":"product","2":"type-product","3":"status-publish","5":"product_cat-maros-megyei-eletrajzi-lexikon","7":"first","8":"instock","9":"shipping-taxable","10":"product-type-simple"},"_links":{"self":[{"href":"https:\/\/uj.adatbank.ro\/lexikon\/wp-json\/wp\/v2\/product\/18467","targetHints":{"allow":["GET"]}}],"collection":[{"href":"https:\/\/uj.adatbank.ro\/lexikon\/wp-json\/wp\/v2\/product"}],"about":[{"href":"https:\/\/uj.adatbank.ro\/lexikon\/wp-json\/wp\/v2\/types\/product"}],"replies":[{"embeddable":true,"href":"https:\/\/uj.adatbank.ro\/lexikon\/wp-json\/wp\/v2\/comments?post=18467"}],"wp:attachment":[{"href":"https:\/\/uj.adatbank.ro\/lexikon\/wp-json\/wp\/v2\/media?parent=18467"}],"wp:term":[{"taxonomy":"product_brand","embeddable":true,"href":"https:\/\/uj.adatbank.ro\/lexikon\/wp-json\/wp\/v2\/product_brand?post=18467"},{"taxonomy":"product_cat","embeddable":true,"href":"https:\/\/uj.adatbank.ro\/lexikon\/wp-json\/wp\/v2\/product_cat?post=18467"},{"taxonomy":"product_tag","embeddable":true,"href":"https:\/\/uj.adatbank.ro\/lexikon\/wp-json\/wp\/v2\/product_tag?post=18467"}],"curies":[{"name":"wp","href":"https:\/\/api.w.org\/{rel}","templated":true}]}}