{"id":18468,"date":"2025-07-16T10:52:57","date_gmt":"2025-07-16T08:52:57","guid":{"rendered":"https:\/\/uj.adatbank.ro\/lexikon\/termek\/pop-iosif-m-%c2%a7\/"},"modified":"2025-07-16T10:52:57","modified_gmt":"2025-07-16T08:52:57","slug":"pop-iosif-m-%c2%a7","status":"publish","type":"product","link":"https:\/\/uj.adatbank.ro\/lexikon\/termek\/pop-iosif-m-%c2%a7\/","title":{"rendered":"POP, Iosif M., \u00a7"},"content":{"rendered":"<p>D\u00e9sakna, 1896. nov. 10., \u2020 Mv., 1986. okt. 19.: g. kat. esperes, p\u00fcsp\u00f6ki helyn\u00f6k, tan\u00e1r. \u2013 Elemi iskol\u00e1t sz\u00fcl\u0151faluj\u00e1ban, k\u00f6z\u00e9piskol\u00e1t D\u00e9sen v\u00e9gzett (1914), teol\u00f3gi\u00e1t tanult Szamos\u00fajv\u00e1ron, Nagyv\u00e1radon (1914\u201318) \u00e9s Bp.-en fejezte be. Kv.-on fizika-k\u00e9mia szakos tan\u00e1ri okl.-t szerzett (1919). Tan\u00e1r Nagyb\u00e1ny\u00e1n (1919\u201320), majd Bal\u00e1zsfalv\u00e1n a Sf. Vasile Liceumban k\u00e9mi\u00e1t \u00e9s fizik\u00e1t tan\u00edtott (1920\u201324), \u00f3raad\u00f3 a mv.-i Ref. Koll.-ban (1923\u201325); lelk\u00e9szi gondnok G\u00e1ldt\u0151n (1924\u201338). F\u0151esperes Mv.-en (1938. jan. 1.\u201344), Maros megye, Cs\u00edk, Udvarhely \u00e9s H\u00e1romsz\u00e9k \u00e9rseki helyettese (1940\u2013), m\u0171k\u00f6d\u00e9si k\u00f6r\u00e9be 33 par\u00f3chia \u00e9s 70 fi\u00f3kegyh\u00e1z tartozott. Vall\u00e1sos, irodalmi \u00e9s oktat\u00f3 el\u0151ad\u00e1sokat tartott; tiszteletbeli kanonok c\u00edmet kapott (1943). Az ASTRA mv.-i szakoszt\u00e1ly\u00e1nak vezet\u0151s\u00e9gi tagja. Jelent\u0151s er\u0151fesz\u00edt\u00e9st fejtett ki a mv.-i rom\u00e1n nyelv\u0171 oktat\u00e1s vissza\u00e1ll\u00edt\u00e1s\u00e1\u00e9rt (1944. szept.\u2013), amelyet a m. hat\u00f3s\u00e1gok megsz\u00fcntettek. A v\u00e1rosb\u00f3l \u00e9s a k\u00f6rnyez\u0151 falvakb\u00f3l \u00f6sszegy\u0171jt\u00f6tte a visszat\u00e9rt rom\u00e1n menek\u00fclt tanul\u00f3kat \u00e9s taner\u0151ket, \u00e9s az Unirea L\u00edc. \u00e9p\u00fclet\u00e9ben \u00fajraind\u00edtotta a rom\u00e1n nyelv\u0171 oktat\u00e1st (1944. nov.\u2013). \u00c9tkezd\u00e9t \u00e9s bentlak\u00e1st b\u00edztos\u00edtott a m\u00e1shonnan \u00e9rkezetteknek. A h\u00e1bor\u00fa ut\u00e1n \u00fajra alap\u00edtotta az Al. Papiu-Ilarian l\u00edc.-ot Mv.-en, igazgat\u00f3ja volt (1944. okt. 1.\u20131945. m\u00e1rc. 2.), amikor \u00f6nk\u00e9nt lemondott a tiszts\u00e9gr\u0151l. Tan\u00e1rk\u00e9nt, papk\u00e9nt, \u00e9rseki vik\u00e1riusk\u00e9nt m\u0171k\u0151d\u00f6tt tov\u00e1bb. A hat\u00f3s\u00e1gok betiltott\u00e1k a g. kat. egyh\u00e1z m\u0171k\u0151d\u00e9s\u00e9t (1948. okt. 15.), sok h\u00edv\u0151 ortodox vall\u00e1sra t\u00e9rt \u00e1t, templomaikat is az ortodox egyh\u00e1znak adt\u00e1k \u00e1t. Letart\u00f3ztatt\u00e1k (1948. okt. 28.), minden \u00edt\u00e9let n\u00e9lk\u00fcl szigor\u00edtott z\u00e1rk\u00e1ban tartott\u00e1k 144 napig, majd Kv.-ra sz\u00e1ll\u00edtott\u00e1k, kiszabadult (1949. szept. 14.), majd \u00fajb\u00f3l beb\u00f6rt\u00f6n\u00f6zt\u00e9k, el\u00edt\u00e9lt\u00e9k, Szamos\u00fajv\u00e1ron \u00e9s m\u00e1s k\u00e9nyszermunkat\u00e1borokban raboskodott (1951. okt. \u201355. okt. 6.). Szer\u00e9ny \u00e1ll\u00e1sokban dolgozott nyugd\u00edjaz\u00e1s\u00e1ig, az inasiskol\u00e1ban, a Plafar gy\u00f3gyn\u00f6v\u00e9ny\u00fczletben (1956). Korh\u0171 eml\u00e9kiratai hal\u00e1la ut\u00e1n l\u00e1ttak napvil\u00e1got. \u2013 <strong>F. m.:<\/strong> Credi\u0163\u0103 \u015fi apostolat: Memorii (Tg. M., 2004). <br \/><strong>Irod.:<\/strong> Bui-Borda-Opri\u015f; Caiete mure\u015fene (15. sz., 2004); C.l. (2004. j\u00fan. 29.); Com\u015fa; Com\u015fa\u2013Seiceanu; Dasc\u0103li mure\u015feni 3., 5.; Dasc\u0103lii Papiului; Ioni\u0163oiu; Mv. t\u00f6rt. 2.; Papiu; Pusztai-Popovits J\u00f3zsef: Rom\u00e1n kult\u00fa-\u00fcnnep\u00e9lyek \u00c9szak Erd\u00e9lyben 1940\u201343 (P\u00e9cs, 1943); Sz\u00e9kelyf\u00f6ld \u00ed.k.; Todea 2013<\/br><\/p>\n","protected":false},"excerpt":{"rendered":"<p>D\u00e9sakna, 1896. nov. 10., \u2020 Mv., 1986. okt. 19.: g. kat. esperes, p\u00fcsp\u00f6ki helyn\u00f6k, tan\u00e1r. \u2013 Elemi iskol\u00e1t sz\u00fcl\u0151faluj\u00e1ban, k\u00f6z\u00e9piskol\u00e1t D\u00e9sen v\u00e9gzett (1914), teol\u00f3gi\u00e1t tanult Szamos\u00fajv\u00e1ron, Nagyv\u00e1radon (1914\u201318) \u00e9s Bp.-en fejezte be. Kv.-on fizika-k\u00e9mia szakos tan\u00e1ri okl.-t szerzett (1919). Tan\u00e1r Nagyb\u00e1ny\u00e1n (1919\u201320), majd Bal\u00e1zsfalv\u00e1n a Sf. Vasile Liceumban k\u00e9mi\u00e1t \u00e9s fizik\u00e1t tan\u00edtott (1920\u201324), \u00f3raad\u00f3 a [&hellip;]<\/p>\n","protected":false},"featured_media":0,"comment_status":"open","ping_status":"closed","template":"","meta":[],"product_brand":[],"product_cat":[137],"product_tag":[],"class_list":{"0":"post-18468","1":"product","2":"type-product","3":"status-publish","5":"product_cat-maros-megyei-eletrajzi-lexikon","7":"first","8":"instock","9":"shipping-taxable","10":"product-type-simple"},"_links":{"self":[{"href":"https:\/\/uj.adatbank.ro\/lexikon\/wp-json\/wp\/v2\/product\/18468","targetHints":{"allow":["GET"]}}],"collection":[{"href":"https:\/\/uj.adatbank.ro\/lexikon\/wp-json\/wp\/v2\/product"}],"about":[{"href":"https:\/\/uj.adatbank.ro\/lexikon\/wp-json\/wp\/v2\/types\/product"}],"replies":[{"embeddable":true,"href":"https:\/\/uj.adatbank.ro\/lexikon\/wp-json\/wp\/v2\/comments?post=18468"}],"wp:attachment":[{"href":"https:\/\/uj.adatbank.ro\/lexikon\/wp-json\/wp\/v2\/media?parent=18468"}],"wp:term":[{"taxonomy":"product_brand","embeddable":true,"href":"https:\/\/uj.adatbank.ro\/lexikon\/wp-json\/wp\/v2\/product_brand?post=18468"},{"taxonomy":"product_cat","embeddable":true,"href":"https:\/\/uj.adatbank.ro\/lexikon\/wp-json\/wp\/v2\/product_cat?post=18468"},{"taxonomy":"product_tag","embeddable":true,"href":"https:\/\/uj.adatbank.ro\/lexikon\/wp-json\/wp\/v2\/product_tag?post=18468"}],"curies":[{"name":"wp","href":"https:\/\/api.w.org\/{rel}","templated":true}]}}