{"id":18469,"date":"2025-07-16T10:53:00","date_gmt":"2025-07-16T08:53:00","guid":{"rendered":"https:\/\/uj.adatbank.ro\/lexikon\/termek\/pop-iuliu\/"},"modified":"2025-07-16T10:53:00","modified_gmt":"2025-07-16T08:53:00","slug":"pop-iuliu","status":"publish","type":"product","link":"https:\/\/uj.adatbank.ro\/lexikon\/termek\/pop-iuliu\/","title":{"rendered":"POP Iuliu"},"content":{"rendered":"<p>Petele, 1875. ian. 1., \u2020 ? : g. kat. pap. \u2013 Gimn.-i tanulm\u00e1nyait Nasz\u00f3don fejezte be (1894) \u00e9s a teol\u00f3giai szemin\u00e1riumot (1898). Megn\u0151s\u00fclt. Papp\u00e1 szentelt\u00e9k Bal\u00e1zsfalv\u00e1n (1897. aug. 7.) \u00e9s kinevezt\u00e9k par\u00f3kiai gondnoknak G\u00f6rg\u00e9nyadorj\u00e1nban kezdte szolg\u00e1lat\u00e1t (1898\u2013), ahol m\u00e1r 3 \u00e9ve \u00fcres volt a papi sz\u00e9k. Felmentett\u00e9k tev\u00e9kenys\u00e9g\u00e9b\u0151l (1900. okt. 30.). \u00c1tt\u00e9rt az ort. vall\u00e1sra, a h\u00edveket is megpr\u00f3b\u00e1lta \u00e1tt\u00e9r\u00edteni. Felmentett\u00e9k papi teend\u0151i al\u00f3l (1901. okt. 12.). <br \/><strong>Irod.:<\/strong> Dobozi; \u0218ematism<\/br><\/p>\n","protected":false},"excerpt":{"rendered":"<p>Petele, 1875. ian. 1., \u2020 ? : g. kat. pap. \u2013 Gimn.-i tanulm\u00e1nyait Nasz\u00f3don fejezte be (1894) \u00e9s a teol\u00f3giai szemin\u00e1riumot (1898). Megn\u0151s\u00fclt. Papp\u00e1 szentelt\u00e9k Bal\u00e1zsfalv\u00e1n (1897. aug. 7.) \u00e9s kinevezt\u00e9k par\u00f3kiai gondnoknak G\u00f6rg\u00e9nyadorj\u00e1nban kezdte szolg\u00e1lat\u00e1t (1898\u2013), ahol m\u00e1r 3 \u00e9ve \u00fcres volt a papi sz\u00e9k. Felmentett\u00e9k tev\u00e9kenys\u00e9g\u00e9b\u0151l (1900. okt. 30.). \u00c1tt\u00e9rt az ort. vall\u00e1sra, [&hellip;]<\/p>\n","protected":false},"featured_media":0,"comment_status":"open","ping_status":"closed","template":"","meta":[],"product_brand":[],"product_cat":[137],"product_tag":[],"class_list":{"0":"post-18469","1":"product","2":"type-product","3":"status-publish","5":"product_cat-maros-megyei-eletrajzi-lexikon","7":"first","8":"instock","9":"shipping-taxable","10":"product-type-simple"},"_links":{"self":[{"href":"https:\/\/uj.adatbank.ro\/lexikon\/wp-json\/wp\/v2\/product\/18469","targetHints":{"allow":["GET"]}}],"collection":[{"href":"https:\/\/uj.adatbank.ro\/lexikon\/wp-json\/wp\/v2\/product"}],"about":[{"href":"https:\/\/uj.adatbank.ro\/lexikon\/wp-json\/wp\/v2\/types\/product"}],"replies":[{"embeddable":true,"href":"https:\/\/uj.adatbank.ro\/lexikon\/wp-json\/wp\/v2\/comments?post=18469"}],"wp:attachment":[{"href":"https:\/\/uj.adatbank.ro\/lexikon\/wp-json\/wp\/v2\/media?parent=18469"}],"wp:term":[{"taxonomy":"product_brand","embeddable":true,"href":"https:\/\/uj.adatbank.ro\/lexikon\/wp-json\/wp\/v2\/product_brand?post=18469"},{"taxonomy":"product_cat","embeddable":true,"href":"https:\/\/uj.adatbank.ro\/lexikon\/wp-json\/wp\/v2\/product_cat?post=18469"},{"taxonomy":"product_tag","embeddable":true,"href":"https:\/\/uj.adatbank.ro\/lexikon\/wp-json\/wp\/v2\/product_tag?post=18469"}],"curies":[{"name":"wp","href":"https:\/\/api.w.org\/{rel}","templated":true}]}}