{"id":18473,"date":"2025-07-16T10:53:08","date_gmt":"2025-07-16T08:53:08","guid":{"rendered":"https:\/\/uj.adatbank.ro\/lexikon\/termek\/pop-leon-petru\/"},"modified":"2025-07-16T10:53:08","modified_gmt":"2025-07-16T08:53:08","slug":"pop-leon-petru","status":"publish","type":"product","link":"https:\/\/uj.adatbank.ro\/lexikon\/termek\/pop-leon-petru\/","title":{"rendered":"POP, Leon Petru"},"content":{"rendered":"<p>Z\u00e1gor, 1937. jan. 27., \u2020 Segesv\u00e1r, 2003. febr. 21.: k\u00f6zjegyz\u0151. \u2013 A segesv\u00e1ri fi\u00faliceumban \u00e9rtts\u00e9gizett (1955), jogot v\u00e9gzett a kv.-i egyetemen. T\u00f6rv\u00e9nysz\u00e9ki b\u00edr\u00f3 volt Brass\u00f3ban (1967), Medgyesen (1968), jegyz\u0151 (1968) majd f\u0151jegyz\u0151 Segesv\u00e1ron (1975), eln\u00f6ke volt a Maros megyei K\u00f6zjegyz\u0151k Kamar\u00e1j\u00e1nak, k\u00e9pvisel\u0151 a Rom\u00e1n Parlamentben (1996\u20132000), a sgesv\u00e1ri PUNR aleln\u00f6ke. <br \/><strong>Irod.:<\/strong> Nekrol\u00f3g (Cuv\u00e2ntul liber, 2003. febr. 22.; 2003. febr. 25.)<\/br><\/p>\n","protected":false},"excerpt":{"rendered":"<p>Z\u00e1gor, 1937. jan. 27., \u2020 Segesv\u00e1r, 2003. febr. 21.: k\u00f6zjegyz\u0151. \u2013 A segesv\u00e1ri fi\u00faliceumban \u00e9rtts\u00e9gizett (1955), jogot v\u00e9gzett a kv.-i egyetemen. T\u00f6rv\u00e9nysz\u00e9ki b\u00edr\u00f3 volt Brass\u00f3ban (1967), Medgyesen (1968), jegyz\u0151 (1968) majd f\u0151jegyz\u0151 Segesv\u00e1ron (1975), eln\u00f6ke volt a Maros megyei K\u00f6zjegyz\u0151k Kamar\u00e1j\u00e1nak, k\u00e9pvisel\u0151 a Rom\u00e1n Parlamentben (1996\u20132000), a sgesv\u00e1ri PUNR aleln\u00f6ke. Irod.: Nekrol\u00f3g (Cuv\u00e2ntul liber, 2003. [&hellip;]<\/p>\n","protected":false},"featured_media":0,"comment_status":"open","ping_status":"closed","template":"","meta":[],"product_brand":[],"product_cat":[137],"product_tag":[],"class_list":{"0":"post-18473","1":"product","2":"type-product","3":"status-publish","5":"product_cat-maros-megyei-eletrajzi-lexikon","7":"first","8":"instock","9":"shipping-taxable","10":"product-type-simple"},"_links":{"self":[{"href":"https:\/\/uj.adatbank.ro\/lexikon\/wp-json\/wp\/v2\/product\/18473","targetHints":{"allow":["GET"]}}],"collection":[{"href":"https:\/\/uj.adatbank.ro\/lexikon\/wp-json\/wp\/v2\/product"}],"about":[{"href":"https:\/\/uj.adatbank.ro\/lexikon\/wp-json\/wp\/v2\/types\/product"}],"replies":[{"embeddable":true,"href":"https:\/\/uj.adatbank.ro\/lexikon\/wp-json\/wp\/v2\/comments?post=18473"}],"wp:attachment":[{"href":"https:\/\/uj.adatbank.ro\/lexikon\/wp-json\/wp\/v2\/media?parent=18473"}],"wp:term":[{"taxonomy":"product_brand","embeddable":true,"href":"https:\/\/uj.adatbank.ro\/lexikon\/wp-json\/wp\/v2\/product_brand?post=18473"},{"taxonomy":"product_cat","embeddable":true,"href":"https:\/\/uj.adatbank.ro\/lexikon\/wp-json\/wp\/v2\/product_cat?post=18473"},{"taxonomy":"product_tag","embeddable":true,"href":"https:\/\/uj.adatbank.ro\/lexikon\/wp-json\/wp\/v2\/product_tag?post=18473"}],"curies":[{"name":"wp","href":"https:\/\/api.w.org\/{rel}","templated":true}]}}