{"id":18474,"date":"2025-07-16T10:53:10","date_gmt":"2025-07-16T08:53:10","guid":{"rendered":"https:\/\/uj.adatbank.ro\/lexikon\/termek\/pop-lupu-mihail\/"},"modified":"2025-07-16T10:53:10","modified_gmt":"2025-07-16T08:53:10","slug":"pop-lupu-mihail","status":"publish","type":"product","link":"https:\/\/uj.adatbank.ro\/lexikon\/termek\/pop-lupu-mihail\/","title":{"rendered":"POP LUPU, Mihail"},"content":{"rendered":"<p>? \u2020\u00a0?: g.kat pap. \u2013 Marosfelfaluban szolg\u00e1lt (1898\u20131906). Mez\u0151s\u00e1msondban (1921\u201341) szolg\u00e1lata idej\u00e9ben \u00e9p\u00edtett\u00e9k a Sf.Grigore Teologul templomot (1924). Kifestette Dimitrie B\u0103nic\u0103, buk.-i fest\u0151 (1976). Felszentelt\u00e9k (1977. aug.14.). Paroki\u00e1t is \u00e9p\u00edtettek (1928). <br \/><strong>Irod.:<\/strong> Reghin, Protopopiat; \u015eincan 2006<\/br><\/p>\n","protected":false},"excerpt":{"rendered":"<p>? \u2020\u00a0?: g.kat pap. \u2013 Marosfelfaluban szolg\u00e1lt (1898\u20131906). Mez\u0151s\u00e1msondban (1921\u201341) szolg\u00e1lata idej\u00e9ben \u00e9p\u00edtett\u00e9k a Sf.Grigore Teologul templomot (1924). Kifestette Dimitrie B\u0103nic\u0103, buk.-i fest\u0151 (1976). Felszentelt\u00e9k (1977. aug.14.). Paroki\u00e1t is \u00e9p\u00edtettek (1928). Irod.: Reghin, Protopopiat; \u015eincan 2006<\/p>\n","protected":false},"featured_media":0,"comment_status":"open","ping_status":"closed","template":"","meta":[],"product_brand":[],"product_cat":[137],"product_tag":[],"class_list":{"0":"post-18474","1":"product","2":"type-product","3":"status-publish","5":"product_cat-maros-megyei-eletrajzi-lexikon","7":"first","8":"instock","9":"shipping-taxable","10":"product-type-simple"},"_links":{"self":[{"href":"https:\/\/uj.adatbank.ro\/lexikon\/wp-json\/wp\/v2\/product\/18474","targetHints":{"allow":["GET"]}}],"collection":[{"href":"https:\/\/uj.adatbank.ro\/lexikon\/wp-json\/wp\/v2\/product"}],"about":[{"href":"https:\/\/uj.adatbank.ro\/lexikon\/wp-json\/wp\/v2\/types\/product"}],"replies":[{"embeddable":true,"href":"https:\/\/uj.adatbank.ro\/lexikon\/wp-json\/wp\/v2\/comments?post=18474"}],"wp:attachment":[{"href":"https:\/\/uj.adatbank.ro\/lexikon\/wp-json\/wp\/v2\/media?parent=18474"}],"wp:term":[{"taxonomy":"product_brand","embeddable":true,"href":"https:\/\/uj.adatbank.ro\/lexikon\/wp-json\/wp\/v2\/product_brand?post=18474"},{"taxonomy":"product_cat","embeddable":true,"href":"https:\/\/uj.adatbank.ro\/lexikon\/wp-json\/wp\/v2\/product_cat?post=18474"},{"taxonomy":"product_tag","embeddable":true,"href":"https:\/\/uj.adatbank.ro\/lexikon\/wp-json\/wp\/v2\/product_tag?post=18474"}],"curies":[{"name":"wp","href":"https:\/\/api.w.org\/{rel}","templated":true}]}}