{"id":18475,"date":"2025-07-16T10:53:11","date_gmt":"2025-07-16T08:53:11","guid":{"rendered":"https:\/\/uj.adatbank.ro\/lexikon\/termek\/pop-m-ioan\/"},"modified":"2025-07-16T10:53:11","modified_gmt":"2025-07-16T08:53:11","slug":"pop-m-ioan","status":"publish","type":"product","link":"https:\/\/uj.adatbank.ro\/lexikon\/termek\/pop-m-ioan\/","title":{"rendered":"POP, M. Ioan"},"content":{"rendered":"<p>Szentkir\u00e1ly, 1883.? \u2020 Szentkir\u00e1ly, 1939. nov.13.: tan\u00edt\u00f3. \u2013 Bal\u00e1zsfalva g\u00f6r\u00f6g-kat. Gimn\u00e1ziumban tanult \u00e9s oklevelet szerzett (1905). Sz\u00fcl\u0151faluj\u00e1ban lett tan\u00edt\u00f3 \u00e9s k\u00e1ntor. Akt\u00edv r\u00e9sztvev\u0151je a nemzeti egys\u00e9g\u00e9rt v\u00edvott k\u00fczdelemnek, r\u00e9szt vett a gyulafeh\u00e9rv\u00e1ri naggy\u0171l\u00e9sen is (1918). Tagja volt a R. Nemzeti, k\u00e9s\u0151bb a Nemzeti Parasztp\u00e1rtnak, amelynek sz\u00edneiben a Rom\u00e1n Parlament egyed\u00fcli rom\u00e1n taner\u0151je volt a szen\u00e1torok k\u00f6z\u00f6tt (1932\u201333). Tagja volt \u00e9s tev\u00e9nykedett a r\u00e9geni Astran\u00e1l, a ludasi Banca Federal\u0103 \u201eZorile\u201d-nak volt a k\u00f6nyvel\u00f6-p\u00e9nzt\u00e1rosa (1930\u201334). Mv.-en r\u00e9szt vett az antirevizionista n\u00e9pgy\u0171l\u00e9sen (1933). Az analfab\u00e9tizmus felsz\u00e1mol\u00e1s\u00e1\u00e9rt kifejtett tev\u00e9kenys\u00e9g\u00e9\u00e9rt ipari \u00e9s m\u0171vel\u0151d\u00e9si (Meritul industrial \u015fi cultural) \u00e9rdem\u00e9remmel t\u00fcntett\u00e9k ki (1926). <br \/><strong>Irod.:<\/strong> Dasc\u0103li mure\u015feni, 1.<\/br><\/p>\n","protected":false},"excerpt":{"rendered":"<p>Szentkir\u00e1ly, 1883.? \u2020 Szentkir\u00e1ly, 1939. nov.13.: tan\u00edt\u00f3. \u2013 Bal\u00e1zsfalva g\u00f6r\u00f6g-kat. Gimn\u00e1ziumban tanult \u00e9s oklevelet szerzett (1905). Sz\u00fcl\u0151faluj\u00e1ban lett tan\u00edt\u00f3 \u00e9s k\u00e1ntor. Akt\u00edv r\u00e9sztvev\u0151je a nemzeti egys\u00e9g\u00e9rt v\u00edvott k\u00fczdelemnek, r\u00e9szt vett a gyulafeh\u00e9rv\u00e1ri naggy\u0171l\u00e9sen is (1918). Tagja volt a R. Nemzeti, k\u00e9s\u0151bb a Nemzeti Parasztp\u00e1rtnak, amelynek sz\u00edneiben a Rom\u00e1n Parlament egyed\u00fcli rom\u00e1n taner\u0151je volt a szen\u00e1torok [&hellip;]<\/p>\n","protected":false},"featured_media":0,"comment_status":"open","ping_status":"closed","template":"","meta":[],"product_brand":[],"product_cat":[137],"product_tag":[],"class_list":{"0":"post-18475","1":"product","2":"type-product","3":"status-publish","5":"product_cat-maros-megyei-eletrajzi-lexikon","7":"first","8":"instock","9":"shipping-taxable","10":"product-type-simple"},"_links":{"self":[{"href":"https:\/\/uj.adatbank.ro\/lexikon\/wp-json\/wp\/v2\/product\/18475","targetHints":{"allow":["GET"]}}],"collection":[{"href":"https:\/\/uj.adatbank.ro\/lexikon\/wp-json\/wp\/v2\/product"}],"about":[{"href":"https:\/\/uj.adatbank.ro\/lexikon\/wp-json\/wp\/v2\/types\/product"}],"replies":[{"embeddable":true,"href":"https:\/\/uj.adatbank.ro\/lexikon\/wp-json\/wp\/v2\/comments?post=18475"}],"wp:attachment":[{"href":"https:\/\/uj.adatbank.ro\/lexikon\/wp-json\/wp\/v2\/media?parent=18475"}],"wp:term":[{"taxonomy":"product_brand","embeddable":true,"href":"https:\/\/uj.adatbank.ro\/lexikon\/wp-json\/wp\/v2\/product_brand?post=18475"},{"taxonomy":"product_cat","embeddable":true,"href":"https:\/\/uj.adatbank.ro\/lexikon\/wp-json\/wp\/v2\/product_cat?post=18475"},{"taxonomy":"product_tag","embeddable":true,"href":"https:\/\/uj.adatbank.ro\/lexikon\/wp-json\/wp\/v2\/product_tag?post=18475"}],"curies":[{"name":"wp","href":"https:\/\/api.w.org\/{rel}","templated":true}]}}