{"id":18476,"date":"2025-07-16T10:53:14","date_gmt":"2025-07-16T08:53:14","guid":{"rendered":"https:\/\/uj.adatbank.ro\/lexikon\/termek\/pop-magheru-ioan\/"},"modified":"2025-07-16T10:53:14","modified_gmt":"2025-07-16T08:53:14","slug":"pop-magheru-ioan","status":"publish","type":"product","link":"https:\/\/uj.adatbank.ro\/lexikon\/termek\/pop-magheru-ioan\/","title":{"rendered":"POP MAGHERU, Ioan"},"content":{"rendered":"<p>? \u2020 ?: int\u00e9z\u0151. \u2013 A Bornemisza P\u00e1l br.abaf\u00e1ji uradalm\u00e1n volt int\u00e9z\u0151. A b\u00e1r\u00f3 \u00e9s a saj\u00e1t szorgalmaz\u00e1s\u00e1ra j\u00f6tt l\u00e9tre a szervezett rom\u00e1n tannyelv\u0171 oktat\u00e1s Abaf\u00e1j\u00e1n (1850-es \u00e9vek). A b\u00e1r\u00f3 13 hold (7 ha) f\u00f6ldet (sz\u00e1nt\u00f3t \u00e9s kasz\u00e1l\u00f3t) adom\u00e1nyozott, azok bev\u00e9tel\u00e9b\u0151l az abaf\u00e1ji rom\u00e1n \u00edfj\u00fas\u00e1g nevel\u00e9s\u00e9t, a tan\u00edt\u00f3k javadalmaz\u00e1s\u00e1t t\u00e1mogatta (1853). \u00daj iskol\u00e1t a g.kat. templom mell\u00e9 \u00e9p\u00edttetett (1852). Mindenkori kur\u00e1tornak az uradalom int\u00e9z\u0151j\u00e9t nevezte ki. <br \/><strong>Irod.:<\/strong> Costea 1999<\/br><\/p>\n","protected":false},"excerpt":{"rendered":"<p>? \u2020 ?: int\u00e9z\u0151. \u2013 A Bornemisza P\u00e1l br.abaf\u00e1ji uradalm\u00e1n volt int\u00e9z\u0151. A b\u00e1r\u00f3 \u00e9s a saj\u00e1t szorgalmaz\u00e1s\u00e1ra j\u00f6tt l\u00e9tre a szervezett rom\u00e1n tannyelv\u0171 oktat\u00e1s Abaf\u00e1j\u00e1n (1850-es \u00e9vek). A b\u00e1r\u00f3 13 hold (7 ha) f\u00f6ldet (sz\u00e1nt\u00f3t \u00e9s kasz\u00e1l\u00f3t) adom\u00e1nyozott, azok bev\u00e9tel\u00e9b\u0151l az abaf\u00e1ji rom\u00e1n \u00edfj\u00fas\u00e1g nevel\u00e9s\u00e9t, a tan\u00edt\u00f3k javadalmaz\u00e1s\u00e1t t\u00e1mogatta (1853). \u00daj iskol\u00e1t a g.kat. [&hellip;]<\/p>\n","protected":false},"featured_media":0,"comment_status":"open","ping_status":"closed","template":"","meta":[],"product_brand":[],"product_cat":[137],"product_tag":[],"class_list":{"0":"post-18476","1":"product","2":"type-product","3":"status-publish","5":"product_cat-maros-megyei-eletrajzi-lexikon","7":"first","8":"instock","9":"shipping-taxable","10":"product-type-simple"},"_links":{"self":[{"href":"https:\/\/uj.adatbank.ro\/lexikon\/wp-json\/wp\/v2\/product\/18476","targetHints":{"allow":["GET"]}}],"collection":[{"href":"https:\/\/uj.adatbank.ro\/lexikon\/wp-json\/wp\/v2\/product"}],"about":[{"href":"https:\/\/uj.adatbank.ro\/lexikon\/wp-json\/wp\/v2\/types\/product"}],"replies":[{"embeddable":true,"href":"https:\/\/uj.adatbank.ro\/lexikon\/wp-json\/wp\/v2\/comments?post=18476"}],"wp:attachment":[{"href":"https:\/\/uj.adatbank.ro\/lexikon\/wp-json\/wp\/v2\/media?parent=18476"}],"wp:term":[{"taxonomy":"product_brand","embeddable":true,"href":"https:\/\/uj.adatbank.ro\/lexikon\/wp-json\/wp\/v2\/product_brand?post=18476"},{"taxonomy":"product_cat","embeddable":true,"href":"https:\/\/uj.adatbank.ro\/lexikon\/wp-json\/wp\/v2\/product_cat?post=18476"},{"taxonomy":"product_tag","embeddable":true,"href":"https:\/\/uj.adatbank.ro\/lexikon\/wp-json\/wp\/v2\/product_tag?post=18476"}],"curies":[{"name":"wp","href":"https:\/\/api.w.org\/{rel}","templated":true}]}}