{"id":18477,"date":"2025-07-16T10:53:16","date_gmt":"2025-07-16T08:53:16","guid":{"rendered":"https:\/\/uj.adatbank.ro\/lexikon\/termek\/pop-maior-ioan\/"},"modified":"2025-07-16T10:53:16","modified_gmt":"2025-07-16T08:53:16","slug":"pop-maior-ioan","status":"publish","type":"product","link":"https:\/\/uj.adatbank.ro\/lexikon\/termek\/pop-maior-ioan\/","title":{"rendered":"POP MAIOR, Ioan"},"content":{"rendered":"<p>Mez\u0151kapus, 1796. j\u00fal. 2., \u2020 Sz\u00e1szr\u00e9gen, 1877. m\u00e1rc. 31.: politikus, \u00fajs\u00e1g\u00edr\u00f3, mec\u00e9n\u00e1s, Petru M. unoka\u00f6ccse. \u2013 Tanulm\u00e1nyai v\u00e9gezt\u00e9vel Bornemissza P\u00e1l b\u00e1r\u00f3 gazdatisztje Ludv\u00e9gen, G\u00f6rg\u00e9nyben ad\u00f3szed\u0151, Tordamegye alisp\u00e1nja. Seg\u00edts\u00e9g\u00e9vel Ludv\u00e9gen (vagy Teke\u00fajfaluban) a g. kat h\u00edvek \u00fajj\u00e1\u00e9p\u00edtett\u00e9k a r\u00e9gi temet\u0151ben tal\u00e1lhat\u00f3 fatemplomot (1837). Lib\u00e1nfalva mellett birtokot \u00f6r\u00f6k\u00f6lt, ahol modern mez\u0151gazd\u00e1lkod\u00e1st folytatott. R\u00e9szt vett a bal\u00e1zsfalvi nagygy\u0171l\u00e9sen (1848. m\u00e1j. 15\u201317), ahol bev\u00e1lasztott\u00e1k abba a k\u00fcld\u00f6tts\u00e9gbe amely a rom\u00e1ns\u00e1g k\u00f6vetel\u00e9seit vitte a kv.-i orsz\u00e1ggy\u0171l\u00e9sre. R\u00e9genben terjesztette a Dacia Superioara c. \u00edr\u00e1s\u00e1t. Abaf\u00e1j\u00e1ra k\u00f6lt\u00f6z\u00f6tt (1848 ut\u00e1n). J\u00f3m\u00f3d\u00fav\u00e1 v\u00e1lva a rom\u00e1n kult\u00e1r\u00e1ra is sokat \u00e1ldozott. Seg\u00e9lyezte \u00e9s k\u00f6zvet\u00edtette Bornemissza P\u00e1l t\u00e1mogat\u00e1s\u00e1t Beresztelke, Abaf\u00e1ja, L\u00fadv\u00e9g, Teke\u00fajfalu, Lukailencfalva, Als\u00f3k\u00f6h\u00e9r iskol\u00e1i r\u00e9sz\u00e9re. Sz\u00e1szr\u00e9genbe ter\u00fcletet adom\u00e1nyozott egy rom\u00e1n l\u00edceum \u00e9p\u00edt\u00e9s\u00e9hez, az iskola f\u0151kur\u00e1tora volt (1854\u201359). Nagyobb \u00f6sszeget adom\u00e1nyozott a bal\u00e1zsfalvi m\u00fazeumnak (1860). Gy\u0171jt\u00e9st rendezett szeg\u00e9ny jog\u00e1szok megseg\u00edt\u00e9s\u00e9re. Harcolt a rom\u00e1ns\u00e1g jogai\u00e1rt, tiltakozott az osztr\u00e1k-magyar kiegyez\u00e9s ellen (1867), h\u00edve volt a nemzetis\u00e9gek b\u00e9k\u00e9s egym\u00e1s mellett \u00e9l\u00e9s\u00e9nek. Alap\u00edt\u00f3ja volt az ASTRA r\u00e9geni tagozat\u00e1nak \u00e9s annak els\u0151 eln\u00f6ke lett, sokat tett a rom\u00e1nok szellemi halad\u00e1s\u00e1\u00e9rt Erd\u00e9lyben (1874. \u00e1pr. 14.). R\u00e9gen v\u00e1ros a rom\u00e1nok m\u0171vel\u0151d\u00e9si k\u00f6zpontja volt, ennek elismer\u00e9sek\u00e9nt tartotta ott az ASTRA k\u00e9t alkalommal a k\u00f6zgy\u0171l\u00e9s\u00e9t (1875. aug. 29\u201330. \u00e9s 1890. aug. 27 \u2013 28). \u00c9lete v\u00e9g\u00e9n visszavonult a k\u00f6z\u00e9letb\u00f6l de anyagi t\u00e1mogat\u00e1s\u00e1t szinte minden kultur\u00e1lis int\u00e9zm\u00e9ny \u00e9lvezte, k\u00f6zel 200 k\u00f6tetes k\u00f6nyvt\u00e1r\u00e1t a r\u00e9geni Astra k\u00f6nyvt\u00e1r\u00e1nak adom\u00e1nyozta. V\u00e9grendelet\u00e9ben 2000 frt. hagyott egy alap\u00edtv\u00e1ny l\u00e9tes\u00edt\u00e9s\u00e9re amelyet szeg\u00e9ny tanul\u00f3k \u00f6szt\u00f6nd\u00edj\u00e1ra haszn\u00e1lhattak, 500 frt hagyott a r\u00e9geni iskol\u00e1k rom\u00e1n taner\u0151inek fizet\u00e9semel\u00e9s\u00e9re, 200 frt. az ortodox egyh\u00e1zra, 200 frt. a bp-i Petru Maior Egyes\u00fcletnek. K\u00f6z\u00f6lt a Gazeta Transilvaniei, Concordia-ban. \u2013 <strong>F. m.:<\/strong>. <strong>t\u00e1rssz.:<\/strong> Nicoar\u0103 Eugen : Istoricul \u015fi activitataea Astrei Reghin (Reghin, 1940). <br \/><strong>Irod.:<\/strong> Abaf\u00e1ja; Deda \u00een spa\u0163iu; Gazeta Regh. (1994. 5 nr. 12. 46); Lunca; P\u0103c\u0103\u0163ian; Profiluri mure\u015fene. 1.; Regh. Cult. 2; Reghin, Protopopiat; Todea 2013<\/br><\/p>\n","protected":false},"excerpt":{"rendered":"<p>Mez\u0151kapus, 1796. j\u00fal. 2., \u2020 Sz\u00e1szr\u00e9gen, 1877. m\u00e1rc. 31.: politikus, \u00fajs\u00e1g\u00edr\u00f3, mec\u00e9n\u00e1s, Petru M. unoka\u00f6ccse. \u2013 Tanulm\u00e1nyai v\u00e9gezt\u00e9vel Bornemissza P\u00e1l b\u00e1r\u00f3 gazdatisztje Ludv\u00e9gen, G\u00f6rg\u00e9nyben ad\u00f3szed\u0151, Tordamegye alisp\u00e1nja. Seg\u00edts\u00e9g\u00e9vel Ludv\u00e9gen (vagy Teke\u00fajfaluban) a g. kat h\u00edvek \u00fajj\u00e1\u00e9p\u00edtett\u00e9k a r\u00e9gi temet\u0151ben tal\u00e1lhat\u00f3 fatemplomot (1837). Lib\u00e1nfalva mellett birtokot \u00f6r\u00f6k\u00f6lt, ahol modern mez\u0151gazd\u00e1lkod\u00e1st folytatott. R\u00e9szt vett a bal\u00e1zsfalvi nagygy\u0171l\u00e9sen [&hellip;]<\/p>\n","protected":false},"featured_media":0,"comment_status":"open","ping_status":"closed","template":"","meta":[],"product_brand":[],"product_cat":[137],"product_tag":[],"class_list":{"0":"post-18477","1":"product","2":"type-product","3":"status-publish","5":"product_cat-maros-megyei-eletrajzi-lexikon","7":"first","8":"instock","9":"shipping-taxable","10":"product-type-simple"},"_links":{"self":[{"href":"https:\/\/uj.adatbank.ro\/lexikon\/wp-json\/wp\/v2\/product\/18477","targetHints":{"allow":["GET"]}}],"collection":[{"href":"https:\/\/uj.adatbank.ro\/lexikon\/wp-json\/wp\/v2\/product"}],"about":[{"href":"https:\/\/uj.adatbank.ro\/lexikon\/wp-json\/wp\/v2\/types\/product"}],"replies":[{"embeddable":true,"href":"https:\/\/uj.adatbank.ro\/lexikon\/wp-json\/wp\/v2\/comments?post=18477"}],"wp:attachment":[{"href":"https:\/\/uj.adatbank.ro\/lexikon\/wp-json\/wp\/v2\/media?parent=18477"}],"wp:term":[{"taxonomy":"product_brand","embeddable":true,"href":"https:\/\/uj.adatbank.ro\/lexikon\/wp-json\/wp\/v2\/product_brand?post=18477"},{"taxonomy":"product_cat","embeddable":true,"href":"https:\/\/uj.adatbank.ro\/lexikon\/wp-json\/wp\/v2\/product_cat?post=18477"},{"taxonomy":"product_tag","embeddable":true,"href":"https:\/\/uj.adatbank.ro\/lexikon\/wp-json\/wp\/v2\/product_tag?post=18477"}],"curies":[{"name":"wp","href":"https:\/\/api.w.org\/{rel}","templated":true}]}}