{"id":18478,"date":"2025-07-16T10:53:18","date_gmt":"2025-07-16T08:53:18","guid":{"rendered":"https:\/\/uj.adatbank.ro\/lexikon\/termek\/pop-maior-ioan-2\/"},"modified":"2025-07-16T10:53:18","modified_gmt":"2025-07-16T08:53:18","slug":"pop-maior-ioan-2","status":"publish","type":"product","link":"https:\/\/uj.adatbank.ro\/lexikon\/termek\/pop-maior-ioan-2\/","title":{"rendered":"POP MAIOR, Ioan"},"content":{"rendered":"<p>Hod\u00e1k, ? \u2020 1849. jan. 7.: forradalm\u00e1r. \u2013 R\u00e9szt vett a forradalmi esem\u00e9nyekben; a magyar katon\u00e1k agyonvert\u00e9k. <br \/><strong>Irod.:<\/strong> Transilvania 1848\u201349<\/br><\/p>\n","protected":false},"excerpt":{"rendered":"<p>Hod\u00e1k, ? \u2020 1849. jan. 7.: forradalm\u00e1r. \u2013 R\u00e9szt vett a forradalmi esem\u00e9nyekben; a magyar katon\u00e1k agyonvert\u00e9k. Irod.: Transilvania 1848\u201349<\/p>\n","protected":false},"featured_media":0,"comment_status":"open","ping_status":"closed","template":"","meta":[],"product_brand":[],"product_cat":[137],"product_tag":[],"class_list":{"0":"post-18478","1":"product","2":"type-product","3":"status-publish","5":"product_cat-maros-megyei-eletrajzi-lexikon","7":"first","8":"instock","9":"shipping-taxable","10":"product-type-simple"},"_links":{"self":[{"href":"https:\/\/uj.adatbank.ro\/lexikon\/wp-json\/wp\/v2\/product\/18478","targetHints":{"allow":["GET"]}}],"collection":[{"href":"https:\/\/uj.adatbank.ro\/lexikon\/wp-json\/wp\/v2\/product"}],"about":[{"href":"https:\/\/uj.adatbank.ro\/lexikon\/wp-json\/wp\/v2\/types\/product"}],"replies":[{"embeddable":true,"href":"https:\/\/uj.adatbank.ro\/lexikon\/wp-json\/wp\/v2\/comments?post=18478"}],"wp:attachment":[{"href":"https:\/\/uj.adatbank.ro\/lexikon\/wp-json\/wp\/v2\/media?parent=18478"}],"wp:term":[{"taxonomy":"product_brand","embeddable":true,"href":"https:\/\/uj.adatbank.ro\/lexikon\/wp-json\/wp\/v2\/product_brand?post=18478"},{"taxonomy":"product_cat","embeddable":true,"href":"https:\/\/uj.adatbank.ro\/lexikon\/wp-json\/wp\/v2\/product_cat?post=18478"},{"taxonomy":"product_tag","embeddable":true,"href":"https:\/\/uj.adatbank.ro\/lexikon\/wp-json\/wp\/v2\/product_tag?post=18478"}],"curies":[{"name":"wp","href":"https:\/\/api.w.org\/{rel}","templated":true}]}}