{"id":18479,"date":"2025-07-16T10:53:19","date_gmt":"2025-07-16T08:53:19","guid":{"rendered":"https:\/\/uj.adatbank.ro\/lexikon\/termek\/pop-maria-bucin-maria\/"},"modified":"2025-07-16T10:53:19","modified_gmt":"2025-07-16T08:53:19","slug":"pop-maria-bucin-maria","status":"publish","type":"product","link":"https:\/\/uj.adatbank.ro\/lexikon\/termek\/pop-maria-bucin-maria\/","title":{"rendered":"POP, Maria; Bucin Maria"},"content":{"rendered":"<p>Marostelek, 1952. j\u00fan. 1., \u2020 Gernyeszeg (Maros), 2001.: tan\u00edt\u00f3n\u0151. \u2013 Elemi iskol\u00e1t\u00e9s gimn\u00e1ziumot Gernyeszeren (1959\u201367), tan\u00edt\u00f3k\u00e9pz\u0151 Mv.-en v\u00e9gzett (1972). Tan\u00edtott: Nagyszederjesen (1972\u201376), K\u00f6rtv\u00e9lyf\u00e1j\u00e1n (1976\u201382), a gernyeszegi Prevent\u00f3riumban (1982\u201383), Gernyeszegen (1983\u20132001), ahol aligazgat\u00f3 volt (1995\u201397). Tov\u00e1bbk\u00e9pz\u0151 tanfolyamon vett r\u00e9szt (1988\u201389). <br \/><strong>Irod.:<\/strong> Dasc\u0103li mure\u015feni 4.<\/br><\/p>\n","protected":false},"excerpt":{"rendered":"<p>Marostelek, 1952. j\u00fan. 1., \u2020 Gernyeszeg (Maros), 2001.: tan\u00edt\u00f3n\u0151. \u2013 Elemi iskol\u00e1t\u00e9s gimn\u00e1ziumot Gernyeszeren (1959\u201367), tan\u00edt\u00f3k\u00e9pz\u0151 Mv.-en v\u00e9gzett (1972). Tan\u00edtott: Nagyszederjesen (1972\u201376), K\u00f6rtv\u00e9lyf\u00e1j\u00e1n (1976\u201382), a gernyeszegi Prevent\u00f3riumban (1982\u201383), Gernyeszegen (1983\u20132001), ahol aligazgat\u00f3 volt (1995\u201397). Tov\u00e1bbk\u00e9pz\u0151 tanfolyamon vett r\u00e9szt (1988\u201389). Irod.: Dasc\u0103li mure\u015feni 4.<\/p>\n","protected":false},"featured_media":0,"comment_status":"open","ping_status":"closed","template":"","meta":[],"product_brand":[],"product_cat":[137],"product_tag":[],"class_list":{"0":"post-18479","1":"product","2":"type-product","3":"status-publish","5":"product_cat-maros-megyei-eletrajzi-lexikon","7":"first","8":"instock","9":"shipping-taxable","10":"product-type-simple"},"_links":{"self":[{"href":"https:\/\/uj.adatbank.ro\/lexikon\/wp-json\/wp\/v2\/product\/18479","targetHints":{"allow":["GET"]}}],"collection":[{"href":"https:\/\/uj.adatbank.ro\/lexikon\/wp-json\/wp\/v2\/product"}],"about":[{"href":"https:\/\/uj.adatbank.ro\/lexikon\/wp-json\/wp\/v2\/types\/product"}],"replies":[{"embeddable":true,"href":"https:\/\/uj.adatbank.ro\/lexikon\/wp-json\/wp\/v2\/comments?post=18479"}],"wp:attachment":[{"href":"https:\/\/uj.adatbank.ro\/lexikon\/wp-json\/wp\/v2\/media?parent=18479"}],"wp:term":[{"taxonomy":"product_brand","embeddable":true,"href":"https:\/\/uj.adatbank.ro\/lexikon\/wp-json\/wp\/v2\/product_brand?post=18479"},{"taxonomy":"product_cat","embeddable":true,"href":"https:\/\/uj.adatbank.ro\/lexikon\/wp-json\/wp\/v2\/product_cat?post=18479"},{"taxonomy":"product_tag","embeddable":true,"href":"https:\/\/uj.adatbank.ro\/lexikon\/wp-json\/wp\/v2\/product_tag?post=18479"}],"curies":[{"name":"wp","href":"https:\/\/api.w.org\/{rel}","templated":true}]}}