{"id":1848,"date":"2025-06-28T11:55:20","date_gmt":"2025-06-28T09:55:20","guid":{"rendered":"https:\/\/uj.adatbank.ro\/lexikon\/termek\/bajko-ferenc\/"},"modified":"2025-06-28T11:55:20","modified_gmt":"2025-06-28T09:55:20","slug":"bajko-ferenc","status":"publish","type":"product","link":"https:\/\/uj.adatbank.ro\/lexikon\/termek\/bajko-ferenc\/","title":{"rendered":"BAJK\u00d3 Ferenc"},"content":{"rendered":"<p>S\u00e1rfalva, ? \u2020\u00a01781. m\u00e1rc. 16.: r. k. pap. \u2013 Kv.-on a Jezsuit Gimn.-ban \u00e9s Akad.-\u00e1n tanult (1747\u201353), majd Gyulafeh\u00e9rv\u00e1ron tanult az els\u0151 n\u00f6vend\u00e9kek k\u00f6z\u00f6tt. Pl\u00e9b\u00e1nos B\u00f6z\u00f6d\u00fajfaluban (1753\u201360), Atyh\u00e1ban (1760- v. 1764). <br \/><strong>Irod.:<\/strong> Ferenczi S\u00e1ndor 2009<\/br><\/p>\n","protected":false},"excerpt":{"rendered":"<p>S\u00e1rfalva, ? \u2020\u00a01781. m\u00e1rc. 16.: r. k. pap. \u2013 Kv.-on a Jezsuit Gimn.-ban \u00e9s Akad.-\u00e1n tanult (1747\u201353), majd Gyulafeh\u00e9rv\u00e1ron tanult az els\u0151 n\u00f6vend\u00e9kek k\u00f6z\u00f6tt. Pl\u00e9b\u00e1nos B\u00f6z\u00f6d\u00fajfaluban (1753\u201360), Atyh\u00e1ban (1760- v. 1764). Irod.: Ferenczi S\u00e1ndor 2009<\/p>\n","protected":false},"featured_media":0,"comment_status":"open","ping_status":"closed","template":"","meta":[],"product_brand":[],"product_cat":[137],"product_tag":[],"class_list":{"0":"post-1848","1":"product","2":"type-product","3":"status-publish","5":"product_cat-maros-megyei-eletrajzi-lexikon","7":"first","8":"instock","9":"shipping-taxable","10":"product-type-simple"},"_links":{"self":[{"href":"https:\/\/uj.adatbank.ro\/lexikon\/wp-json\/wp\/v2\/product\/1848","targetHints":{"allow":["GET"]}}],"collection":[{"href":"https:\/\/uj.adatbank.ro\/lexikon\/wp-json\/wp\/v2\/product"}],"about":[{"href":"https:\/\/uj.adatbank.ro\/lexikon\/wp-json\/wp\/v2\/types\/product"}],"replies":[{"embeddable":true,"href":"https:\/\/uj.adatbank.ro\/lexikon\/wp-json\/wp\/v2\/comments?post=1848"}],"wp:attachment":[{"href":"https:\/\/uj.adatbank.ro\/lexikon\/wp-json\/wp\/v2\/media?parent=1848"}],"wp:term":[{"taxonomy":"product_brand","embeddable":true,"href":"https:\/\/uj.adatbank.ro\/lexikon\/wp-json\/wp\/v2\/product_brand?post=1848"},{"taxonomy":"product_cat","embeddable":true,"href":"https:\/\/uj.adatbank.ro\/lexikon\/wp-json\/wp\/v2\/product_cat?post=1848"},{"taxonomy":"product_tag","embeddable":true,"href":"https:\/\/uj.adatbank.ro\/lexikon\/wp-json\/wp\/v2\/product_tag?post=1848"}],"curies":[{"name":"wp","href":"https:\/\/api.w.org\/{rel}","templated":true}]}}