{"id":18484,"date":"2025-07-16T10:53:32","date_gmt":"2025-07-16T08:53:32","guid":{"rendered":"https:\/\/uj.adatbank.ro\/lexikon\/termek\/pop-oanea\/"},"modified":"2025-07-16T10:53:32","modified_gmt":"2025-07-16T08:53:32","slug":"pop-oanea","status":"publish","type":"product","link":"https:\/\/uj.adatbank.ro\/lexikon\/termek\/pop-oanea\/","title":{"rendered":"POP, Oanea"},"content":{"rendered":"<p>Erd\u0151szak\u00e1l ? \u2020\u00a0?: g. kat. esperes. \u2013 A sz\u00fcl\u0151faluj\u00e1ban siker\u00fclt a lak\u00f3s\u00e1g nagyr\u00e9sz\u00e9t \u00e1tt\u00e9r\u00edteni az ort. vall\u00e1sr\u00f3l a g. kat. vall\u00e1sra. Templomot is \u00e9p\u00edtett (1780). <br \/><strong>Irod.:<\/strong> S\u0103calu de P\u0103dure<\/br><\/p>\n","protected":false},"excerpt":{"rendered":"<p>Erd\u0151szak\u00e1l ? \u2020\u00a0?: g. kat. esperes. \u2013 A sz\u00fcl\u0151faluj\u00e1ban siker\u00fclt a lak\u00f3s\u00e1g nagyr\u00e9sz\u00e9t \u00e1tt\u00e9r\u00edteni az ort. vall\u00e1sr\u00f3l a g. kat. vall\u00e1sra. Templomot is \u00e9p\u00edtett (1780). Irod.: S\u0103calu de P\u0103dure<\/p>\n","protected":false},"featured_media":0,"comment_status":"open","ping_status":"closed","template":"","meta":[],"product_brand":[],"product_cat":[137],"product_tag":[],"class_list":{"0":"post-18484","1":"product","2":"type-product","3":"status-publish","5":"product_cat-maros-megyei-eletrajzi-lexikon","7":"first","8":"instock","9":"shipping-taxable","10":"product-type-simple"},"_links":{"self":[{"href":"https:\/\/uj.adatbank.ro\/lexikon\/wp-json\/wp\/v2\/product\/18484","targetHints":{"allow":["GET"]}}],"collection":[{"href":"https:\/\/uj.adatbank.ro\/lexikon\/wp-json\/wp\/v2\/product"}],"about":[{"href":"https:\/\/uj.adatbank.ro\/lexikon\/wp-json\/wp\/v2\/types\/product"}],"replies":[{"embeddable":true,"href":"https:\/\/uj.adatbank.ro\/lexikon\/wp-json\/wp\/v2\/comments?post=18484"}],"wp:attachment":[{"href":"https:\/\/uj.adatbank.ro\/lexikon\/wp-json\/wp\/v2\/media?parent=18484"}],"wp:term":[{"taxonomy":"product_brand","embeddable":true,"href":"https:\/\/uj.adatbank.ro\/lexikon\/wp-json\/wp\/v2\/product_brand?post=18484"},{"taxonomy":"product_cat","embeddable":true,"href":"https:\/\/uj.adatbank.ro\/lexikon\/wp-json\/wp\/v2\/product_cat?post=18484"},{"taxonomy":"product_tag","embeddable":true,"href":"https:\/\/uj.adatbank.ro\/lexikon\/wp-json\/wp\/v2\/product_tag?post=18484"}],"curies":[{"name":"wp","href":"https:\/\/api.w.org\/{rel}","templated":true}]}}