{"id":18485,"date":"2025-07-16T10:53:34","date_gmt":"2025-07-16T08:53:34","guid":{"rendered":"https:\/\/uj.adatbank.ro\/lexikon\/termek\/pop-octavian\/"},"modified":"2025-07-16T10:53:34","modified_gmt":"2025-07-16T08:53:34","slug":"pop-octavian","status":"publish","type":"product","link":"https:\/\/uj.adatbank.ro\/lexikon\/termek\/pop-octavian\/","title":{"rendered":"POP Octavian"},"content":{"rendered":"<p>Farag\u00f3, 1863. jan. 13., \u2020\u00a0?: g. kat. pap. \u2013 A gimn.-ot (1882), a teol\u00f3giai szemin\u00e1riumot Bal\u00e1zsfalv\u00e1n v\u00e9gezte (1886). Megn\u0151s\u00fclt. Papp\u00e1 szentelt\u00e9k (1887) \u00e9s kinevezt\u00e9k Farag\u00f3ba munkat\u00e1rsnak (1887\u201393), majd pl\u00e9b\u00e1nosi kinevez\u00e9st kapott (1893. m\u00e1rc.21.-\u20131900). <br \/><strong>Irod.:<\/strong> F\u0103r\u0103g\u0103u; \u0218ematism<\/br><\/p>\n","protected":false},"excerpt":{"rendered":"<p>Farag\u00f3, 1863. jan. 13., \u2020\u00a0?: g. kat. pap. \u2013 A gimn.-ot (1882), a teol\u00f3giai szemin\u00e1riumot Bal\u00e1zsfalv\u00e1n v\u00e9gezte (1886). Megn\u0151s\u00fclt. Papp\u00e1 szentelt\u00e9k (1887) \u00e9s kinevezt\u00e9k Farag\u00f3ba munkat\u00e1rsnak (1887\u201393), majd pl\u00e9b\u00e1nosi kinevez\u00e9st kapott (1893. m\u00e1rc.21.-\u20131900). Irod.: F\u0103r\u0103g\u0103u; \u0218ematism<\/p>\n","protected":false},"featured_media":0,"comment_status":"open","ping_status":"closed","template":"","meta":[],"product_brand":[],"product_cat":[137],"product_tag":[],"class_list":{"0":"post-18485","1":"product","2":"type-product","3":"status-publish","5":"product_cat-maros-megyei-eletrajzi-lexikon","7":"first","8":"instock","9":"shipping-taxable","10":"product-type-simple"},"_links":{"self":[{"href":"https:\/\/uj.adatbank.ro\/lexikon\/wp-json\/wp\/v2\/product\/18485","targetHints":{"allow":["GET"]}}],"collection":[{"href":"https:\/\/uj.adatbank.ro\/lexikon\/wp-json\/wp\/v2\/product"}],"about":[{"href":"https:\/\/uj.adatbank.ro\/lexikon\/wp-json\/wp\/v2\/types\/product"}],"replies":[{"embeddable":true,"href":"https:\/\/uj.adatbank.ro\/lexikon\/wp-json\/wp\/v2\/comments?post=18485"}],"wp:attachment":[{"href":"https:\/\/uj.adatbank.ro\/lexikon\/wp-json\/wp\/v2\/media?parent=18485"}],"wp:term":[{"taxonomy":"product_brand","embeddable":true,"href":"https:\/\/uj.adatbank.ro\/lexikon\/wp-json\/wp\/v2\/product_brand?post=18485"},{"taxonomy":"product_cat","embeddable":true,"href":"https:\/\/uj.adatbank.ro\/lexikon\/wp-json\/wp\/v2\/product_cat?post=18485"},{"taxonomy":"product_tag","embeddable":true,"href":"https:\/\/uj.adatbank.ro\/lexikon\/wp-json\/wp\/v2\/product_tag?post=18485"}],"curies":[{"name":"wp","href":"https:\/\/api.w.org\/{rel}","templated":true}]}}