{"id":18487,"date":"2025-07-16T10:53:37","date_gmt":"2025-07-16T08:53:37","guid":{"rendered":"https:\/\/uj.adatbank.ro\/lexikon\/termek\/pop-ovidiu\/"},"modified":"2025-07-16T10:53:37","modified_gmt":"2025-07-16T08:53:37","slug":"pop-ovidiu","status":"publish","type":"product","link":"https:\/\/uj.adatbank.ro\/lexikon\/termek\/pop-ovidiu\/","title":{"rendered":"POP, Ovidiu"},"content":{"rendered":"<p>1905. \u2020 2000.: katonatiszt. \u2013 Vasile Moldovan, memorandista \u00e9s eml\u00e9k\u00edr\u00f3 unok\u00e1ja. \u2013 A Rom. Hadseregben ezredesi rangot \u00e9rt el, \u00e9s el\u0151dei eszm\u00e9inek folytat\u00f3ja volt. Az 1970-es \u00e9veiben sokat tett nagyapja eml\u00e9k\u00e9nek revitaliz\u00e1s\u00e1\u00e9rt. A dics\u0151szentm\u00e1rtoni m\u00fazeumnak adom\u00e1nyozott t\u00f6bb fontos okm\u00e1nyt \u00e9s k\u00f6nyvet a nagyapai hagyat\u00e9kb\u00f3l (1975. \u00e1pr. 30.). <br \/><strong>Irod.:<\/strong> T\u00e2rn\u0103veni, cult.- ist.<\/br><\/p>\n","protected":false},"excerpt":{"rendered":"<p>1905. \u2020 2000.: katonatiszt. \u2013 Vasile Moldovan, memorandista \u00e9s eml\u00e9k\u00edr\u00f3 unok\u00e1ja. \u2013 A Rom. Hadseregben ezredesi rangot \u00e9rt el, \u00e9s el\u0151dei eszm\u00e9inek folytat\u00f3ja volt. Az 1970-es \u00e9veiben sokat tett nagyapja eml\u00e9k\u00e9nek revitaliz\u00e1s\u00e1\u00e9rt. A dics\u0151szentm\u00e1rtoni m\u00fazeumnak adom\u00e1nyozott t\u00f6bb fontos okm\u00e1nyt \u00e9s k\u00f6nyvet a nagyapai hagyat\u00e9kb\u00f3l (1975. \u00e1pr. 30.). Irod.: T\u00e2rn\u0103veni, cult.- ist.<\/p>\n","protected":false},"featured_media":0,"comment_status":"open","ping_status":"closed","template":"","meta":[],"product_brand":[],"product_cat":[137],"product_tag":[],"class_list":{"0":"post-18487","1":"product","2":"type-product","3":"status-publish","5":"product_cat-maros-megyei-eletrajzi-lexikon","7":"first","8":"instock","9":"shipping-taxable","10":"product-type-simple"},"_links":{"self":[{"href":"https:\/\/uj.adatbank.ro\/lexikon\/wp-json\/wp\/v2\/product\/18487","targetHints":{"allow":["GET"]}}],"collection":[{"href":"https:\/\/uj.adatbank.ro\/lexikon\/wp-json\/wp\/v2\/product"}],"about":[{"href":"https:\/\/uj.adatbank.ro\/lexikon\/wp-json\/wp\/v2\/types\/product"}],"replies":[{"embeddable":true,"href":"https:\/\/uj.adatbank.ro\/lexikon\/wp-json\/wp\/v2\/comments?post=18487"}],"wp:attachment":[{"href":"https:\/\/uj.adatbank.ro\/lexikon\/wp-json\/wp\/v2\/media?parent=18487"}],"wp:term":[{"taxonomy":"product_brand","embeddable":true,"href":"https:\/\/uj.adatbank.ro\/lexikon\/wp-json\/wp\/v2\/product_brand?post=18487"},{"taxonomy":"product_cat","embeddable":true,"href":"https:\/\/uj.adatbank.ro\/lexikon\/wp-json\/wp\/v2\/product_cat?post=18487"},{"taxonomy":"product_tag","embeddable":true,"href":"https:\/\/uj.adatbank.ro\/lexikon\/wp-json\/wp\/v2\/product_tag?post=18487"}],"curies":[{"name":"wp","href":"https:\/\/api.w.org\/{rel}","templated":true}]}}