{"id":18488,"date":"2025-07-16T10:53:41","date_gmt":"2025-07-16T08:53:41","guid":{"rendered":"https:\/\/uj.adatbank.ro\/lexikon\/termek\/pop-partenie\/"},"modified":"2025-07-16T10:53:41","modified_gmt":"2025-07-16T08:53:41","slug":"pop-partenie","status":"publish","type":"product","link":"https:\/\/uj.adatbank.ro\/lexikon\/termek\/pop-partenie\/","title":{"rendered":"POP, Partenie"},"content":{"rendered":"<p>1936, \u2020 ?: ort. pap. \u2013 Dics\u0151szentm\u00e1rtonban szolg\u00e1lata ideje alatt (1971\u2013) vissza\u00e1ll\u00edtott\u00e1k a dics\u0151i Ort. Esperesi Hivatalt (1994. m\u00e1j. 24.\u2013), \u00e9s Andreicu\u0163 p\u00fcsp\u00f6k az iconom stavrofor c\u00edmmet adom\u00e1nyozta neki. Ugyanabban az esztend\u0151ben bev\u00e1lasztott\u00e1k a Gyulafeh\u00e9rv\u00e1ri Ort. Egyh\u00e1zmegye k\u00e9pvisel\u0151j\u00e9v\u00e9. Funkci\u00f3j\u00e1t a Vall\u00e1s\u00fcgyi \u00c1llami Titk\u00e1rs\u00e1g is elismerte. Szint\u00e9n az \u0151 idej\u00e9ben tett\u00e9k le az \u00ce\u0103l\u0163area Sfintei Cruci ort. templom alapjait (1992). <br \/><strong>Irod.:<\/strong> T\u00e2rn\u0103veni, cult.- ist.<\/br><\/p>\n","protected":false},"excerpt":{"rendered":"<p>1936, \u2020 ?: ort. pap. \u2013 Dics\u0151szentm\u00e1rtonban szolg\u00e1lata ideje alatt (1971\u2013) vissza\u00e1ll\u00edtott\u00e1k a dics\u0151i Ort. Esperesi Hivatalt (1994. m\u00e1j. 24.\u2013), \u00e9s Andreicu\u0163 p\u00fcsp\u00f6k az iconom stavrofor c\u00edmmet adom\u00e1nyozta neki. Ugyanabban az esztend\u0151ben bev\u00e1lasztott\u00e1k a Gyulafeh\u00e9rv\u00e1ri Ort. Egyh\u00e1zmegye k\u00e9pvisel\u0151j\u00e9v\u00e9. Funkci\u00f3j\u00e1t a Vall\u00e1s\u00fcgyi \u00c1llami Titk\u00e1rs\u00e1g is elismerte. Szint\u00e9n az \u0151 idej\u00e9ben tett\u00e9k le az \u00ce\u0103l\u0163area Sfintei Cruci [&hellip;]<\/p>\n","protected":false},"featured_media":0,"comment_status":"open","ping_status":"closed","template":"","meta":[],"product_brand":[],"product_cat":[137],"product_tag":[],"class_list":{"0":"post-18488","1":"product","2":"type-product","3":"status-publish","5":"product_cat-maros-megyei-eletrajzi-lexikon","7":"first","8":"instock","9":"shipping-taxable","10":"product-type-simple"},"_links":{"self":[{"href":"https:\/\/uj.adatbank.ro\/lexikon\/wp-json\/wp\/v2\/product\/18488","targetHints":{"allow":["GET"]}}],"collection":[{"href":"https:\/\/uj.adatbank.ro\/lexikon\/wp-json\/wp\/v2\/product"}],"about":[{"href":"https:\/\/uj.adatbank.ro\/lexikon\/wp-json\/wp\/v2\/types\/product"}],"replies":[{"embeddable":true,"href":"https:\/\/uj.adatbank.ro\/lexikon\/wp-json\/wp\/v2\/comments?post=18488"}],"wp:attachment":[{"href":"https:\/\/uj.adatbank.ro\/lexikon\/wp-json\/wp\/v2\/media?parent=18488"}],"wp:term":[{"taxonomy":"product_brand","embeddable":true,"href":"https:\/\/uj.adatbank.ro\/lexikon\/wp-json\/wp\/v2\/product_brand?post=18488"},{"taxonomy":"product_cat","embeddable":true,"href":"https:\/\/uj.adatbank.ro\/lexikon\/wp-json\/wp\/v2\/product_cat?post=18488"},{"taxonomy":"product_tag","embeddable":true,"href":"https:\/\/uj.adatbank.ro\/lexikon\/wp-json\/wp\/v2\/product_tag?post=18488"}],"curies":[{"name":"wp","href":"https:\/\/api.w.org\/{rel}","templated":true}]}}