{"id":18492,"date":"2025-07-16T10:53:51","date_gmt":"2025-07-16T08:53:51","guid":{"rendered":"https:\/\/uj.adatbank.ro\/lexikon\/termek\/pop-petru-4\/"},"modified":"2025-07-16T10:53:51","modified_gmt":"2025-07-16T08:53:51","slug":"pop-petru-4","status":"publish","type":"product","link":"https:\/\/uj.adatbank.ro\/lexikon\/termek\/pop-petru-4\/","title":{"rendered":"POP, Petru"},"content":{"rendered":"<p>Uzdiszentp\u00e9ter, 1821., \u2020 Lugos, 1910.: g\u00f6r.-kat. lelk\u00e9sz, esperes, vik\u00e1rius, tan\u00e1r. \u2013 Gimn\u00e1ziumot Kv.-on, teol\u00f3gi\u00e1t Bal\u00e1zsfalvn v\u00e9gzett. Tan\u00e1r lett ugyanott (1850\u2013) g\u00f6r\u00f6g\u00f6t, term\u00e9szetrajzot tan\u00edtott. A bal\u00e1zsfalvi gimn\u00e1zium igazgat\u00f3ja (1852\u20131854). Papp\u00e1 szentelt\u00e9k (1854) \u00e9s Fenesen (Feh\u00e9r m.) lett lelk\u00e9sz, onnan Nagy\u00e1gra ( Hunyad) helyezt\u00e9k (1857\u2013), ahol B\u00e1bolna traktus esperese is volt. P\u00fcsp\u00f6ki titk\u00e1r \u00e9s a lugosi liceum rom\u00e1ntan\u00e1ra lett (1859\u2013). H\u00e1tszegen (Hunyad) vik\u00e1rius (1862\u20131875), majd visszat\u00e9rt Lugosra, ahol az egyh\u00e1zmegye pr\u00e9postja \u00e9s p\u00fcsp\u00f6ki vik\u00e1riusa lett. A Vatik\u00e1n p\u00e1pai prel\u00e1tuss\u00e1 emelte (1875). Ugyanebben az \u00e9vben l\u00e9tes\u00edtett egy 1000 forintos alap\u00edtv\u00e1nyt, az iskol\u00e1k \u00e9s szeg\u00e9nysors\u00fa tanul\u00f3k megseg\u00edt\u00e9s\u00e9re. <br \/><strong>Irod.:<\/strong> Radu, Ioan T.: S\u00e2npetru de C\u00e2mpie, Studiu monografic (Tg. M, , 2003); Todea 2013<\/br><\/p>\n","protected":false},"excerpt":{"rendered":"<p>Uzdiszentp\u00e9ter, 1821., \u2020 Lugos, 1910.: g\u00f6r.-kat. lelk\u00e9sz, esperes, vik\u00e1rius, tan\u00e1r. \u2013 Gimn\u00e1ziumot Kv.-on, teol\u00f3gi\u00e1t Bal\u00e1zsfalvn v\u00e9gzett. Tan\u00e1r lett ugyanott (1850\u2013) g\u00f6r\u00f6g\u00f6t, term\u00e9szetrajzot tan\u00edtott. A bal\u00e1zsfalvi gimn\u00e1zium igazgat\u00f3ja (1852\u20131854). Papp\u00e1 szentelt\u00e9k (1854) \u00e9s Fenesen (Feh\u00e9r m.) lett lelk\u00e9sz, onnan Nagy\u00e1gra ( Hunyad) helyezt\u00e9k (1857\u2013), ahol B\u00e1bolna traktus esperese is volt. P\u00fcsp\u00f6ki titk\u00e1r \u00e9s a lugosi liceum [&hellip;]<\/p>\n","protected":false},"featured_media":0,"comment_status":"open","ping_status":"closed","template":"","meta":[],"product_brand":[],"product_cat":[137],"product_tag":[],"class_list":{"0":"post-18492","1":"product","2":"type-product","3":"status-publish","5":"product_cat-maros-megyei-eletrajzi-lexikon","7":"first","8":"instock","9":"shipping-taxable","10":"product-type-simple"},"_links":{"self":[{"href":"https:\/\/uj.adatbank.ro\/lexikon\/wp-json\/wp\/v2\/product\/18492","targetHints":{"allow":["GET"]}}],"collection":[{"href":"https:\/\/uj.adatbank.ro\/lexikon\/wp-json\/wp\/v2\/product"}],"about":[{"href":"https:\/\/uj.adatbank.ro\/lexikon\/wp-json\/wp\/v2\/types\/product"}],"replies":[{"embeddable":true,"href":"https:\/\/uj.adatbank.ro\/lexikon\/wp-json\/wp\/v2\/comments?post=18492"}],"wp:attachment":[{"href":"https:\/\/uj.adatbank.ro\/lexikon\/wp-json\/wp\/v2\/media?parent=18492"}],"wp:term":[{"taxonomy":"product_brand","embeddable":true,"href":"https:\/\/uj.adatbank.ro\/lexikon\/wp-json\/wp\/v2\/product_brand?post=18492"},{"taxonomy":"product_cat","embeddable":true,"href":"https:\/\/uj.adatbank.ro\/lexikon\/wp-json\/wp\/v2\/product_cat?post=18492"},{"taxonomy":"product_tag","embeddable":true,"href":"https:\/\/uj.adatbank.ro\/lexikon\/wp-json\/wp\/v2\/product_tag?post=18492"}],"curies":[{"name":"wp","href":"https:\/\/api.w.org\/{rel}","templated":true}]}}