{"id":18496,"date":"2025-07-16T10:53:59","date_gmt":"2025-07-16T08:53:59","guid":{"rendered":"https:\/\/uj.adatbank.ro\/lexikon\/termek\/pop-simion-2\/"},"modified":"2025-07-16T10:53:59","modified_gmt":"2025-07-16T08:53:59","slug":"pop-simion-2","status":"publish","type":"product","link":"https:\/\/uj.adatbank.ro\/lexikon\/termek\/pop-simion-2\/","title":{"rendered":"POP, Simion"},"content":{"rendered":"<p>Z\u00e1gra, 1925. aug. 30., \u2020\u00a0?\u00a0: orvos, \u00edr\u00f3. \u2013 Az orvosi egyetemet Kv.-on v\u00e9gezte (1950). CFR orvos D\u00e9d\u00e1n, R\u00e9genben. A Faliboga-f\u00e9le szervezked\u00e9s I. csoportj\u00e1nak tagja. Letart\u00f3ztatt\u00e1 (1956 dec. 5). Politikai el\u00edt\u00e9lt, raboskodott Mv., Jila, Szamos\u00fajv\u00e1r, Nagyenyed-en. \u00cdr\u00f3k\u00e9nt 75 \u00e9vesen deb\u00fct\u00e1lt, tagja volt a Lucian Blaga Irodalmi K\u00f6rnek, munkat\u00e1rsa a Vatra, Tribuna c. foly\u00f3iratoknak. \u2013 <strong>F. m.:<\/strong> Scrisori albe (2001); C\u0103l\u0103torie \u00een timp: \u00eensemn\u0103ri de via\u0163\u00e2, \u00eenchisorile mele (Tg. M., 2005). <br \/><strong>Irod.:<\/strong> \u00c1ldozatok; MMK; Profiluri reghinene<\/br><\/p>\n","protected":false},"excerpt":{"rendered":"<p>Z\u00e1gra, 1925. aug. 30., \u2020\u00a0?\u00a0: orvos, \u00edr\u00f3. \u2013 Az orvosi egyetemet Kv.-on v\u00e9gezte (1950). CFR orvos D\u00e9d\u00e1n, R\u00e9genben. A Faliboga-f\u00e9le szervezked\u00e9s I. csoportj\u00e1nak tagja. Letart\u00f3ztatt\u00e1 (1956 dec. 5). Politikai el\u00edt\u00e9lt, raboskodott Mv., Jila, Szamos\u00fajv\u00e1r, Nagyenyed-en. \u00cdr\u00f3k\u00e9nt 75 \u00e9vesen deb\u00fct\u00e1lt, tagja volt a Lucian Blaga Irodalmi K\u00f6rnek, munkat\u00e1rsa a Vatra, Tribuna c. foly\u00f3iratoknak. \u2013 F. m.: [&hellip;]<\/p>\n","protected":false},"featured_media":0,"comment_status":"open","ping_status":"closed","template":"","meta":[],"product_brand":[],"product_cat":[137],"product_tag":[],"class_list":{"0":"post-18496","1":"product","2":"type-product","3":"status-publish","5":"product_cat-maros-megyei-eletrajzi-lexikon","7":"first","8":"instock","9":"shipping-taxable","10":"product-type-simple"},"_links":{"self":[{"href":"https:\/\/uj.adatbank.ro\/lexikon\/wp-json\/wp\/v2\/product\/18496","targetHints":{"allow":["GET"]}}],"collection":[{"href":"https:\/\/uj.adatbank.ro\/lexikon\/wp-json\/wp\/v2\/product"}],"about":[{"href":"https:\/\/uj.adatbank.ro\/lexikon\/wp-json\/wp\/v2\/types\/product"}],"replies":[{"embeddable":true,"href":"https:\/\/uj.adatbank.ro\/lexikon\/wp-json\/wp\/v2\/comments?post=18496"}],"wp:attachment":[{"href":"https:\/\/uj.adatbank.ro\/lexikon\/wp-json\/wp\/v2\/media?parent=18496"}],"wp:term":[{"taxonomy":"product_brand","embeddable":true,"href":"https:\/\/uj.adatbank.ro\/lexikon\/wp-json\/wp\/v2\/product_brand?post=18496"},{"taxonomy":"product_cat","embeddable":true,"href":"https:\/\/uj.adatbank.ro\/lexikon\/wp-json\/wp\/v2\/product_cat?post=18496"},{"taxonomy":"product_tag","embeddable":true,"href":"https:\/\/uj.adatbank.ro\/lexikon\/wp-json\/wp\/v2\/product_tag?post=18496"}],"curies":[{"name":"wp","href":"https:\/\/api.w.org\/{rel}","templated":true}]}}