{"id":18498,"date":"2025-07-16T10:54:03","date_gmt":"2025-07-16T08:54:03","guid":{"rendered":"https:\/\/uj.adatbank.ro\/lexikon\/termek\/pop-simion-nionu\/"},"modified":"2025-07-16T10:54:03","modified_gmt":"2025-07-16T08:54:03","slug":"pop-simion-nionu","status":"publish","type":"product","link":"https:\/\/uj.adatbank.ro\/lexikon\/termek\/pop-simion-nionu\/","title":{"rendered":"POP, Simion, Nionu"},"content":{"rendered":"<p>Farag\u00f3, 1899., \u2020 Majsz\u00edn (M\u00e1ramaros), 1944. okt.14.: egyik \u00e1ldozata a majsz\u00edni v\u00e9rengz\u00e9snek, ahol a hothyst\u00e1k 35 k\u00e9nyszermunk\u00e1ra hurcolt rom\u00e1nt \u00e9s 3 zsid\u00f3t l\u0151ttek le egy h\u00e1zban. <br \/><strong>Irod.:<\/strong> F\u0103r\u0103g\u0103u<\/br><\/p>\n","protected":false},"excerpt":{"rendered":"<p>Farag\u00f3, 1899., \u2020 Majsz\u00edn (M\u00e1ramaros), 1944. okt.14.: egyik \u00e1ldozata a majsz\u00edni v\u00e9rengz\u00e9snek, ahol a hothyst\u00e1k 35 k\u00e9nyszermunk\u00e1ra hurcolt rom\u00e1nt \u00e9s 3 zsid\u00f3t l\u0151ttek le egy h\u00e1zban. Irod.: F\u0103r\u0103g\u0103u<\/p>\n","protected":false},"featured_media":0,"comment_status":"open","ping_status":"closed","template":"","meta":[],"product_brand":[],"product_cat":[137],"product_tag":[],"class_list":{"0":"post-18498","1":"product","2":"type-product","3":"status-publish","5":"product_cat-maros-megyei-eletrajzi-lexikon","7":"first","8":"instock","9":"shipping-taxable","10":"product-type-simple"},"_links":{"self":[{"href":"https:\/\/uj.adatbank.ro\/lexikon\/wp-json\/wp\/v2\/product\/18498","targetHints":{"allow":["GET"]}}],"collection":[{"href":"https:\/\/uj.adatbank.ro\/lexikon\/wp-json\/wp\/v2\/product"}],"about":[{"href":"https:\/\/uj.adatbank.ro\/lexikon\/wp-json\/wp\/v2\/types\/product"}],"replies":[{"embeddable":true,"href":"https:\/\/uj.adatbank.ro\/lexikon\/wp-json\/wp\/v2\/comments?post=18498"}],"wp:attachment":[{"href":"https:\/\/uj.adatbank.ro\/lexikon\/wp-json\/wp\/v2\/media?parent=18498"}],"wp:term":[{"taxonomy":"product_brand","embeddable":true,"href":"https:\/\/uj.adatbank.ro\/lexikon\/wp-json\/wp\/v2\/product_brand?post=18498"},{"taxonomy":"product_cat","embeddable":true,"href":"https:\/\/uj.adatbank.ro\/lexikon\/wp-json\/wp\/v2\/product_cat?post=18498"},{"taxonomy":"product_tag","embeddable":true,"href":"https:\/\/uj.adatbank.ro\/lexikon\/wp-json\/wp\/v2\/product_tag?post=18498"}],"curies":[{"name":"wp","href":"https:\/\/api.w.org\/{rel}","templated":true}]}}