{"id":18500,"date":"2025-07-16T10:54:09","date_gmt":"2025-07-16T08:54:09","guid":{"rendered":"https:\/\/uj.adatbank.ro\/lexikon\/termek\/pop-teodor\/"},"modified":"2025-07-16T10:54:09","modified_gmt":"2025-07-16T08:54:09","slug":"pop-teodor","status":"publish","type":"product","link":"https:\/\/uj.adatbank.ro\/lexikon\/termek\/pop-teodor\/","title":{"rendered":"POP, Teodor"},"content":{"rendered":"<p>Magyarderzse, 1903. nov. 1 \u2020\u00a0?: tisztvisel\u0151. \u2013 Mv.-en a Combustibilul Kereskedelmi V\u00e1llalatn\u00e1l tisztvisel\u0151, volt katonatiszt. A Faliboga \u2013f\u00e9le \u00f6sszeesk\u00fcv\u00e9s IV. csoportj\u00e1nak tagja (1953\u2013). Letart\u00f3ztatt\u00e1k (1957 \u00e1pr. 22) El\u00edt\u00e9lt\u00e9k. <br \/><strong>Irod.:<\/strong> \u00c1ldozatok<\/br><\/p>\n","protected":false},"excerpt":{"rendered":"<p>Magyarderzse, 1903. nov. 1 \u2020\u00a0?: tisztvisel\u0151. \u2013 Mv.-en a Combustibilul Kereskedelmi V\u00e1llalatn\u00e1l tisztvisel\u0151, volt katonatiszt. A Faliboga \u2013f\u00e9le \u00f6sszeesk\u00fcv\u00e9s IV. csoportj\u00e1nak tagja (1953\u2013). Letart\u00f3ztatt\u00e1k (1957 \u00e1pr. 22) El\u00edt\u00e9lt\u00e9k. Irod.: \u00c1ldozatok<\/p>\n","protected":false},"featured_media":0,"comment_status":"open","ping_status":"closed","template":"","meta":[],"product_brand":[],"product_cat":[137],"product_tag":[],"class_list":{"0":"post-18500","1":"product","2":"type-product","3":"status-publish","5":"product_cat-maros-megyei-eletrajzi-lexikon","7":"first","8":"instock","9":"shipping-taxable","10":"product-type-simple"},"_links":{"self":[{"href":"https:\/\/uj.adatbank.ro\/lexikon\/wp-json\/wp\/v2\/product\/18500","targetHints":{"allow":["GET"]}}],"collection":[{"href":"https:\/\/uj.adatbank.ro\/lexikon\/wp-json\/wp\/v2\/product"}],"about":[{"href":"https:\/\/uj.adatbank.ro\/lexikon\/wp-json\/wp\/v2\/types\/product"}],"replies":[{"embeddable":true,"href":"https:\/\/uj.adatbank.ro\/lexikon\/wp-json\/wp\/v2\/comments?post=18500"}],"wp:attachment":[{"href":"https:\/\/uj.adatbank.ro\/lexikon\/wp-json\/wp\/v2\/media?parent=18500"}],"wp:term":[{"taxonomy":"product_brand","embeddable":true,"href":"https:\/\/uj.adatbank.ro\/lexikon\/wp-json\/wp\/v2\/product_brand?post=18500"},{"taxonomy":"product_cat","embeddable":true,"href":"https:\/\/uj.adatbank.ro\/lexikon\/wp-json\/wp\/v2\/product_cat?post=18500"},{"taxonomy":"product_tag","embeddable":true,"href":"https:\/\/uj.adatbank.ro\/lexikon\/wp-json\/wp\/v2\/product_tag?post=18500"}],"curies":[{"name":"wp","href":"https:\/\/api.w.org\/{rel}","templated":true}]}}