{"id":18502,"date":"2025-07-16T10:54:11","date_gmt":"2025-07-16T08:54:11","guid":{"rendered":"https:\/\/uj.adatbank.ro\/lexikon\/termek\/pop-teodor-pop-m-teodor\/"},"modified":"2025-07-16T10:54:11","modified_gmt":"2025-07-16T08:54:11","slug":"pop-teodor-pop-m-teodor","status":"publish","type":"product","link":"https:\/\/uj.adatbank.ro\/lexikon\/termek\/pop-teodor-pop-m-teodor\/","title":{"rendered":"POP, Teodor, Pop M.Teodor,."},"content":{"rendered":"<p>Szentmih\u00e1ly, 1856. szept. 16., \u2020\u00a01911. ut\u00e1n ?: g. kat. pap. \u2013 Bal\u00e1zsfalv\u00e1n v\u00e9gzett 6 gimn.-i oszt. (1875), majd k\u00e9t\u00e9ves teol\u00f3gi\u00e1t (1877), papp\u00e1 szentelt\u00e9k (1878. m\u00e1rc. 1.). Szentmih\u00e1lyban szolg\u00e1lt (1878. m\u00e1rc. 3.\u2013), hosszas huzavona ut\u00e1n foglalhatta el a tiszts\u00e9get, mert csak 21 \u00e9ves volt \u00e9s a hat\u00f3s\u00e1gok nem \u0151t t\u00e1mogatt\u00e1k, de a falu lakosai csak \u0151t fogadt\u00e1k el. <br \/><strong>Irod.:<\/strong> Dobozi; \u0218ematism<\/br><\/p>\n","protected":false},"excerpt":{"rendered":"<p>Szentmih\u00e1ly, 1856. szept. 16., \u2020\u00a01911. ut\u00e1n ?: g. kat. pap. \u2013 Bal\u00e1zsfalv\u00e1n v\u00e9gzett 6 gimn.-i oszt. (1875), majd k\u00e9t\u00e9ves teol\u00f3gi\u00e1t (1877), papp\u00e1 szentelt\u00e9k (1878. m\u00e1rc. 1.). Szentmih\u00e1lyban szolg\u00e1lt (1878. m\u00e1rc. 3.\u2013), hosszas huzavona ut\u00e1n foglalhatta el a tiszts\u00e9get, mert csak 21 \u00e9ves volt \u00e9s a hat\u00f3s\u00e1gok nem \u0151t t\u00e1mogatt\u00e1k, de a falu lakosai csak \u0151t [&hellip;]<\/p>\n","protected":false},"featured_media":0,"comment_status":"open","ping_status":"closed","template":"","meta":[],"product_brand":[],"product_cat":[137],"product_tag":[],"class_list":{"0":"post-18502","1":"product","2":"type-product","3":"status-publish","5":"product_cat-maros-megyei-eletrajzi-lexikon","7":"first","8":"instock","9":"shipping-taxable","10":"product-type-simple"},"_links":{"self":[{"href":"https:\/\/uj.adatbank.ro\/lexikon\/wp-json\/wp\/v2\/product\/18502","targetHints":{"allow":["GET"]}}],"collection":[{"href":"https:\/\/uj.adatbank.ro\/lexikon\/wp-json\/wp\/v2\/product"}],"about":[{"href":"https:\/\/uj.adatbank.ro\/lexikon\/wp-json\/wp\/v2\/types\/product"}],"replies":[{"embeddable":true,"href":"https:\/\/uj.adatbank.ro\/lexikon\/wp-json\/wp\/v2\/comments?post=18502"}],"wp:attachment":[{"href":"https:\/\/uj.adatbank.ro\/lexikon\/wp-json\/wp\/v2\/media?parent=18502"}],"wp:term":[{"taxonomy":"product_brand","embeddable":true,"href":"https:\/\/uj.adatbank.ro\/lexikon\/wp-json\/wp\/v2\/product_brand?post=18502"},{"taxonomy":"product_cat","embeddable":true,"href":"https:\/\/uj.adatbank.ro\/lexikon\/wp-json\/wp\/v2\/product_cat?post=18502"},{"taxonomy":"product_tag","embeddable":true,"href":"https:\/\/uj.adatbank.ro\/lexikon\/wp-json\/wp\/v2\/product_tag?post=18502"}],"curies":[{"name":"wp","href":"https:\/\/api.w.org\/{rel}","templated":true}]}}