{"id":18506,"date":"2025-07-16T10:54:19","date_gmt":"2025-07-16T08:54:19","guid":{"rendered":"https:\/\/uj.adatbank.ro\/lexikon\/termek\/pop-valer\/"},"modified":"2025-07-16T10:54:19","modified_gmt":"2025-07-16T08:54:19","slug":"pop-valer","status":"publish","type":"product","link":"https:\/\/uj.adatbank.ro\/lexikon\/termek\/pop-valer\/","title":{"rendered":"POP, Valer"},"content":{"rendered":"<p>G\u00f6demesterh\u00e1za, 1942, aug. 3. \u2020\u00a0?: muzeol\u00f3gus, tudom\u00e1nyos kutat\u00f3. \u2013 Elemi iskol\u00e1it sz\u00fcl\u0151faluj\u00e1ban (1948\u201356), a k\u00f6z\u00e9piskol\u00e1t Gyergy\u00f3v\u00e1rhegyen , az egyetemetv Kv.-on v\u00e9gzett a BBTE \u2013en rom\u00e1n-t\u00f6rt\u00e9nelem szakon. Doktor\u00e1lt. Tan\u00e1r a Bilbori \u00e1ltal\u00e1nos iskol\u00e1ban (1960\u201362); Fels\u0151orosziban (1962\u201363), G\u00f6drmesterh\u00e1z\u00e1n (1963\u201365), Palotailv\u00e1n (1968\u201375), ahol igazgat\u00f3 is. Mv.-en a megyei m\u00fazeumban golgozott (1975\u2013) mint muzeol\u00f3gus, a Nemzeti Kultur\u00e1lis \u00d6r\u00f6ks\u00e9g Hivatala Marosmegyei fi\u00f3kj\u00e1nak igazgat\u00f3ja (1975\u201388), a Mv.-i M\u00fazeum igazgat\u00f3ja (1988\u20132005), tudom\u00e1nyos kutat\u00f3 (2001\u20132007). A Marisia foly\u00f3irat f\u0151szerkeszt\u0151je (XIII-XXVIIII. k\u00f6t.) R\u00e9szt vett hazat etnogr\u00e1fiai szimpoziumokon, a Moldovai k\u00f6zt\u00e1rsas\u00e1gban is kutatott. Szak\u00e9rt\u0151je az etnogr\u00e1fiai jelleg\u0171 javaknak: \u00fcvegikonok, mesters\u00e9gek, foglalkoz\u00e1sok. 24 tematikus ki\u00e1ll\u00edt\u00e1sa volt. A legjelent\u0151sebbek: Textile-port din jud. Mure\u015f (1977); Valori de patrimoniu din jud. Mure\u015f (1977); Mobilier \u0163\u0103r\u0103nesc din Transilvania (1977); Colec\u0163iile etnografice Aurel Filimon. Expozi\u0163ie omagial\u0103 (1984); 125 de ani de la infiin\u0163area Astre (1986); Icoane pe sticl\u0103-creatori contemporani: De la colec\u0163iile Aurel Filimon la colec\u0163iile etnografice de azi (2006) Tagja a Rom\u00e1niai Etnologiai T\u00e1rsas\u00e1gnak. \u00c1llameln\u00f6ki kit\u0171ntet\u00e9sben r\u00e9szes\u00fclt a M\u00fazeumok nemzetk\u00f6zi napja alkalm\u00e1val (2004). \u2013<strong>F. m.:<\/strong> B\u0103t\u0103lia pentru Ardeal (Buc, s.a.); Ioan N. Malo\u015f (4. mai 1916\u201323 noi. 1942)(TgM, 2008), <strong>t\u00e1rssz.:<\/strong> Icoane pe sticle din Iernu\u0163eni (TgM, 2007)<br \/><strong>Irod.:<\/strong> C.l. (2000. feb. 9.), Todea 2013<\/br><\/p>\n","protected":false},"excerpt":{"rendered":"<p>G\u00f6demesterh\u00e1za, 1942, aug. 3. \u2020\u00a0?: muzeol\u00f3gus, tudom\u00e1nyos kutat\u00f3. \u2013 Elemi iskol\u00e1it sz\u00fcl\u0151faluj\u00e1ban (1948\u201356), a k\u00f6z\u00e9piskol\u00e1t Gyergy\u00f3v\u00e1rhegyen , az egyetemetv Kv.-on v\u00e9gzett a BBTE \u2013en rom\u00e1n-t\u00f6rt\u00e9nelem szakon. Doktor\u00e1lt. Tan\u00e1r a Bilbori \u00e1ltal\u00e1nos iskol\u00e1ban (1960\u201362); Fels\u0151orosziban (1962\u201363), G\u00f6drmesterh\u00e1z\u00e1n (1963\u201365), Palotailv\u00e1n (1968\u201375), ahol igazgat\u00f3 is. Mv.-en a megyei m\u00fazeumban golgozott (1975\u2013) mint muzeol\u00f3gus, a Nemzeti Kultur\u00e1lis \u00d6r\u00f6ks\u00e9g Hivatala [&hellip;]<\/p>\n","protected":false},"featured_media":0,"comment_status":"open","ping_status":"closed","template":"","meta":[],"product_brand":[],"product_cat":[137],"product_tag":[],"class_list":{"0":"post-18506","1":"product","2":"type-product","3":"status-publish","5":"product_cat-maros-megyei-eletrajzi-lexikon","7":"first","8":"instock","9":"shipping-taxable","10":"product-type-simple"},"_links":{"self":[{"href":"https:\/\/uj.adatbank.ro\/lexikon\/wp-json\/wp\/v2\/product\/18506","targetHints":{"allow":["GET"]}}],"collection":[{"href":"https:\/\/uj.adatbank.ro\/lexikon\/wp-json\/wp\/v2\/product"}],"about":[{"href":"https:\/\/uj.adatbank.ro\/lexikon\/wp-json\/wp\/v2\/types\/product"}],"replies":[{"embeddable":true,"href":"https:\/\/uj.adatbank.ro\/lexikon\/wp-json\/wp\/v2\/comments?post=18506"}],"wp:attachment":[{"href":"https:\/\/uj.adatbank.ro\/lexikon\/wp-json\/wp\/v2\/media?parent=18506"}],"wp:term":[{"taxonomy":"product_brand","embeddable":true,"href":"https:\/\/uj.adatbank.ro\/lexikon\/wp-json\/wp\/v2\/product_brand?post=18506"},{"taxonomy":"product_cat","embeddable":true,"href":"https:\/\/uj.adatbank.ro\/lexikon\/wp-json\/wp\/v2\/product_cat?post=18506"},{"taxonomy":"product_tag","embeddable":true,"href":"https:\/\/uj.adatbank.ro\/lexikon\/wp-json\/wp\/v2\/product_tag?post=18506"}],"curies":[{"name":"wp","href":"https:\/\/api.w.org\/{rel}","templated":true}]}}