{"id":18507,"date":"2025-07-16T10:54:21","date_gmt":"2025-07-16T08:54:21","guid":{"rendered":"https:\/\/uj.adatbank.ro\/lexikon\/termek\/pop-vasile\/"},"modified":"2025-07-16T10:54:21","modified_gmt":"2025-07-16T08:54:21","slug":"pop-vasile","status":"publish","type":"product","link":"https:\/\/uj.adatbank.ro\/lexikon\/termek\/pop-vasile\/","title":{"rendered":"POP Vasile"},"content":{"rendered":"<p>? \u2020\u00a0?: irodalm\u00e1r. \u2013 Irod. Breazu, Ion\u00a0: Literatura Transilvaniei (Buc., 1944); Chendi Ilarie: Direc\u0163ii literare (S.l., s.a.), G\u00e1ldi L\u00e1szl\u00f3: A mo.-i rom\u00e1n k\u00f6lt\u00e9szet a m\u00faltsz\u00e1zad m\u00e1sodik fel\u00e9ben (Bp., 1942); Georgescu-Tistu\u00a0: Bibliografia lit. Rom (Buc., 1932), Ioni\u0163iu N.: Istoria editurii rom\u00e2ne\u015fti (Buc, 1943)<\/br><\/p>\n","protected":false},"excerpt":{"rendered":"<p>? \u2020\u00a0?: irodalm\u00e1r. \u2013 Irod. Breazu, Ion\u00a0: Literatura Transilvaniei (Buc., 1944); Chendi Ilarie: Direc\u0163ii literare (S.l., s.a.), G\u00e1ldi L\u00e1szl\u00f3: A mo.-i rom\u00e1n k\u00f6lt\u00e9szet a m\u00faltsz\u00e1zad m\u00e1sodik fel\u00e9ben (Bp., 1942); Georgescu-Tistu\u00a0: Bibliografia lit. Rom (Buc., 1932), Ioni\u0163iu N.: Istoria editurii rom\u00e2ne\u015fti (Buc, 1943)<\/p>\n","protected":false},"featured_media":0,"comment_status":"open","ping_status":"closed","template":"","meta":[],"product_brand":[],"product_cat":[137],"product_tag":[],"class_list":{"0":"post-18507","1":"product","2":"type-product","3":"status-publish","5":"product_cat-maros-megyei-eletrajzi-lexikon","7":"first","8":"instock","9":"shipping-taxable","10":"product-type-simple"},"_links":{"self":[{"href":"https:\/\/uj.adatbank.ro\/lexikon\/wp-json\/wp\/v2\/product\/18507","targetHints":{"allow":["GET"]}}],"collection":[{"href":"https:\/\/uj.adatbank.ro\/lexikon\/wp-json\/wp\/v2\/product"}],"about":[{"href":"https:\/\/uj.adatbank.ro\/lexikon\/wp-json\/wp\/v2\/types\/product"}],"replies":[{"embeddable":true,"href":"https:\/\/uj.adatbank.ro\/lexikon\/wp-json\/wp\/v2\/comments?post=18507"}],"wp:attachment":[{"href":"https:\/\/uj.adatbank.ro\/lexikon\/wp-json\/wp\/v2\/media?parent=18507"}],"wp:term":[{"taxonomy":"product_brand","embeddable":true,"href":"https:\/\/uj.adatbank.ro\/lexikon\/wp-json\/wp\/v2\/product_brand?post=18507"},{"taxonomy":"product_cat","embeddable":true,"href":"https:\/\/uj.adatbank.ro\/lexikon\/wp-json\/wp\/v2\/product_cat?post=18507"},{"taxonomy":"product_tag","embeddable":true,"href":"https:\/\/uj.adatbank.ro\/lexikon\/wp-json\/wp\/v2\/product_tag?post=18507"}],"curies":[{"name":"wp","href":"https:\/\/api.w.org\/{rel}","templated":true}]}}