{"id":18509,"date":"2025-07-16T10:54:25","date_gmt":"2025-07-16T08:54:25","guid":{"rendered":"https:\/\/uj.adatbank.ro\/lexikon\/termek\/pop-vasile-3\/"},"modified":"2025-07-16T10:54:25","modified_gmt":"2025-07-16T08:54:25","slug":"pop-vasile-3","status":"publish","type":"product","link":"https:\/\/uj.adatbank.ro\/lexikon\/termek\/pop-vasile-3\/","title":{"rendered":"POP, Vasile"},"content":{"rendered":"<p>Ny\u00e1r\u00e1dszentbenedek, 1922. j\u00fal. 21., \u2020\u00a0?\u00a0: tan\u00edt\u00f3, folklorista, publicista. \u2013 Tanult sz\u00fcl\u0151faluj\u00e1ban, B\u00e1ndon, majd Mv.-en \u00e9s Iasiban v\u00e9gezte a tan\u00edt\u00f3k\u00e9pz\u0151t (1936\u201340); r\u00e9szt vett a II. vh.-ban Erd\u00e9ly felszabad\u00edt\u00e1s\u00e1\u00e9rt v\u00edvott harcokban (1944\u201345). Tan\u00edt\u00f3: Ny\u00e1r\u00e1dszentbenedeken (1945\u201348), Nagy\u00f6lyvesen, Ny\u00e1r\u00e1dszentkir\u00e1lyon, titk\u00e1ra a Marosmegyei Tan\u00fcgyi K\u00e1derek Szakszervezet\u00e9nek Mv.-en (1950\u201351), igazgat\u00f3ja a Ny\u00e1r\u00e1dszeredai Gyermekek H\u00e1z\u00e1nak (1952\u201359), tan\u00edt\u00f3 Mez\u0151b\u00e1ndon (1960\u201382). K\u00f6z\u00f6lt az: Anuarul Etnografic al Transilvaniei, Cadran Mure\u015fan, C.L., Marisia, Steaua Ro\u015fie, \u015ecoala Ardelean\u0103, Transilvania Str\u0103bun\u0103, Vatra c. periodik\u00e1kban. Alap\u00edt\u00f3tagja a Rom\u00e1niai Etnologiai T\u00e1rsas\u00e1g mv.-i fi\u00f3kj\u00e1nak. \u2013 <strong>F. m.:<\/strong> Pe Mure\u015f \u015fi pe C\u00eempie: Culegere de folclor poetic \u015fi muzical din C\u00eempia Transilvaniei (Tg.M., 1978); Asta-i sear\u0103, sear\u0103 sf\u00e2nt\u0103 : Culegere de colinde (Tg.M., 1996). <br \/><strong>Irod.:<\/strong> Datcu; MMK; Ny\u00e1r\u00e1dszentbenedek<\/br><\/p>\n","protected":false},"excerpt":{"rendered":"<p>Ny\u00e1r\u00e1dszentbenedek, 1922. j\u00fal. 21., \u2020\u00a0?\u00a0: tan\u00edt\u00f3, folklorista, publicista. \u2013 Tanult sz\u00fcl\u0151faluj\u00e1ban, B\u00e1ndon, majd Mv.-en \u00e9s Iasiban v\u00e9gezte a tan\u00edt\u00f3k\u00e9pz\u0151t (1936\u201340); r\u00e9szt vett a II. vh.-ban Erd\u00e9ly felszabad\u00edt\u00e1s\u00e1\u00e9rt v\u00edvott harcokban (1944\u201345). Tan\u00edt\u00f3: Ny\u00e1r\u00e1dszentbenedeken (1945\u201348), Nagy\u00f6lyvesen, Ny\u00e1r\u00e1dszentkir\u00e1lyon, titk\u00e1ra a Marosmegyei Tan\u00fcgyi K\u00e1derek Szakszervezet\u00e9nek Mv.-en (1950\u201351), igazgat\u00f3ja a Ny\u00e1r\u00e1dszeredai Gyermekek H\u00e1z\u00e1nak (1952\u201359), tan\u00edt\u00f3 Mez\u0151b\u00e1ndon (1960\u201382). K\u00f6z\u00f6lt az: Anuarul [&hellip;]<\/p>\n","protected":false},"featured_media":0,"comment_status":"open","ping_status":"closed","template":"","meta":[],"product_brand":[],"product_cat":[137],"product_tag":[],"class_list":{"0":"post-18509","1":"product","2":"type-product","3":"status-publish","5":"product_cat-maros-megyei-eletrajzi-lexikon","7":"first","8":"instock","9":"shipping-taxable","10":"product-type-simple"},"_links":{"self":[{"href":"https:\/\/uj.adatbank.ro\/lexikon\/wp-json\/wp\/v2\/product\/18509","targetHints":{"allow":["GET"]}}],"collection":[{"href":"https:\/\/uj.adatbank.ro\/lexikon\/wp-json\/wp\/v2\/product"}],"about":[{"href":"https:\/\/uj.adatbank.ro\/lexikon\/wp-json\/wp\/v2\/types\/product"}],"replies":[{"embeddable":true,"href":"https:\/\/uj.adatbank.ro\/lexikon\/wp-json\/wp\/v2\/comments?post=18509"}],"wp:attachment":[{"href":"https:\/\/uj.adatbank.ro\/lexikon\/wp-json\/wp\/v2\/media?parent=18509"}],"wp:term":[{"taxonomy":"product_brand","embeddable":true,"href":"https:\/\/uj.adatbank.ro\/lexikon\/wp-json\/wp\/v2\/product_brand?post=18509"},{"taxonomy":"product_cat","embeddable":true,"href":"https:\/\/uj.adatbank.ro\/lexikon\/wp-json\/wp\/v2\/product_cat?post=18509"},{"taxonomy":"product_tag","embeddable":true,"href":"https:\/\/uj.adatbank.ro\/lexikon\/wp-json\/wp\/v2\/product_tag?post=18509"}],"curies":[{"name":"wp","href":"https:\/\/api.w.org\/{rel}","templated":true}]}}