{"id":1851,"date":"2025-06-28T11:55:25","date_gmt":"2025-06-28T09:55:25","guid":{"rendered":"https:\/\/uj.adatbank.ro\/lexikon\/termek\/bajko-sandor\/"},"modified":"2025-06-28T11:55:25","modified_gmt":"2025-06-28T09:55:25","slug":"bajko-sandor","status":"publish","type":"product","link":"https:\/\/uj.adatbank.ro\/lexikon\/termek\/bajko-sandor\/","title":{"rendered":"BAJK\u00d3 S\u00e1ndor"},"content":{"rendered":"<p>Szenth\u00e1roms\u00e1g, 1911., \u2020 ? : \u00e1llami tan\u00edt\u00f3. \u2013Tanulm\u00e1nyait Mv-en \u00e9s Cs\u00edkszered\u00e1n v\u00e9gezte, oklevele megszerz\u00e9se ut\u00e1n megkezdte tan\u00edt\u00f3i m\u0171k\u00f6d\u00e9s\u00e9t (1934\u2013). \u00c1kosfalv\u00e1n tan\u00edtott (1939\u2013). <br \/><strong>Irod.:<\/strong> Sz\u00e9kelyf\u00f6ld \u00ed. k.<\/br><\/p>\n","protected":false},"excerpt":{"rendered":"<p>Szenth\u00e1roms\u00e1g, 1911., \u2020 ? : \u00e1llami tan\u00edt\u00f3. \u2013Tanulm\u00e1nyait Mv-en \u00e9s Cs\u00edkszered\u00e1n v\u00e9gezte, oklevele megszerz\u00e9se ut\u00e1n megkezdte tan\u00edt\u00f3i m\u0171k\u00f6d\u00e9s\u00e9t (1934\u2013). \u00c1kosfalv\u00e1n tan\u00edtott (1939\u2013). Irod.: Sz\u00e9kelyf\u00f6ld \u00ed. k.<\/p>\n","protected":false},"featured_media":0,"comment_status":"open","ping_status":"closed","template":"","meta":[],"product_brand":[],"product_cat":[137],"product_tag":[],"class_list":{"0":"post-1851","1":"product","2":"type-product","3":"status-publish","5":"product_cat-maros-megyei-eletrajzi-lexikon","7":"first","8":"instock","9":"shipping-taxable","10":"product-type-simple"},"_links":{"self":[{"href":"https:\/\/uj.adatbank.ro\/lexikon\/wp-json\/wp\/v2\/product\/1851","targetHints":{"allow":["GET"]}}],"collection":[{"href":"https:\/\/uj.adatbank.ro\/lexikon\/wp-json\/wp\/v2\/product"}],"about":[{"href":"https:\/\/uj.adatbank.ro\/lexikon\/wp-json\/wp\/v2\/types\/product"}],"replies":[{"embeddable":true,"href":"https:\/\/uj.adatbank.ro\/lexikon\/wp-json\/wp\/v2\/comments?post=1851"}],"wp:attachment":[{"href":"https:\/\/uj.adatbank.ro\/lexikon\/wp-json\/wp\/v2\/media?parent=1851"}],"wp:term":[{"taxonomy":"product_brand","embeddable":true,"href":"https:\/\/uj.adatbank.ro\/lexikon\/wp-json\/wp\/v2\/product_brand?post=1851"},{"taxonomy":"product_cat","embeddable":true,"href":"https:\/\/uj.adatbank.ro\/lexikon\/wp-json\/wp\/v2\/product_cat?post=1851"},{"taxonomy":"product_tag","embeddable":true,"href":"https:\/\/uj.adatbank.ro\/lexikon\/wp-json\/wp\/v2\/product_tag?post=1851"}],"curies":[{"name":"wp","href":"https:\/\/api.w.org\/{rel}","templated":true}]}}