{"id":18511,"date":"2025-07-16T10:54:31","date_gmt":"2025-07-16T08:54:31","guid":{"rendered":"https:\/\/uj.adatbank.ro\/lexikon\/termek\/pop-vasile-5\/"},"modified":"2025-07-16T10:54:31","modified_gmt":"2025-07-16T08:54:31","slug":"pop-vasile-5","status":"publish","type":"product","link":"https:\/\/uj.adatbank.ro\/lexikon\/termek\/pop-vasile-5\/","title":{"rendered":"POP, Vasile"},"content":{"rendered":"<p>Mez\u0151gerebenes, 1945. aug.10. \u2020 Mez\u0151gerebenes, 2000. j\u00fal.13.: tan\u00e1r, feltal\u00e1l\u00f3. \u2013 Az elemi iskol\u00e1t a sz\u00fcl\u0151faluban, l\u00edc.-ot Ludason (1959\u201363), Kv.-on a Pedag\u00f3giai F\u0151iskola matematika szak\u00e1n (1963\u201366), majd a Bolyai Egyetemen matematika szak\u00e1n v\u00e9gzett (1967\u201372). Mez\u0151gerebenes matematikatan\u00e1ra (1966\u20132000) \u00e9s k\u00f6zponti iskolaigazgat\u00f3 (1973\u2013). Korszer\u0171s\u00edti az iskol\u00e1t, g\u00e1zt, iv\u00f3vizet vezetett be, aszfaltozta a k\u00f6rny\u00e9ket, matematika kabinetet l\u00e9tes\u00edtett, megszervezte az iskola 245. \u00e9vfordul\u00f3j\u00e1t. Minden tan\u00fcgyi fokozati visg\u00e1t letett: v\u00e9gleges\u00edt\u0151 (1969), II-es fokozat (1977), I-es fokozat (1984). Feltal\u00e1l\u00f3 oklevelet kapott (Certificat de inventator) a \u201eCamera de ardere pentru motoare Disel rapide\u201d tal\u00e1lm\u00e1ny\u00e1\u00e9rt. Tan\u00e1ri kit\u00fcntet\u00e9st (Profesor Evidentiat) kapott. <br \/><strong>Irod.:<\/strong> Dasc\u0103li mure\u015feni, 1.<\/br><\/p>\n","protected":false},"excerpt":{"rendered":"<p>Mez\u0151gerebenes, 1945. aug.10. \u2020 Mez\u0151gerebenes, 2000. j\u00fal.13.: tan\u00e1r, feltal\u00e1l\u00f3. \u2013 Az elemi iskol\u00e1t a sz\u00fcl\u0151faluban, l\u00edc.-ot Ludason (1959\u201363), Kv.-on a Pedag\u00f3giai F\u0151iskola matematika szak\u00e1n (1963\u201366), majd a Bolyai Egyetemen matematika szak\u00e1n v\u00e9gzett (1967\u201372). Mez\u0151gerebenes matematikatan\u00e1ra (1966\u20132000) \u00e9s k\u00f6zponti iskolaigazgat\u00f3 (1973\u2013). Korszer\u0171s\u00edti az iskol\u00e1t, g\u00e1zt, iv\u00f3vizet vezetett be, aszfaltozta a k\u00f6rny\u00e9ket, matematika kabinetet l\u00e9tes\u00edtett, megszervezte az [&hellip;]<\/p>\n","protected":false},"featured_media":0,"comment_status":"open","ping_status":"closed","template":"","meta":[],"product_brand":[],"product_cat":[137],"product_tag":[],"class_list":{"0":"post-18511","1":"product","2":"type-product","3":"status-publish","5":"product_cat-maros-megyei-eletrajzi-lexikon","7":"first","8":"instock","9":"shipping-taxable","10":"product-type-simple"},"_links":{"self":[{"href":"https:\/\/uj.adatbank.ro\/lexikon\/wp-json\/wp\/v2\/product\/18511","targetHints":{"allow":["GET"]}}],"collection":[{"href":"https:\/\/uj.adatbank.ro\/lexikon\/wp-json\/wp\/v2\/product"}],"about":[{"href":"https:\/\/uj.adatbank.ro\/lexikon\/wp-json\/wp\/v2\/types\/product"}],"replies":[{"embeddable":true,"href":"https:\/\/uj.adatbank.ro\/lexikon\/wp-json\/wp\/v2\/comments?post=18511"}],"wp:attachment":[{"href":"https:\/\/uj.adatbank.ro\/lexikon\/wp-json\/wp\/v2\/media?parent=18511"}],"wp:term":[{"taxonomy":"product_brand","embeddable":true,"href":"https:\/\/uj.adatbank.ro\/lexikon\/wp-json\/wp\/v2\/product_brand?post=18511"},{"taxonomy":"product_cat","embeddable":true,"href":"https:\/\/uj.adatbank.ro\/lexikon\/wp-json\/wp\/v2\/product_cat?post=18511"},{"taxonomy":"product_tag","embeddable":true,"href":"https:\/\/uj.adatbank.ro\/lexikon\/wp-json\/wp\/v2\/product_tag?post=18511"}],"curies":[{"name":"wp","href":"https:\/\/api.w.org\/{rel}","templated":true}]}}