{"id":18515,"date":"2025-07-16T10:54:43","date_gmt":"2025-07-16T08:54:43","guid":{"rendered":"https:\/\/uj.adatbank.ro\/lexikon\/termek\/pop-victor-popa-victor\/"},"modified":"2025-07-16T10:54:43","modified_gmt":"2025-07-16T08:54:43","slug":"pop-victor-popa-victor","status":"publish","type":"product","link":"https:\/\/uj.adatbank.ro\/lexikon\/termek\/pop-victor-popa-victor\/","title":{"rendered":"POP Victor, Popa Victor"},"content":{"rendered":"<p>Lack\u00f3d, 1899. j\u00fal. 3., \u2020 Mv., 1996. m\u00e1j. 23..: k\u00e1ntor, mindk\u00e9t vh. veter\u00e1nja. \u2013 P. Victor \u00e9s Andr\u00e1ssy Julia. Gyermekeik:Magdalena (1928\u20131980), Hortenzia (1930. szept. 23.\u2013), Viorica Laura (1932. febr. 11.\u2013), Ioan Octavian )1939. jun.14.) Victor (1942. \u00e1pr. 23.\u20132012). \u2013 A templomi zen\u00e9sz iskol\u00e1t v\u00e9gzett Bal\u00e1zsfalv\u00e1n. Az osztr.- m. hadsereg 50. gyalogezred\u00e9nek katon\u00e1jak\u00e9nt a gyulafeh\u00e9rv\u00e1ri egyes\u00fcl\u00e9si n\u00e9pgy\u0171l\u00e9sen az \u0151rs\u00e9gben v\u00e9gzett szolg\u00e1latot a Mihai Viteazul v\u00e1r kapuj\u00e1ban, biztos\u00edtva a rendet \u00e9s nyugalmat (1918. dec. 1.). R\u00e9szt vett a II. vh.-ban, a marosorb\u00f3i harcokban is. T\u00fal\u00e9lte a majszini (M\u00e1ramaros) v\u00e9rengz\u00e9st (1944. okt. 14), ahol csak megsebes\u00fclt, \u00e9s halottnak hitt\u00e9k. A h\u00e1bor\u00fa ut\u00e1n Ny\u00e1r\u00e1dszered\u00e1ban \u00e9lt, majd Mv.-re k\u00f6lt\u00f6z\u00f6tt (1970\u2013). <br \/><strong>Irod.:<\/strong> csal\u00e1di inf.; F\u0103r\u0103g\u0103u; Suciu<\/br><\/p>\n","protected":false},"excerpt":{"rendered":"<p>Lack\u00f3d, 1899. j\u00fal. 3., \u2020 Mv., 1996. m\u00e1j. 23..: k\u00e1ntor, mindk\u00e9t vh. veter\u00e1nja. \u2013 P. Victor \u00e9s Andr\u00e1ssy Julia. Gyermekeik:Magdalena (1928\u20131980), Hortenzia (1930. szept. 23.\u2013), Viorica Laura (1932. febr. 11.\u2013), Ioan Octavian )1939. jun.14.) Victor (1942. \u00e1pr. 23.\u20132012). \u2013 A templomi zen\u00e9sz iskol\u00e1t v\u00e9gzett Bal\u00e1zsfalv\u00e1n. Az osztr.- m. hadsereg 50. gyalogezred\u00e9nek katon\u00e1jak\u00e9nt a gyulafeh\u00e9rv\u00e1ri egyes\u00fcl\u00e9si [&hellip;]<\/p>\n","protected":false},"featured_media":0,"comment_status":"open","ping_status":"closed","template":"","meta":[],"product_brand":[],"product_cat":[137],"product_tag":[],"class_list":{"0":"post-18515","1":"product","2":"type-product","3":"status-publish","5":"product_cat-maros-megyei-eletrajzi-lexikon","7":"first","8":"instock","9":"shipping-taxable","10":"product-type-simple"},"_links":{"self":[{"href":"https:\/\/uj.adatbank.ro\/lexikon\/wp-json\/wp\/v2\/product\/18515","targetHints":{"allow":["GET"]}}],"collection":[{"href":"https:\/\/uj.adatbank.ro\/lexikon\/wp-json\/wp\/v2\/product"}],"about":[{"href":"https:\/\/uj.adatbank.ro\/lexikon\/wp-json\/wp\/v2\/types\/product"}],"replies":[{"embeddable":true,"href":"https:\/\/uj.adatbank.ro\/lexikon\/wp-json\/wp\/v2\/comments?post=18515"}],"wp:attachment":[{"href":"https:\/\/uj.adatbank.ro\/lexikon\/wp-json\/wp\/v2\/media?parent=18515"}],"wp:term":[{"taxonomy":"product_brand","embeddable":true,"href":"https:\/\/uj.adatbank.ro\/lexikon\/wp-json\/wp\/v2\/product_brand?post=18515"},{"taxonomy":"product_cat","embeddable":true,"href":"https:\/\/uj.adatbank.ro\/lexikon\/wp-json\/wp\/v2\/product_cat?post=18515"},{"taxonomy":"product_tag","embeddable":true,"href":"https:\/\/uj.adatbank.ro\/lexikon\/wp-json\/wp\/v2\/product_tag?post=18515"}],"curies":[{"name":"wp","href":"https:\/\/api.w.org\/{rel}","templated":true}]}}