{"id":18516,"date":"2025-07-16T10:54:47","date_gmt":"2025-07-16T08:54:47","guid":{"rendered":"https:\/\/uj.adatbank.ro\/lexikon\/termek\/pop-zaharie-pop-zaharia\/"},"modified":"2025-07-16T10:54:47","modified_gmt":"2025-07-16T08:54:47","slug":"pop-zaharie-pop-zaharia","status":"publish","type":"product","link":"https:\/\/uj.adatbank.ro\/lexikon\/termek\/pop-zaharie-pop-zaharia\/","title":{"rendered":"POP Zaharie, Pop Zaharia"},"content":{"rendered":"<p>G\u00f6rg\u00e9nys\u00f3akna, 1851. m\u00e1rc. 24., \u2020 ?: g. kat. pap. \u2013 Bal\u00e1zsfalv\u00e1n v\u00e9gzett gimn.-i \u00e9s k\u00e9t\u00e9ves teol\u00f3giai tanulm\u00e1nyokat, papp\u00e1 szentelt\u00e9k (1874). Adorj\u00e1nban seg\u00e9dpapk\u00e9nt szolg\u00e1lt (1883\u201396). Konfliktusba keveredett a saj\u00e1t \u00e9desanyj\u00e1val elhalt apja \u00f6r\u00f6ks\u00e9g\u00e9nek eloszt\u00e1sa miatt, k\u00e9s\u0151bb a h\u00edvek h\u00e1zass\u00e1gt\u00f6r\u00e9ssel \u00e9s alkoholizmussal v\u00e1dolt\u00e1k. A konziszt\u00f3rium a feljelent\u00e9sek alapj\u00e1n menesztette papi \u00e1ll\u00e1s\u00e1b\u00f3l (1894). K\u00f6b\u00f6lk\u00fatba helyezt\u00e9k gondnoknak (1896). <br \/><strong>Irod.:<\/strong> Dobozi; \u0218ematism<\/br><\/p>\n","protected":false},"excerpt":{"rendered":"<p>G\u00f6rg\u00e9nys\u00f3akna, 1851. m\u00e1rc. 24., \u2020 ?: g. kat. pap. \u2013 Bal\u00e1zsfalv\u00e1n v\u00e9gzett gimn.-i \u00e9s k\u00e9t\u00e9ves teol\u00f3giai tanulm\u00e1nyokat, papp\u00e1 szentelt\u00e9k (1874). Adorj\u00e1nban seg\u00e9dpapk\u00e9nt szolg\u00e1lt (1883\u201396). Konfliktusba keveredett a saj\u00e1t \u00e9desanyj\u00e1val elhalt apja \u00f6r\u00f6ks\u00e9g\u00e9nek eloszt\u00e1sa miatt, k\u00e9s\u0151bb a h\u00edvek h\u00e1zass\u00e1gt\u00f6r\u00e9ssel \u00e9s alkoholizmussal v\u00e1dolt\u00e1k. A konziszt\u00f3rium a feljelent\u00e9sek alapj\u00e1n menesztette papi \u00e1ll\u00e1s\u00e1b\u00f3l (1894). K\u00f6b\u00f6lk\u00fatba helyezt\u00e9k gondnoknak (1896). Irod.: [&hellip;]<\/p>\n","protected":false},"featured_media":0,"comment_status":"open","ping_status":"closed","template":"","meta":[],"product_brand":[],"product_cat":[137],"product_tag":[],"class_list":{"0":"post-18516","1":"product","2":"type-product","3":"status-publish","5":"product_cat-maros-megyei-eletrajzi-lexikon","7":"first","8":"instock","9":"shipping-taxable","10":"product-type-simple"},"_links":{"self":[{"href":"https:\/\/uj.adatbank.ro\/lexikon\/wp-json\/wp\/v2\/product\/18516","targetHints":{"allow":["GET"]}}],"collection":[{"href":"https:\/\/uj.adatbank.ro\/lexikon\/wp-json\/wp\/v2\/product"}],"about":[{"href":"https:\/\/uj.adatbank.ro\/lexikon\/wp-json\/wp\/v2\/types\/product"}],"replies":[{"embeddable":true,"href":"https:\/\/uj.adatbank.ro\/lexikon\/wp-json\/wp\/v2\/comments?post=18516"}],"wp:attachment":[{"href":"https:\/\/uj.adatbank.ro\/lexikon\/wp-json\/wp\/v2\/media?parent=18516"}],"wp:term":[{"taxonomy":"product_brand","embeddable":true,"href":"https:\/\/uj.adatbank.ro\/lexikon\/wp-json\/wp\/v2\/product_brand?post=18516"},{"taxonomy":"product_cat","embeddable":true,"href":"https:\/\/uj.adatbank.ro\/lexikon\/wp-json\/wp\/v2\/product_cat?post=18516"},{"taxonomy":"product_tag","embeddable":true,"href":"https:\/\/uj.adatbank.ro\/lexikon\/wp-json\/wp\/v2\/product_tag?post=18516"}],"curies":[{"name":"wp","href":"https:\/\/api.w.org\/{rel}","templated":true}]}}