{"id":18517,"date":"2025-07-16T10:54:51","date_gmt":"2025-07-16T08:54:51","guid":{"rendered":"https:\/\/uj.adatbank.ro\/lexikon\/termek\/pop-zaharie\/"},"modified":"2025-07-16T10:54:51","modified_gmt":"2025-07-16T08:54:51","slug":"pop-zaharie","status":"publish","type":"product","link":"https:\/\/uj.adatbank.ro\/lexikon\/termek\/pop-zaharie\/","title":{"rendered":"POP, Zaharie"},"content":{"rendered":"<p>Oroszf\u00e1ja, 1797., \u2020 K\u00fck\u00fcll\u0151magyar\u00f3s, 1878.: g\u00f6r\u00f6g kat. pap. \u2013 K\u00f6z\u00e9piskol\u00e1t Mv.-en, teol\u00f3gi\u00e1t Bal\u00e1zsfalv\u00e1n v\u00e9gzett (1818), tan\u00edtott Bal\u00e1zsfalv\u00e1n (1818\u201319), majd hal\u00e1l\u00e1ig pl\u00e9b\u00e1nos K\u00fck\u00fcll\u0151magyar\u00f3son. <br \/><strong>Irod.:<\/strong> Com\u015fa\u2013Seiceanu; Todea 2013<\/br><\/p>\n","protected":false},"excerpt":{"rendered":"<p>Oroszf\u00e1ja, 1797., \u2020 K\u00fck\u00fcll\u0151magyar\u00f3s, 1878.: g\u00f6r\u00f6g kat. pap. \u2013 K\u00f6z\u00e9piskol\u00e1t Mv.-en, teol\u00f3gi\u00e1t Bal\u00e1zsfalv\u00e1n v\u00e9gzett (1818), tan\u00edtott Bal\u00e1zsfalv\u00e1n (1818\u201319), majd hal\u00e1l\u00e1ig pl\u00e9b\u00e1nos K\u00fck\u00fcll\u0151magyar\u00f3son. Irod.: Com\u015fa\u2013Seiceanu; Todea 2013<\/p>\n","protected":false},"featured_media":0,"comment_status":"open","ping_status":"closed","template":"","meta":[],"product_brand":[],"product_cat":[137],"product_tag":[],"class_list":{"0":"post-18517","1":"product","2":"type-product","3":"status-publish","5":"product_cat-maros-megyei-eletrajzi-lexikon","7":"first","8":"instock","9":"shipping-taxable","10":"product-type-simple"},"_links":{"self":[{"href":"https:\/\/uj.adatbank.ro\/lexikon\/wp-json\/wp\/v2\/product\/18517","targetHints":{"allow":["GET"]}}],"collection":[{"href":"https:\/\/uj.adatbank.ro\/lexikon\/wp-json\/wp\/v2\/product"}],"about":[{"href":"https:\/\/uj.adatbank.ro\/lexikon\/wp-json\/wp\/v2\/types\/product"}],"replies":[{"embeddable":true,"href":"https:\/\/uj.adatbank.ro\/lexikon\/wp-json\/wp\/v2\/comments?post=18517"}],"wp:attachment":[{"href":"https:\/\/uj.adatbank.ro\/lexikon\/wp-json\/wp\/v2\/media?parent=18517"}],"wp:term":[{"taxonomy":"product_brand","embeddable":true,"href":"https:\/\/uj.adatbank.ro\/lexikon\/wp-json\/wp\/v2\/product_brand?post=18517"},{"taxonomy":"product_cat","embeddable":true,"href":"https:\/\/uj.adatbank.ro\/lexikon\/wp-json\/wp\/v2\/product_cat?post=18517"},{"taxonomy":"product_tag","embeddable":true,"href":"https:\/\/uj.adatbank.ro\/lexikon\/wp-json\/wp\/v2\/product_tag?post=18517"}],"curies":[{"name":"wp","href":"https:\/\/api.w.org\/{rel}","templated":true}]}}