{"id":18518,"date":"2025-07-16T10:54:53","date_gmt":"2025-07-16T08:54:53","guid":{"rendered":"https:\/\/uj.adatbank.ro\/lexikon\/termek\/pop-zaharie-2\/"},"modified":"2025-07-16T10:54:53","modified_gmt":"2025-07-16T08:54:53","slug":"pop-zaharie-2","status":"publish","type":"product","link":"https:\/\/uj.adatbank.ro\/lexikon\/termek\/pop-zaharie-2\/","title":{"rendered":"POP, Zaharie"},"content":{"rendered":"<p>G\u00f6rg\u00e9nyadorj\u00e1n, 1890. m\u00e1j.4., \u2020 J\u00f3h\u00e1za (Maramaros) kolostor, 1919. m\u00e1rc. 4.: g. kat. pap. \u2013 Tanult Sz\u00e1szr\u00e9genben a sz\u00e1sz l\u00edc.-ban, Bal\u00e1zsfalv\u00e1n, majd teol\u00f3gi\u00e1t hallgatott Bp.(1910\u201313), B\u00e9csben (1914); filoz\u00f3fiai doktor\u00e1tust tett (1916). B\u00f6rt\u00f6nben volt Szegeden; pl\u00e9b\u00e1nos Orl\u00e1ton (Szeben). Sz\u00e1mos cikket \u00edrt. \u2013 <strong>F. m.:<\/strong> M\u0103ria sa Vinarsul (Lugos, ). <br \/><strong>Irod.:<\/strong> Albu, N.: Dr. Zaharie Pop un erou \u015fi martir al neamului (Blaj, 1943); Com\u015fa; Reghin, Protopopiat; Sigmirean<\/br><\/p>\n","protected":false},"excerpt":{"rendered":"<p>G\u00f6rg\u00e9nyadorj\u00e1n, 1890. m\u00e1j.4., \u2020 J\u00f3h\u00e1za (Maramaros) kolostor, 1919. m\u00e1rc. 4.: g. kat. pap. \u2013 Tanult Sz\u00e1szr\u00e9genben a sz\u00e1sz l\u00edc.-ban, Bal\u00e1zsfalv\u00e1n, majd teol\u00f3gi\u00e1t hallgatott Bp.(1910\u201313), B\u00e9csben (1914); filoz\u00f3fiai doktor\u00e1tust tett (1916). B\u00f6rt\u00f6nben volt Szegeden; pl\u00e9b\u00e1nos Orl\u00e1ton (Szeben). Sz\u00e1mos cikket \u00edrt. \u2013 F. m.: M\u0103ria sa Vinarsul (Lugos, ). Irod.: Albu, N.: Dr. Zaharie Pop un erou [&hellip;]<\/p>\n","protected":false},"featured_media":0,"comment_status":"open","ping_status":"closed","template":"","meta":[],"product_brand":[],"product_cat":[137],"product_tag":[],"class_list":{"0":"post-18518","1":"product","2":"type-product","3":"status-publish","5":"product_cat-maros-megyei-eletrajzi-lexikon","7":"first","8":"instock","9":"shipping-taxable","10":"product-type-simple"},"_links":{"self":[{"href":"https:\/\/uj.adatbank.ro\/lexikon\/wp-json\/wp\/v2\/product\/18518","targetHints":{"allow":["GET"]}}],"collection":[{"href":"https:\/\/uj.adatbank.ro\/lexikon\/wp-json\/wp\/v2\/product"}],"about":[{"href":"https:\/\/uj.adatbank.ro\/lexikon\/wp-json\/wp\/v2\/types\/product"}],"replies":[{"embeddable":true,"href":"https:\/\/uj.adatbank.ro\/lexikon\/wp-json\/wp\/v2\/comments?post=18518"}],"wp:attachment":[{"href":"https:\/\/uj.adatbank.ro\/lexikon\/wp-json\/wp\/v2\/media?parent=18518"}],"wp:term":[{"taxonomy":"product_brand","embeddable":true,"href":"https:\/\/uj.adatbank.ro\/lexikon\/wp-json\/wp\/v2\/product_brand?post=18518"},{"taxonomy":"product_cat","embeddable":true,"href":"https:\/\/uj.adatbank.ro\/lexikon\/wp-json\/wp\/v2\/product_cat?post=18518"},{"taxonomy":"product_tag","embeddable":true,"href":"https:\/\/uj.adatbank.ro\/lexikon\/wp-json\/wp\/v2\/product_tag?post=18518"}],"curies":[{"name":"wp","href":"https:\/\/api.w.org\/{rel}","templated":true}]}}