{"id":1852,"date":"2025-06-28T11:55:27","date_gmt":"2025-06-28T09:55:27","guid":{"rendered":"https:\/\/uj.adatbank.ro\/lexikon\/termek\/bajko-sandor-bajko-alexandru\/"},"modified":"2025-06-28T11:55:27","modified_gmt":"2025-06-28T09:55:27","slug":"bajko-sandor-bajko-alexandru","status":"publish","type":"product","link":"https:\/\/uj.adatbank.ro\/lexikon\/termek\/bajko-sandor-bajko-alexandru\/","title":{"rendered":"BAJK\u00d3 S\u00e1ndor, Bajk\u00f3 Alexandru"},"content":{"rendered":"<p>? \u2020\u00a0? : agr\u00e1rm\u00e9rn\u00f6k. \u2013 MAT k\u00e9pvisel\u0151je a NNGY-ben (1957. febr. 3.), agr\u00e1rm\u00e9rn\u00f6k az erd\u0151szentgy\u00f6rgyi N\u00e9ptan\u00e1csn\u00e1l. <br \/><strong>Irod.:<\/strong> Cri\u015fan<\/br><\/p>\n","protected":false},"excerpt":{"rendered":"<p>? \u2020\u00a0? : agr\u00e1rm\u00e9rn\u00f6k. \u2013 MAT k\u00e9pvisel\u0151je a NNGY-ben (1957. febr. 3.), agr\u00e1rm\u00e9rn\u00f6k az erd\u0151szentgy\u00f6rgyi N\u00e9ptan\u00e1csn\u00e1l. Irod.: Cri\u015fan<\/p>\n","protected":false},"featured_media":0,"comment_status":"open","ping_status":"closed","template":"","meta":[],"product_brand":[],"product_cat":[137],"product_tag":[],"class_list":{"0":"post-1852","1":"product","2":"type-product","3":"status-publish","5":"product_cat-maros-megyei-eletrajzi-lexikon","7":"first","8":"instock","9":"shipping-taxable","10":"product-type-simple"},"_links":{"self":[{"href":"https:\/\/uj.adatbank.ro\/lexikon\/wp-json\/wp\/v2\/product\/1852","targetHints":{"allow":["GET"]}}],"collection":[{"href":"https:\/\/uj.adatbank.ro\/lexikon\/wp-json\/wp\/v2\/product"}],"about":[{"href":"https:\/\/uj.adatbank.ro\/lexikon\/wp-json\/wp\/v2\/types\/product"}],"replies":[{"embeddable":true,"href":"https:\/\/uj.adatbank.ro\/lexikon\/wp-json\/wp\/v2\/comments?post=1852"}],"wp:attachment":[{"href":"https:\/\/uj.adatbank.ro\/lexikon\/wp-json\/wp\/v2\/media?parent=1852"}],"wp:term":[{"taxonomy":"product_brand","embeddable":true,"href":"https:\/\/uj.adatbank.ro\/lexikon\/wp-json\/wp\/v2\/product_brand?post=1852"},{"taxonomy":"product_cat","embeddable":true,"href":"https:\/\/uj.adatbank.ro\/lexikon\/wp-json\/wp\/v2\/product_cat?post=1852"},{"taxonomy":"product_tag","embeddable":true,"href":"https:\/\/uj.adatbank.ro\/lexikon\/wp-json\/wp\/v2\/product_tag?post=1852"}],"curies":[{"name":"wp","href":"https:\/\/api.w.org\/{rel}","templated":true}]}}