{"id":18520,"date":"2025-07-16T10:54:58","date_gmt":"2025-07-16T08:54:58","guid":{"rendered":"https:\/\/uj.adatbank.ro\/lexikon\/termek\/popa-bazil-vasile\/"},"modified":"2025-07-16T10:54:58","modified_gmt":"2025-07-16T08:54:58","slug":"popa-bazil-vasile","status":"publish","type":"product","link":"https:\/\/uj.adatbank.ro\/lexikon\/termek\/popa-bazil-vasile\/","title":{"rendered":"POPA, (Bazil) Vasile"},"content":{"rendered":"<p>? \u2020\u00a0?: ort. pap. \u2013 Cs\u0171d\u0151telk\u00e9n szolg\u00e1lt (1928\u201338). Nev\u00e9hez f\u0171z\u0151dik a kor\u00e1bban elkezdett ort. templom fel\u00e9p\u00edt\u00e9se. A terveket a dics\u0151szentm\u00e1rtoni Ambrus \u00e9s Kov\u00e1cs k\u00e9sz\u00edtett\u00e9k, az \u00e9p\u00edtkez\u00e9st Surinya Bal\u00e1zs vezette. Felszentelte Vasile Stan, szebeni vik\u00e1riusp\u00fcsp\u00f6k. Ikonoszt\u00e1sz\u00e1t G\u00f6rg\u00e9nyb\u0151l hozt\u00e1k. <br \/><strong>Irod.:<\/strong> T\u00e2rn\u0103veni, cult.- ist.<\/br><\/p>\n","protected":false},"excerpt":{"rendered":"<p>? \u2020\u00a0?: ort. pap. \u2013 Cs\u0171d\u0151telk\u00e9n szolg\u00e1lt (1928\u201338). Nev\u00e9hez f\u0171z\u0151dik a kor\u00e1bban elkezdett ort. templom fel\u00e9p\u00edt\u00e9se. A terveket a dics\u0151szentm\u00e1rtoni Ambrus \u00e9s Kov\u00e1cs k\u00e9sz\u00edtett\u00e9k, az \u00e9p\u00edtkez\u00e9st Surinya Bal\u00e1zs vezette. Felszentelte Vasile Stan, szebeni vik\u00e1riusp\u00fcsp\u00f6k. Ikonoszt\u00e1sz\u00e1t G\u00f6rg\u00e9nyb\u0151l hozt\u00e1k. Irod.: T\u00e2rn\u0103veni, cult.- ist.<\/p>\n","protected":false},"featured_media":0,"comment_status":"open","ping_status":"closed","template":"","meta":[],"product_brand":[],"product_cat":[137],"product_tag":[],"class_list":{"0":"post-18520","1":"product","2":"type-product","3":"status-publish","5":"product_cat-maros-megyei-eletrajzi-lexikon","7":"first","8":"instock","9":"shipping-taxable","10":"product-type-simple"},"_links":{"self":[{"href":"https:\/\/uj.adatbank.ro\/lexikon\/wp-json\/wp\/v2\/product\/18520","targetHints":{"allow":["GET"]}}],"collection":[{"href":"https:\/\/uj.adatbank.ro\/lexikon\/wp-json\/wp\/v2\/product"}],"about":[{"href":"https:\/\/uj.adatbank.ro\/lexikon\/wp-json\/wp\/v2\/types\/product"}],"replies":[{"embeddable":true,"href":"https:\/\/uj.adatbank.ro\/lexikon\/wp-json\/wp\/v2\/comments?post=18520"}],"wp:attachment":[{"href":"https:\/\/uj.adatbank.ro\/lexikon\/wp-json\/wp\/v2\/media?parent=18520"}],"wp:term":[{"taxonomy":"product_brand","embeddable":true,"href":"https:\/\/uj.adatbank.ro\/lexikon\/wp-json\/wp\/v2\/product_brand?post=18520"},{"taxonomy":"product_cat","embeddable":true,"href":"https:\/\/uj.adatbank.ro\/lexikon\/wp-json\/wp\/v2\/product_cat?post=18520"},{"taxonomy":"product_tag","embeddable":true,"href":"https:\/\/uj.adatbank.ro\/lexikon\/wp-json\/wp\/v2\/product_tag?post=18520"}],"curies":[{"name":"wp","href":"https:\/\/api.w.org\/{rel}","templated":true}]}}