{"id":18522,"date":"2025-07-16T10:55:05","date_gmt":"2025-07-16T08:55:05","guid":{"rendered":"https:\/\/uj.adatbank.ro\/lexikon\/termek\/popa-alexandru\/"},"modified":"2025-07-16T10:55:05","modified_gmt":"2025-07-16T08:55:05","slug":"popa-alexandru","status":"publish","type":"product","link":"https:\/\/uj.adatbank.ro\/lexikon\/termek\/popa-alexandru\/","title":{"rendered":"POPA, Alexandru"},"content":{"rendered":"<p>Vidr\u00e1tszeg, 1930. j\u00f3l. 23., \u2020 Gyulafeh\u00e9rv\u00e1r, 1985. febr. 8.: t\u00f6rt\u00e9n\u00e9sz, muzeogr\u00e1fus. \u2013 A k\u00f6z\u00e9piskol\u00e1t Dics\u0151szentm\u00e1rtonban \u00e9s Mv.-en, az egyetemet Kv.-on v\u00e9gezte t\u00f6rt\u00e9nelem szakon (1954); doktor\u00e1lt (1980). Tan\u00e1r \u00e9s muzeol\u00f3gus Gyulafeh\u00e9rv\u00e1ron az Egyes\u00fcl\u00e9s M\u00fazeumban (\u20131971). Az Apulum c. foly\u00f3irat szerkeszt\u0151je. Tanulm\u00e1nyai szakfoly\u00f3iratokban jelentek meg. <br \/><strong>Irod.:<\/strong> Jud. Alba<\/br><\/p>\n","protected":false},"excerpt":{"rendered":"<p>Vidr\u00e1tszeg, 1930. j\u00f3l. 23., \u2020 Gyulafeh\u00e9rv\u00e1r, 1985. febr. 8.: t\u00f6rt\u00e9n\u00e9sz, muzeogr\u00e1fus. \u2013 A k\u00f6z\u00e9piskol\u00e1t Dics\u0151szentm\u00e1rtonban \u00e9s Mv.-en, az egyetemet Kv.-on v\u00e9gezte t\u00f6rt\u00e9nelem szakon (1954); doktor\u00e1lt (1980). Tan\u00e1r \u00e9s muzeol\u00f3gus Gyulafeh\u00e9rv\u00e1ron az Egyes\u00fcl\u00e9s M\u00fazeumban (\u20131971). Az Apulum c. foly\u00f3irat szerkeszt\u0151je. Tanulm\u00e1nyai szakfoly\u00f3iratokban jelentek meg. Irod.: Jud. Alba<\/p>\n","protected":false},"featured_media":0,"comment_status":"open","ping_status":"closed","template":"","meta":[],"product_brand":[],"product_cat":[137],"product_tag":[],"class_list":{"0":"post-18522","1":"product","2":"type-product","3":"status-publish","5":"product_cat-maros-megyei-eletrajzi-lexikon","7":"first","8":"instock","9":"shipping-taxable","10":"product-type-simple"},"_links":{"self":[{"href":"https:\/\/uj.adatbank.ro\/lexikon\/wp-json\/wp\/v2\/product\/18522","targetHints":{"allow":["GET"]}}],"collection":[{"href":"https:\/\/uj.adatbank.ro\/lexikon\/wp-json\/wp\/v2\/product"}],"about":[{"href":"https:\/\/uj.adatbank.ro\/lexikon\/wp-json\/wp\/v2\/types\/product"}],"replies":[{"embeddable":true,"href":"https:\/\/uj.adatbank.ro\/lexikon\/wp-json\/wp\/v2\/comments?post=18522"}],"wp:attachment":[{"href":"https:\/\/uj.adatbank.ro\/lexikon\/wp-json\/wp\/v2\/media?parent=18522"}],"wp:term":[{"taxonomy":"product_brand","embeddable":true,"href":"https:\/\/uj.adatbank.ro\/lexikon\/wp-json\/wp\/v2\/product_brand?post=18522"},{"taxonomy":"product_cat","embeddable":true,"href":"https:\/\/uj.adatbank.ro\/lexikon\/wp-json\/wp\/v2\/product_cat?post=18522"},{"taxonomy":"product_tag","embeddable":true,"href":"https:\/\/uj.adatbank.ro\/lexikon\/wp-json\/wp\/v2\/product_tag?post=18522"}],"curies":[{"name":"wp","href":"https:\/\/api.w.org\/{rel}","templated":true}]}}