{"id":18525,"date":"2025-07-16T10:55:13","date_gmt":"2025-07-16T08:55:13","guid":{"rendered":"https:\/\/uj.adatbank.ro\/lexikon\/termek\/popa-ariton-m-%c2%a7-popa-m-ariton\/"},"modified":"2025-07-16T10:55:13","modified_gmt":"2025-07-16T08:55:13","slug":"popa-ariton-m-%c2%a7-popa-m-ariton","status":"publish","type":"product","link":"https:\/\/uj.adatbank.ro\/lexikon\/termek\/popa-ariton-m-%c2%a7-popa-m-ariton\/","title":{"rendered":"POPA, Ariton, M.\u00a7; Popa M. Ariton"},"content":{"rendered":"<p>Hossz\u00fapatak, 1871. \u00e1pr. 15., \u2020 Sz\u00e1szr\u00e9gen, 1946. \u00e1pr. 14.: g. kat. lelk\u00e9sz, esperes, k\u00e9pvisel\u0151. \u2013 Tanult Bal\u00e1zsfalv\u00e1n \u00e9s \u00e9retts\u00e9gizett (1891), a teol\u00f3gi\u00e1t Bp.-en v\u00e9gzett a MKE teol\u00f3gia fakult\u00e1s\u00e1n (1891\u201395). Megn\u0151s\u00fclt. Papp\u00e1 szentelt\u00e9k Bal\u00e1zsfalv\u00e1n (1896. nov. 25.). Tan\u00edt\u00f3 Bucsonyban, Magyarb\u00e9ny\u00e9n (1896), seg\u00e9dk\u00e1pl\u00e1n, lelk\u00e9szi gondnok (1898\u2013); Detunata Bank \u00fcgyvezet\u0151 igazgat\u00f3ja (1898\u20131905). G. kat. esperes R\u00e9genben (1905\u2013). A rom\u00e1n kultur\u00e1lis \u00e9let fellend\u00edt\u0151je lett.T\u00e1mogatta a rom\u00e1n iskol\u00e1kat, szorgalmazta az iparosok \u00f6sszefog\u00e1s\u00e1t, a sz\u00f6vetkezetek l\u00e9tes\u00edt\u00e9s\u00e9t. Kapcsolatot tartott a d\u00e9li megy\u00e9k \u00e1rtelmis\u00e9g\u00e9vel \u00e9s a Neamul Rom\u00e2n c. \u00fajs\u00e1ggal. Fels\u0151r\u00e1kosra intern\u00e1lt\u00e1k (1916\u201317). Hazat\u00e9rve intenz\u00edv munk\u00e1t folytatott az egyes\u00fcl\u00e9s \u00e9rdek\u00e9ben, \u0151 szerkesztette a Fra\u0163ii Rom\u00e2ni felh\u00edv\u00e1st, r\u00e9szt vett a k\u00fcld\u00f6tt g\u00ed\u0171l\u00e9seken ahol lelkes sz\u00f3noklatokat tartott; hivatalos k\u00fcld\u00f6tt volt a gyulafeh\u00e9rv\u00e1ri nagygy\u0171l\u00e9sen (1918. dec. 1.).. Az \u00fajj\u00e1szervezett Astra-nak aleln\u00f6ke lett (1923). Tagja a Rom\u00e1n Tan\u00edt\u00f3k Egyes\u00fclet\u00e9nek, az Astra-nak (1875\u2013), ahol el\u0151ad\u00e1sokat is tartott; k\u00f6nyvt\u00e1rakat l\u00e9tes\u00edtett Bucsonyban, Magyarb\u00e9ny\u00e9n, Hossz\u00fapatakon, tagja volt a Rom\u00e1n Sz\u00ednh\u00e1zi Alap l\u00e9tes\u00edt\u00e9s\u00e9re l\u00e9trehozott t\u00e1rsas\u00e1gnak; n\u0151egyleteket szervezett. Lerakta az alapjait a Rom\u00e1n Iparosok Egyes\u00fclet\u00e9nek. Tagja volt a Rom\u00e1n Nemzeti P\u00e1rt, majd a Nemzeti -Paraszt P\u00e1rtnak, parlamenti k\u00e9pvisel\u0151 (1929\u201330). \u00c9rdemei elismer\u00e9sek\u00e9nt tb. kanonoknak nevezt\u00e9k ki. K\u00f6z\u00f6lt a: Foaia \u015ecolastic\u0103, Gazeta Transilvaniei, Unirea, Libertatea, P\u0103storul sufletesc, Revista teatral\u0103, Sem\u0103n\u0103torul -ban. Ford\u00edtott m. nyelvr\u0151l t\u00f6bb egyh\u00e1zi \u00e9s vall\u00e1sos m\u0171vet. S\u00edreml\u00e9ke a sz\u00e1szr\u00e9geni ortodox temet\u0151ben (1946), \u201eB\u201d kateg\u00f3ri\u00e1j\u00fa m\u0171eml\u00e9k. \u2013 <strong>F. m.:<\/strong> Mica monografie a Reghinului (1931), <strong>t\u00e1rssz.:<\/strong> Prinos memoriei regretatul canonic Dr. Aug. Bubea (Cluj, 1910). <br \/><strong>Irod.:<\/strong> Bosoanc\u0103; Dan, Maria: Protopopul Aritron M. Popa (Tg.M., 2006); F\u00fcl\u00f6p\u2013Ferencz; Gazeta Regh, (1994. dec.); Id\u0151t\u00e1r 2; Id\u0151t\u00e1r 3; Marea unire dela 1. dec. 1918 (Buc., 1943); Netea: Astra; Popa, Traian: Tg.M.; Pusztai-Polpovits J\u00f3zsef: Rom\u00e1n kult\u00far\u00e9let \u00c9szak-Erd\u00e9lyben (P\u00e9cs, 1942); Profiluri reghinene; Regh. cult. 2.; S\u00e4chsisch-Regen; Sigmirean; Stanca, Sebastian: Conribu\u0163ia preo\u0163imei rom\u00e2ne din Ardeal la r\u0103sboiul pentru intregirea neamului (Cluj., 1925); \u0218ematism; Todea 2013; Todea\u2013F\u00fcl\u00f6p\u2013Avram, Ana: Protopopul Reghinului, A. M. Popa: Biobibliografie (Libraria, 7., 2008); Valori mure\u015fene de patrimoniu<\/br><\/p>\n","protected":false},"excerpt":{"rendered":"<p>Hossz\u00fapatak, 1871. \u00e1pr. 15., \u2020 Sz\u00e1szr\u00e9gen, 1946. \u00e1pr. 14.: g. kat. lelk\u00e9sz, esperes, k\u00e9pvisel\u0151. \u2013 Tanult Bal\u00e1zsfalv\u00e1n \u00e9s \u00e9retts\u00e9gizett (1891), a teol\u00f3gi\u00e1t Bp.-en v\u00e9gzett a MKE teol\u00f3gia fakult\u00e1s\u00e1n (1891\u201395). Megn\u0151s\u00fclt. Papp\u00e1 szentelt\u00e9k Bal\u00e1zsfalv\u00e1n (1896. nov. 25.). Tan\u00edt\u00f3 Bucsonyban, Magyarb\u00e9ny\u00e9n (1896), seg\u00e9dk\u00e1pl\u00e1n, lelk\u00e9szi gondnok (1898\u2013); Detunata Bank \u00fcgyvezet\u0151 igazgat\u00f3ja (1898\u20131905). G. kat. esperes R\u00e9genben (1905\u2013). A [&hellip;]<\/p>\n","protected":false},"featured_media":0,"comment_status":"open","ping_status":"closed","template":"","meta":[],"product_brand":[],"product_cat":[137],"product_tag":[],"class_list":{"0":"post-18525","1":"product","2":"type-product","3":"status-publish","5":"product_cat-maros-megyei-eletrajzi-lexikon","7":"first","8":"instock","9":"shipping-taxable","10":"product-type-simple"},"_links":{"self":[{"href":"https:\/\/uj.adatbank.ro\/lexikon\/wp-json\/wp\/v2\/product\/18525","targetHints":{"allow":["GET"]}}],"collection":[{"href":"https:\/\/uj.adatbank.ro\/lexikon\/wp-json\/wp\/v2\/product"}],"about":[{"href":"https:\/\/uj.adatbank.ro\/lexikon\/wp-json\/wp\/v2\/types\/product"}],"replies":[{"embeddable":true,"href":"https:\/\/uj.adatbank.ro\/lexikon\/wp-json\/wp\/v2\/comments?post=18525"}],"wp:attachment":[{"href":"https:\/\/uj.adatbank.ro\/lexikon\/wp-json\/wp\/v2\/media?parent=18525"}],"wp:term":[{"taxonomy":"product_brand","embeddable":true,"href":"https:\/\/uj.adatbank.ro\/lexikon\/wp-json\/wp\/v2\/product_brand?post=18525"},{"taxonomy":"product_cat","embeddable":true,"href":"https:\/\/uj.adatbank.ro\/lexikon\/wp-json\/wp\/v2\/product_cat?post=18525"},{"taxonomy":"product_tag","embeddable":true,"href":"https:\/\/uj.adatbank.ro\/lexikon\/wp-json\/wp\/v2\/product_tag?post=18525"}],"curies":[{"name":"wp","href":"https:\/\/api.w.org\/{rel}","templated":true}]}}